{"id":514,"date":"2024-08-21T18:42:46","date_gmt":"2024-08-21T16:42:46","guid":{"rendered":"https:\/\/rings4wings.muskedeer-wip.be\/?post_type=product&#038;p=514"},"modified":"2026-01-23T10:43:51","modified_gmt":"2026-01-23T09:43:51","slug":"cartes-didentite-pour-porte-cartes-10-pcs","status":"publish","type":"product","link":"https:\/\/rings4wings.com\/fr\/produits\/equipement-du-cage-et-plus\/cartes-didentite-pour-porte-cartes-10-pcs\/","title":{"rendered":"Cartes d'identit\u00e9 pour porte-cartes (10 pi\u00e8ces)"},"content":{"rendered":"<p>Cartes d'identit\u00e9 pour <a href=\"\/fr\/produits\/equipement-du-cage-et-plus\/titulaire-de-la-carte-didentite\/\">titulaire de la carte<\/a> (10 pi\u00e8ces)<\/p>\n<p>Dimensions : 120\u00d760 mm<\/p>","protected":false},"excerpt":{"rendered":"<p>Cartes d'identit\u00e9 pour porte-cartes (10 pi\u00e8ces) Dimensions : 120\u00d760 mm<\/p>","protected":false},"featured_media":517,"template":"","meta":{"_acf_changed":false,"inline_featured_image":false},"product_brand":[],"product_cat":[22],"product_tag":[],"class_list":{"0":"post-514","1":"product","2":"type-product","3":"status-publish","4":"has-post-thumbnail","6":"product_cat-hokinrichting","8":"first","9":"instock","10":"taxable","11":"shipping-taxable","12":"purchasable","13":"product-type-simple"},"acf":[],"yoast_head":"<!-- This site is optimized with the Yoast SEO plugin v27.3 - https:\/\/yoast.com\/product\/yoast-seo-wordpress\/ -->\n<title>ID-kaartjes voor kaarthouder (10 stuks) - Rings4Wings<\/title>\n<meta name=\"description\" content=\"ID-kaartjes voor kaarthouder (10 stuks) Afmetingen: 120x60 mm\" \/>\n<meta name=\"robots\" content=\"index, follow, max-snippet:-1, max-image-preview:large, max-video-preview:-1\" \/>\n<link rel=\"canonical\" href=\"https:\/\/rings4wings.com\/fr\/produits\/equipement-du-cage-et-plus\/cartes-didentite-pour-porte-cartes-10-pcs\/\" \/>\n<meta property=\"og:locale\" content=\"fr_FR\" \/>\n<meta property=\"og:type\" content=\"article\" \/>\n<meta property=\"og:title\" content=\"ID-kaartjes voor kaarthouder (10 stuks) - Rings4Wings\" \/>\n<meta property=\"og:description\" content=\"ID-kaartjes voor kaarthouder (10 stuks) Afmetingen: 120x60 mm\" \/>\n<meta property=\"og:url\" content=\"https:\/\/rings4wings.com\/fr\/produits\/equipement-du-cage-et-plus\/cartes-didentite-pour-porte-cartes-10-pcs\/\" \/>\n<meta property=\"og:site_name\" content=\"Rings4Wings\" \/>\n<meta property=\"article:modified_time\" content=\"2026-01-23T09:43:51+00:00\" \/>\n<meta property=\"og:image\" content=\"https:\/\/rings4wings.com\/wp-content\/uploads\/2024\/08\/920IDCK_1024x1024.webp\" \/>\n\t<meta property=\"og:image:width\" content=\"1008\" \/>\n\t<meta property=\"og:image:height\" content=\"490\" \/>\n\t<meta property=\"og:image:type\" content=\"image\/webp\" \/>\n<meta name=\"twitter:card\" content=\"summary_large_image\" \/>\n<meta name=\"twitter:label1\" content=\"Dur\u00e9e de lecture estim\u00e9e\" \/>\n\t<meta name=\"twitter:data1\" content=\"1 minute\" \/>\n<script type=\"application\/ld+json\" class=\"yoast-schema-graph\">{\"@context\":\"https:\\\/\\\/schema.org\",\"@graph\":[{\"@type\":\"WebPage\",\"@id\":\"https:\\\/\\\/rings4wings.com\\\/producten\\\/hokinrichting\\\/id-kaartjes-voor-kaarthouder-10-stuks\\\/\",\"url\":\"https:\\\/\\\/rings4wings.com\\\/producten\\\/hokinrichting\\\/id-kaartjes-voor-kaarthouder-10-stuks\\\/\",\"name\":\"ID-kaartjes voor kaarthouder (10 stuks) - Rings4Wings\",\"isPartOf\":{\"@id\":\"https:\\\/\\\/rings4wings.com\\\/nl\\\/#website\"},\"primaryImageOfPage\":{\"@id\":\"https:\\\/\\\/rings4wings.com\\\/producten\\\/hokinrichting\\\/id-kaartjes-voor-kaarthouder-10-stuks\\\/#primaryimage\"},\"image\":{\"@id\":\"https:\\\/\\\/rings4wings.com\\\/producten\\\/hokinrichting\\\/id-kaartjes-voor-kaarthouder-10-stuks\\\/#primaryimage\"},\"thumbnailUrl\":\"https:\\\/\\\/rings4wings.com\\\/wp-content\\\/uploads\\\/2024\\\/08\\\/920IDCK_1024x1024.webp\",\"datePublished\":\"2024-08-21T16:42:46+00:00\",\"dateModified\":\"2026-01-23T09:43:51+00:00\",\"description\":\"ID-kaartjes voor kaarthouder (10 stuks) Afmetingen: 120x60 mm\",\"breadcrumb\":{\"@id\":\"https:\\\/\\\/rings4wings.com\\\/producten\\\/hokinrichting\\\/id-kaartjes-voor-kaarthouder-10-stuks\\\/#breadcrumb\"},\"inLanguage\":\"fr-FR\",\"potentialAction\":[{\"@type\":\"ReadAction\",\"target\":[\"https:\\\/\\\/rings4wings.com\\\/producten\\\/hokinrichting\\\/id-kaartjes-voor-kaarthouder-10-stuks\\\/\"]}]},{\"@type\":\"ImageObject\",\"inLanguage\":\"fr-FR\",\"@id\":\"https:\\\/\\\/rings4wings.com\\\/producten\\\/hokinrichting\\\/id-kaartjes-voor-kaarthouder-10-stuks\\\/#primaryimage\",\"url\":\"https:\\\/\\\/rings4wings.com\\\/wp-content\\\/uploads\\\/2024\\\/08\\\/920IDCK_1024x1024.webp\",\"contentUrl\":\"https:\\\/\\\/rings4wings.com\\\/wp-content\\\/uploads\\\/2024\\\/08\\\/920IDCK_1024x1024.webp\",\"width\":1008,\"height\":490},{\"@type\":\"BreadcrumbList\",\"@id\":\"https:\\\/\\\/rings4wings.com\\\/producten\\\/hokinrichting\\\/id-kaartjes-voor-kaarthouder-10-stuks\\\/#breadcrumb\",\"itemListElement\":[{\"@type\":\"ListItem\",\"position\":1,\"name\":\"Home\",\"item\":\"https:\\\/\\\/rings4wings.com\\\/nl\\\/\"},{\"@type\":\"ListItem\",\"position\":2,\"name\":\"Webshop\",\"item\":\"https:\\\/\\\/rings4wings.com\\\/en\\\/products\\\/\"},{\"@type\":\"ListItem\",\"position\":3,\"name\":\"Hokinrichting &amp; meer\",\"item\":\"https:\\\/\\\/rings4wings.com\\\/nl\\\/aanbod\\\/hokinrichting\\\/\"},{\"@type\":\"ListItem\",\"position\":4,\"name\":\"ID-kaartjes voor kaarthouder (10 stuks)\"}]},{\"@type\":\"WebSite\",\"@id\":\"https:\\\/\\\/rings4wings.com\\\/nl\\\/#website\",\"url\":\"https:\\\/\\\/rings4wings.com\\\/nl\\\/\",\"name\":\"Rings4Wings\",\"description\":\"\",\"potentialAction\":[{\"@type\":\"SearchAction\",\"target\":{\"@type\":\"EntryPoint\",\"urlTemplate\":\"https:\\\/\\\/rings4wings.com\\\/nl\\\/?s={search_term_string}\"},\"query-input\":{\"@type\":\"PropertyValueSpecification\",\"valueRequired\":true,\"valueName\":\"search_term_string\"}}],\"inLanguage\":\"fr-FR\"}]}<\/script>\n<!-- \/ Yoast SEO plugin. -->","yoast_head_json":{"title":"Cartes d'identit\u00e9 pour porte-cartes (10 pi\u00e8ces) - Rings4Wings","description":"Cartes d'identit\u00e9 pour porte-cartes (10 pi\u00e8ces) Dimensions : 120x60 mm","robots":{"index":"index","follow":"follow","max-snippet":"max-snippet:-1","max-image-preview":"max-image-preview:large","max-video-preview":"max-video-preview:-1"},"canonical":"https:\/\/rings4wings.com\/fr\/produits\/equipement-du-cage-et-plus\/cartes-didentite-pour-porte-cartes-10-pcs\/","og_locale":"fr_FR","og_type":"article","og_title":"ID-kaartjes voor kaarthouder (10 stuks) - Rings4Wings","og_description":"ID-kaartjes voor kaarthouder (10 stuks) Afmetingen: 120x60 mm","og_url":"https:\/\/rings4wings.com\/fr\/produits\/equipement-du-cage-et-plus\/cartes-didentite-pour-porte-cartes-10-pcs\/","og_site_name":"Rings4Wings","article_modified_time":"2026-01-23T09:43:51+00:00","og_image":[{"width":1008,"height":490,"url":"https:\/\/rings4wings.com\/wp-content\/uploads\/2024\/08\/920IDCK_1024x1024.webp","type":"image\/webp"}],"twitter_card":"summary_large_image","twitter_misc":{"Dur\u00e9e de lecture estim\u00e9e":"1 minute"},"schema":{"@context":"https:\/\/schema.org","@graph":[{"@type":"WebPage","@id":"https:\/\/rings4wings.com\/producten\/hokinrichting\/id-kaartjes-voor-kaarthouder-10-stuks\/","url":"https:\/\/rings4wings.com\/producten\/hokinrichting\/id-kaartjes-voor-kaarthouder-10-stuks\/","name":"Cartes d'identit\u00e9 pour porte-cartes (10 pi\u00e8ces) - Rings4Wings","isPartOf":{"@id":"https:\/\/rings4wings.com\/nl\/#website"},"primaryImageOfPage":{"@id":"https:\/\/rings4wings.com\/producten\/hokinrichting\/id-kaartjes-voor-kaarthouder-10-stuks\/#primaryimage"},"image":{"@id":"https:\/\/rings4wings.com\/producten\/hokinrichting\/id-kaartjes-voor-kaarthouder-10-stuks\/#primaryimage"},"thumbnailUrl":"https:\/\/rings4wings.com\/wp-content\/uploads\/2024\/08\/920IDCK_1024x1024.webp","datePublished":"2024-08-21T16:42:46+00:00","dateModified":"2026-01-23T09:43:51+00:00","description":"Cartes d'identit\u00e9 pour porte-cartes (10 pi\u00e8ces) Dimensions : 120x60 mm","breadcrumb":{"@id":"https:\/\/rings4wings.com\/producten\/hokinrichting\/id-kaartjes-voor-kaarthouder-10-stuks\/#breadcrumb"},"inLanguage":"fr-FR","potentialAction":[{"@type":"ReadAction","target":["https:\/\/rings4wings.com\/producten\/hokinrichting\/id-kaartjes-voor-kaarthouder-10-stuks\/"]}]},{"@type":"ImageObject","inLanguage":"fr-FR","@id":"https:\/\/rings4wings.com\/producten\/hokinrichting\/id-kaartjes-voor-kaarthouder-10-stuks\/#primaryimage","url":"https:\/\/rings4wings.com\/wp-content\/uploads\/2024\/08\/920IDCK_1024x1024.webp","contentUrl":"https:\/\/rings4wings.com\/wp-content\/uploads\/2024\/08\/920IDCK_1024x1024.webp","width":1008,"height":490},{"@type":"BreadcrumbList","@id":"https:\/\/rings4wings.com\/producten\/hokinrichting\/id-kaartjes-voor-kaarthouder-10-stuks\/#breadcrumb","itemListElement":[{"@type":"ListItem","position":1,"name":"Home","item":"https:\/\/rings4wings.com\/nl\/"},{"@type":"ListItem","position":2,"name":"Webshop","item":"https:\/\/rings4wings.com\/en\/products\/"},{"@type":"ListItem","position":3,"name":"Hokinrichting &amp; meer","item":"https:\/\/rings4wings.com\/nl\/aanbod\/hokinrichting\/"},{"@type":"ListItem","position":4,"name":"ID-kaartjes voor kaarthouder (10 stuks)"}]},{"@type":"WebSite","@id":"https:\/\/rings4wings.com\/nl\/#website","url":"https:\/\/rings4wings.com\/nl\/","name":"Rings4Wings","description":"","potentialAction":[{"@type":"SearchAction","target":{"@type":"EntryPoint","urlTemplate":"https:\/\/rings4wings.com\/nl\/?s={search_term_string}"},"query-input":{"@type":"PropertyValueSpecification","valueRequired":true,"valueName":"search_term_string"}}],"inLanguage":"fr-FR"}]}},"jetpack_sharing_enabled":true,"_links":{"self":[{"href":"https:\/\/rings4wings.com\/fr\/wp-json\/wp\/v2\/product\/514","targetHints":{"allow":["GET"]}}],"collection":[{"href":"https:\/\/rings4wings.com\/fr\/wp-json\/wp\/v2\/product"}],"about":[{"href":"https:\/\/rings4wings.com\/fr\/wp-json\/wp\/v2\/types\/product"}],"wp:featuredmedia":[{"embeddable":true,"href":"https:\/\/rings4wings.com\/fr\/wp-json\/wp\/v2\/media\/517"}],"wp:attachment":[{"href":"https:\/\/rings4wings.com\/fr\/wp-json\/wp\/v2\/media?parent=514"}],"wp:term":[{"taxonomy":"product_brand","embeddable":true,"href":"https:\/\/rings4wings.com\/fr\/wp-json\/wp\/v2\/product_brand?post=514"},{"taxonomy":"product_cat","embeddable":true,"href":"https:\/\/rings4wings.com\/fr\/wp-json\/wp\/v2\/product_cat?post=514"},{"taxonomy":"product_tag","embeddable":true,"href":"https:\/\/rings4wings.com\/fr\/wp-json\/wp\/v2\/product_tag?post=514"}],"curies":[{"name":"wp","href":"https:\/\/api.w.org\/{rel}","templated":true}]}}