{"id":506,"date":"2024-08-21T18:39:10","date_gmt":"2024-08-21T16:39:10","guid":{"rendered":"https:\/\/rings4wings.muskedeer-wip.be\/?post_type=product&#038;p=506"},"modified":"2026-01-23T10:45:44","modified_gmt":"2026-01-23T09:45:44","slug":"porte-etiquette-didentification","status":"publish","type":"product","link":"https:\/\/rings4wings.com\/fr\/produits\/equipement-du-cage-et-plus\/porte-etiquette-didentification\/","title":{"rendered":"Porte-\u00e9tiquette d'identification"},"content":{"rendered":"<p>Porte-\u00e9tiquette pour les cages TT<\/p>\n<p><strong><span style=\"color: red;\">Plus de r\u00e9sidus de colle sur vos cages !<\/span><\/strong><\/p>\n<p>A partir de maintenant, collez votre \u00e9tiquette proprement sur le porte-\u00e9tiquette.<\/p>\n<p>Retirer l'\u00e9tiquette ? Il suffit de jeter le support dans l'eau et l'\u00e9tiquette s'enl\u00e8vera d'elle-m\u00eame !<\/p>\n<p>Le support est fix\u00e9 sous le front. <strong>Approuv\u00e9 par les f\u00e9d\u00e9rations pour les expositions<\/strong>.<\/p>\n<p>Dimensions : 120\u00d750 mm<\/p>","protected":false},"excerpt":{"rendered":"<p>Porte-\u00e9tiquette pour les cages TT Fini les r\u00e9sidus de colle tenaces sur vos cages ! D\u00e9sormais, collez votre \u00e9tiquette proprement sur le porte-\u00e9tiquette. Comment enlever l'\u00e9tiquette ? Il suffit de jeter le porte-\u00e9tiquette dans l'eau et l'\u00e9tiquette se d\u00e9tache automatiquement ! Le porte-\u00e9tiquette est fix\u00e9 sous la fa\u00e7ade. Approuv\u00e9 par les f\u00e9d\u00e9rations pour les expositions. Dimensions : 120\u00d750 mm<\/p>","protected":false},"featured_media":510,"template":"","meta":{"_acf_changed":false,"inline_featured_image":false},"product_brand":[],"product_cat":[22],"product_tag":[],"class_list":{"0":"post-506","1":"product","2":"type-product","3":"status-publish","4":"has-post-thumbnail","6":"product_cat-hokinrichting","8":"first","9":"instock","10":"taxable","11":"shipping-taxable","12":"purchasable","13":"product-type-simple"},"acf":[],"yoast_head":"<!-- This site is optimized with the Yoast SEO plugin v27.3 - https:\/\/yoast.com\/product\/yoast-seo-wordpress\/ -->\n<title>ID-etikethouder voor vogelkooien - Niet langer lijmen - Rings4Wings<\/title>\n<meta name=\"description\" content=\"Voorkom met deze etikethouder hardnekkige lijmresten op je kooien. Veel federaties en tentoonstellingen hebben deze houder reeds goedgekeurd!\" \/>\n<meta name=\"robots\" content=\"index, follow, max-snippet:-1, max-image-preview:large, max-video-preview:-1\" \/>\n<link rel=\"canonical\" href=\"https:\/\/rings4wings.com\/fr\/produits\/equipement-du-cage-et-plus\/porte-etiquette-didentification\/\" \/>\n<meta property=\"og:locale\" content=\"fr_FR\" \/>\n<meta property=\"og:type\" content=\"article\" \/>\n<meta property=\"og:title\" content=\"ID-etikethouder voor vogelkooien - Niet langer lijmen - Rings4Wings\" \/>\n<meta property=\"og:description\" content=\"Voorkom met deze etikethouder hardnekkige lijmresten op je kooien. Veel federaties en tentoonstellingen hebben deze houder reeds goedgekeurd!\" \/>\n<meta property=\"og:url\" content=\"https:\/\/rings4wings.com\/fr\/produits\/equipement-du-cage-et-plus\/porte-etiquette-didentification\/\" \/>\n<meta property=\"og:site_name\" content=\"Rings4Wings\" \/>\n<meta property=\"article:modified_time\" content=\"2026-01-23T09:45:44+00:00\" \/>\n<meta property=\"og:image\" content=\"https:\/\/rings4wings.com\/wp-content\/uploads\/2024\/08\/www.rings4wings_2c7ed2a4-0fcc-4c82-b1fe-035ffa291fd4_1024x1024.webp\" \/>\n\t<meta property=\"og:image:width\" content=\"400\" \/>\n\t<meta property=\"og:image:height\" content=\"267\" \/>\n\t<meta property=\"og:image:type\" content=\"image\/webp\" \/>\n<meta name=\"twitter:card\" content=\"summary_large_image\" \/>\n<meta name=\"twitter:label1\" content=\"Dur\u00e9e de lecture estim\u00e9e\" \/>\n\t<meta name=\"twitter:data1\" content=\"1 minute\" \/>\n<script type=\"application\/ld+json\" class=\"yoast-schema-graph\">{\"@context\":\"https:\\\/\\\/schema.org\",\"@graph\":[{\"@type\":\"WebPage\",\"@id\":\"https:\\\/\\\/rings4wings.com\\\/producten\\\/hokinrichting\\\/id-etikethouder\\\/\",\"url\":\"https:\\\/\\\/rings4wings.com\\\/producten\\\/hokinrichting\\\/id-etikethouder\\\/\",\"name\":\"ID-etikethouder voor vogelkooien - Niet langer lijmen - Rings4Wings\",\"isPartOf\":{\"@id\":\"https:\\\/\\\/rings4wings.com\\\/nl\\\/#website\"},\"primaryImageOfPage\":{\"@id\":\"https:\\\/\\\/rings4wings.com\\\/producten\\\/hokinrichting\\\/id-etikethouder\\\/#primaryimage\"},\"image\":{\"@id\":\"https:\\\/\\\/rings4wings.com\\\/producten\\\/hokinrichting\\\/id-etikethouder\\\/#primaryimage\"},\"thumbnailUrl\":\"https:\\\/\\\/rings4wings.com\\\/wp-content\\\/uploads\\\/2024\\\/08\\\/www.rings4wings_2c7ed2a4-0fcc-4c82-b1fe-035ffa291fd4_1024x1024.webp\",\"datePublished\":\"2024-08-21T16:39:10+00:00\",\"dateModified\":\"2026-01-23T09:45:44+00:00\",\"description\":\"Voorkom met deze etikethouder hardnekkige lijmresten op je kooien. Veel federaties en tentoonstellingen hebben deze houder reeds goedgekeurd!\",\"breadcrumb\":{\"@id\":\"https:\\\/\\\/rings4wings.com\\\/producten\\\/hokinrichting\\\/id-etikethouder\\\/#breadcrumb\"},\"inLanguage\":\"fr-FR\",\"potentialAction\":[{\"@type\":\"ReadAction\",\"target\":[\"https:\\\/\\\/rings4wings.com\\\/producten\\\/hokinrichting\\\/id-etikethouder\\\/\"]}]},{\"@type\":\"ImageObject\",\"inLanguage\":\"fr-FR\",\"@id\":\"https:\\\/\\\/rings4wings.com\\\/producten\\\/hokinrichting\\\/id-etikethouder\\\/#primaryimage\",\"url\":\"https:\\\/\\\/rings4wings.com\\\/wp-content\\\/uploads\\\/2024\\\/08\\\/www.rings4wings_2c7ed2a4-0fcc-4c82-b1fe-035ffa291fd4_1024x1024.webp\",\"contentUrl\":\"https:\\\/\\\/rings4wings.com\\\/wp-content\\\/uploads\\\/2024\\\/08\\\/www.rings4wings_2c7ed2a4-0fcc-4c82-b1fe-035ffa291fd4_1024x1024.webp\",\"width\":400,\"height\":267},{\"@type\":\"BreadcrumbList\",\"@id\":\"https:\\\/\\\/rings4wings.com\\\/producten\\\/hokinrichting\\\/id-etikethouder\\\/#breadcrumb\",\"itemListElement\":[{\"@type\":\"ListItem\",\"position\":1,\"name\":\"Home\",\"item\":\"https:\\\/\\\/rings4wings.com\\\/nl\\\/\"},{\"@type\":\"ListItem\",\"position\":2,\"name\":\"Webshop\",\"item\":\"https:\\\/\\\/rings4wings.com\\\/en\\\/products\\\/\"},{\"@type\":\"ListItem\",\"position\":3,\"name\":\"Hokinrichting &amp; meer\",\"item\":\"https:\\\/\\\/rings4wings.com\\\/nl\\\/aanbod\\\/hokinrichting\\\/\"},{\"@type\":\"ListItem\",\"position\":4,\"name\":\"ID-etikethouder\"}]},{\"@type\":\"WebSite\",\"@id\":\"https:\\\/\\\/rings4wings.com\\\/nl\\\/#website\",\"url\":\"https:\\\/\\\/rings4wings.com\\\/nl\\\/\",\"name\":\"Rings4Wings\",\"description\":\"\",\"potentialAction\":[{\"@type\":\"SearchAction\",\"target\":{\"@type\":\"EntryPoint\",\"urlTemplate\":\"https:\\\/\\\/rings4wings.com\\\/nl\\\/?s={search_term_string}\"},\"query-input\":{\"@type\":\"PropertyValueSpecification\",\"valueRequired\":true,\"valueName\":\"search_term_string\"}}],\"inLanguage\":\"fr-FR\"}]}<\/script>\n<!-- \/ Yoast SEO plugin. -->","yoast_head_json":{"title":"Porte-\u00e9tiquette pour cages d'oiseaux - Plus besoin de coller - Rings4Wings","description":"Pr\u00e9venez les r\u00e9sidus de colle sur vos cages gr\u00e2ce \u00e0 ce porte-\u00e9tiquette. De nombreuses f\u00e9d\u00e9rations et expositions ont d\u00e9j\u00e0 approuv\u00e9 ce porte-\u00e9tiquette !","robots":{"index":"index","follow":"follow","max-snippet":"max-snippet:-1","max-image-preview":"max-image-preview:large","max-video-preview":"max-video-preview:-1"},"canonical":"https:\/\/rings4wings.com\/fr\/produits\/equipement-du-cage-et-plus\/porte-etiquette-didentification\/","og_locale":"fr_FR","og_type":"article","og_title":"ID-etikethouder voor vogelkooien - Niet langer lijmen - Rings4Wings","og_description":"Voorkom met deze etikethouder hardnekkige lijmresten op je kooien. Veel federaties en tentoonstellingen hebben deze houder reeds goedgekeurd!","og_url":"https:\/\/rings4wings.com\/fr\/produits\/equipement-du-cage-et-plus\/porte-etiquette-didentification\/","og_site_name":"Rings4Wings","article_modified_time":"2026-01-23T09:45:44+00:00","og_image":[{"width":400,"height":267,"url":"https:\/\/rings4wings.com\/wp-content\/uploads\/2024\/08\/www.rings4wings_2c7ed2a4-0fcc-4c82-b1fe-035ffa291fd4_1024x1024.webp","type":"image\/webp"}],"twitter_card":"summary_large_image","twitter_misc":{"Dur\u00e9e de lecture estim\u00e9e":"1 minute"},"schema":{"@context":"https:\/\/schema.org","@graph":[{"@type":"WebPage","@id":"https:\/\/rings4wings.com\/producten\/hokinrichting\/id-etikethouder\/","url":"https:\/\/rings4wings.com\/producten\/hokinrichting\/id-etikethouder\/","name":"Porte-\u00e9tiquette pour cages d'oiseaux - Plus besoin de coller - Rings4Wings","isPartOf":{"@id":"https:\/\/rings4wings.com\/nl\/#website"},"primaryImageOfPage":{"@id":"https:\/\/rings4wings.com\/producten\/hokinrichting\/id-etikethouder\/#primaryimage"},"image":{"@id":"https:\/\/rings4wings.com\/producten\/hokinrichting\/id-etikethouder\/#primaryimage"},"thumbnailUrl":"https:\/\/rings4wings.com\/wp-content\/uploads\/2024\/08\/www.rings4wings_2c7ed2a4-0fcc-4c82-b1fe-035ffa291fd4_1024x1024.webp","datePublished":"2024-08-21T16:39:10+00:00","dateModified":"2026-01-23T09:45:44+00:00","description":"Pr\u00e9venez les r\u00e9sidus de colle sur vos cages gr\u00e2ce \u00e0 ce porte-\u00e9tiquette. De nombreuses f\u00e9d\u00e9rations et expositions ont d\u00e9j\u00e0 approuv\u00e9 ce porte-\u00e9tiquette !","breadcrumb":{"@id":"https:\/\/rings4wings.com\/producten\/hokinrichting\/id-etikethouder\/#breadcrumb"},"inLanguage":"fr-FR","potentialAction":[{"@type":"ReadAction","target":["https:\/\/rings4wings.com\/producten\/hokinrichting\/id-etikethouder\/"]}]},{"@type":"ImageObject","inLanguage":"fr-FR","@id":"https:\/\/rings4wings.com\/producten\/hokinrichting\/id-etikethouder\/#primaryimage","url":"https:\/\/rings4wings.com\/wp-content\/uploads\/2024\/08\/www.rings4wings_2c7ed2a4-0fcc-4c82-b1fe-035ffa291fd4_1024x1024.webp","contentUrl":"https:\/\/rings4wings.com\/wp-content\/uploads\/2024\/08\/www.rings4wings_2c7ed2a4-0fcc-4c82-b1fe-035ffa291fd4_1024x1024.webp","width":400,"height":267},{"@type":"BreadcrumbList","@id":"https:\/\/rings4wings.com\/producten\/hokinrichting\/id-etikethouder\/#breadcrumb","itemListElement":[{"@type":"ListItem","position":1,"name":"Home","item":"https:\/\/rings4wings.com\/nl\/"},{"@type":"ListItem","position":2,"name":"Webshop","item":"https:\/\/rings4wings.com\/en\/products\/"},{"@type":"ListItem","position":3,"name":"Hokinrichting &amp; meer","item":"https:\/\/rings4wings.com\/nl\/aanbod\/hokinrichting\/"},{"@type":"ListItem","position":4,"name":"ID-etikethouder"}]},{"@type":"WebSite","@id":"https:\/\/rings4wings.com\/nl\/#website","url":"https:\/\/rings4wings.com\/nl\/","name":"Rings4Wings","description":"","potentialAction":[{"@type":"SearchAction","target":{"@type":"EntryPoint","urlTemplate":"https:\/\/rings4wings.com\/nl\/?s={search_term_string}"},"query-input":{"@type":"PropertyValueSpecification","valueRequired":true,"valueName":"search_term_string"}}],"inLanguage":"fr-FR"}]}},"jetpack_sharing_enabled":true,"_links":{"self":[{"href":"https:\/\/rings4wings.com\/fr\/wp-json\/wp\/v2\/product\/506","targetHints":{"allow":["GET"]}}],"collection":[{"href":"https:\/\/rings4wings.com\/fr\/wp-json\/wp\/v2\/product"}],"about":[{"href":"https:\/\/rings4wings.com\/fr\/wp-json\/wp\/v2\/types\/product"}],"wp:featuredmedia":[{"embeddable":true,"href":"https:\/\/rings4wings.com\/fr\/wp-json\/wp\/v2\/media\/510"}],"wp:attachment":[{"href":"https:\/\/rings4wings.com\/fr\/wp-json\/wp\/v2\/media?parent=506"}],"wp:term":[{"taxonomy":"product_brand","embeddable":true,"href":"https:\/\/rings4wings.com\/fr\/wp-json\/wp\/v2\/product_brand?post=506"},{"taxonomy":"product_cat","embeddable":true,"href":"https:\/\/rings4wings.com\/fr\/wp-json\/wp\/v2\/product_cat?post=506"},{"taxonomy":"product_tag","embeddable":true,"href":"https:\/\/rings4wings.com\/fr\/wp-json\/wp\/v2\/product_tag?post=506"}],"curies":[{"name":"wp","href":"https:\/\/api.w.org\/{rel}","templated":true}]}}