{"id":494,"date":"2024-08-21T18:36:16","date_gmt":"2024-08-21T16:36:16","guid":{"rendered":"https:\/\/rings4wings.muskedeer-wip.be\/?post_type=product&#038;p=494"},"modified":"2026-01-23T10:55:18","modified_gmt":"2026-01-23T09:55:18","slug":"boite-a-colibris-avec-crochets-fixes","status":"publish","type":"product","link":"https:\/\/rings4wings.com\/fr\/produits\/equipement-du-cage-et-plus\/boite-a-colibris-avec-crochets-fixes\/","title":{"rendered":"Plateau \u00e0 colibri avec crochets fixes"},"content":{"rendered":"<p>Peut \u00eatre utilis\u00e9 en combinaison avec notre <a href=\"\/fr\/produits\/equipement-du-cage-et-plus\/plaque-anti-eclaboussures-pour-le-plateau-du-colibri\/\">plaque anti-\u00e9claboussures<\/a>. Cette plaque emp\u00eache l'oiseau de jeter la nourriture hors du plateau. La plaque peut \u00eatre facilement fix\u00e9e ou enlev\u00e9e.<\/p>\n<p>Dimensions : 70x50x40 mm (LxLxH)<\/p>\n<p><a href=\"\/fr\/produits\/equipement-du-cage-et-plus\/plaque-anti-eclaboussures-pour-le-plateau-du-colibri\/\">Les plaques anti-\u00e9claboussures doivent \u00eatre command\u00e9es s\u00e9par\u00e9ment.<\/a><\/p>","protected":false},"excerpt":{"rendered":"<p>Kan gebruikt worden in combinatie met ons anti-morsplaatje. Dit plaatje voorkomt dat de vogel het voer uit het bakje gooit. Het plaatje kan makkelijk worden bevestigd of verwijderd. Afmeting: 70x50x40 mm (LxBxH) De anti-morsplaatjes moeten afzonderlijk worden besteld.<\/p>","protected":false},"featured_media":496,"template":"","meta":{"_acf_changed":false,"inline_featured_image":false},"product_brand":[],"product_cat":[22],"product_tag":[],"class_list":{"0":"post-494","1":"product","2":"type-product","3":"status-publish","4":"has-post-thumbnail","6":"product_cat-hokinrichting","8":"first","9":"instock","10":"taxable","11":"shipping-taxable","12":"purchasable","13":"product-type-simple"},"acf":[],"yoast_head":"<!-- This site is optimized with the Yoast SEO plugin v27.3 - https:\/\/yoast.com\/product\/yoast-seo-wordpress\/ -->\n<title>Kunststof kolibriebakje met vaste haken - Kleur: wit - Rings4Wings<\/title>\n<meta name=\"description\" content=\"Deze handige, witte kolibriebakjes zijn een topper onder onze klanten en vogelkwekers. Combineerbaar met anti-mors plaatjes. Bestel online!\" \/>\n<meta name=\"robots\" content=\"index, follow, max-snippet:-1, max-image-preview:large, max-video-preview:-1\" \/>\n<link rel=\"canonical\" href=\"https:\/\/rings4wings.com\/fr\/produits\/equipement-du-cage-et-plus\/boite-a-colibris-avec-crochets-fixes\/\" \/>\n<meta property=\"og:locale\" content=\"fr_FR\" \/>\n<meta property=\"og:type\" content=\"article\" \/>\n<meta property=\"og:title\" content=\"Kunststof kolibriebakje met vaste haken - Kleur: wit - Rings4Wings\" \/>\n<meta property=\"og:description\" content=\"Deze handige, witte kolibriebakjes zijn een topper onder onze klanten en vogelkwekers. Combineerbaar met anti-mors plaatjes. Bestel online!\" \/>\n<meta property=\"og:url\" content=\"https:\/\/rings4wings.com\/fr\/produits\/equipement-du-cage-et-plus\/boite-a-colibris-avec-crochets-fixes\/\" \/>\n<meta property=\"og:site_name\" content=\"Rings4Wings\" \/>\n<meta property=\"article:modified_time\" content=\"2026-01-23T09:55:18+00:00\" \/>\n<meta property=\"og:image\" content=\"https:\/\/rings4wings.com\/wp-content\/uploads\/2024\/08\/720VB4_1024x1024.webp\" \/>\n\t<meta property=\"og:image:width\" content=\"1024\" \/>\n\t<meta property=\"og:image:height\" content=\"680\" \/>\n\t<meta property=\"og:image:type\" content=\"image\/webp\" \/>\n<meta name=\"twitter:card\" content=\"summary_large_image\" \/>\n<meta name=\"twitter:label1\" content=\"Dur\u00e9e de lecture estim\u00e9e\" \/>\n\t<meta name=\"twitter:data1\" content=\"1 minute\" \/>\n<script type=\"application\/ld+json\" class=\"yoast-schema-graph\">{\"@context\":\"https:\\\/\\\/schema.org\",\"@graph\":[{\"@type\":\"WebPage\",\"@id\":\"https:\\\/\\\/rings4wings.com\\\/producten\\\/hokinrichting\\\/kolibribakje-met-vaste-haken\\\/\",\"url\":\"https:\\\/\\\/rings4wings.com\\\/producten\\\/hokinrichting\\\/kolibribakje-met-vaste-haken\\\/\",\"name\":\"Kunststof kolibriebakje met vaste haken - Kleur: wit - Rings4Wings\",\"isPartOf\":{\"@id\":\"https:\\\/\\\/rings4wings.com\\\/nl\\\/#website\"},\"primaryImageOfPage\":{\"@id\":\"https:\\\/\\\/rings4wings.com\\\/producten\\\/hokinrichting\\\/kolibribakje-met-vaste-haken\\\/#primaryimage\"},\"image\":{\"@id\":\"https:\\\/\\\/rings4wings.com\\\/producten\\\/hokinrichting\\\/kolibribakje-met-vaste-haken\\\/#primaryimage\"},\"thumbnailUrl\":\"https:\\\/\\\/rings4wings.com\\\/wp-content\\\/uploads\\\/2024\\\/08\\\/720VB4_1024x1024.webp\",\"datePublished\":\"2024-08-21T16:36:16+00:00\",\"dateModified\":\"2026-01-23T09:55:18+00:00\",\"description\":\"Deze handige, witte kolibriebakjes zijn een topper onder onze klanten en vogelkwekers. Combineerbaar met anti-mors plaatjes. Bestel online!\",\"breadcrumb\":{\"@id\":\"https:\\\/\\\/rings4wings.com\\\/producten\\\/hokinrichting\\\/kolibribakje-met-vaste-haken\\\/#breadcrumb\"},\"inLanguage\":\"fr-FR\",\"potentialAction\":[{\"@type\":\"ReadAction\",\"target\":[\"https:\\\/\\\/rings4wings.com\\\/producten\\\/hokinrichting\\\/kolibribakje-met-vaste-haken\\\/\"]}]},{\"@type\":\"ImageObject\",\"inLanguage\":\"fr-FR\",\"@id\":\"https:\\\/\\\/rings4wings.com\\\/producten\\\/hokinrichting\\\/kolibribakje-met-vaste-haken\\\/#primaryimage\",\"url\":\"https:\\\/\\\/rings4wings.com\\\/wp-content\\\/uploads\\\/2024\\\/08\\\/720VB4_1024x1024.webp\",\"contentUrl\":\"https:\\\/\\\/rings4wings.com\\\/wp-content\\\/uploads\\\/2024\\\/08\\\/720VB4_1024x1024.webp\",\"width\":1024,\"height\":680},{\"@type\":\"BreadcrumbList\",\"@id\":\"https:\\\/\\\/rings4wings.com\\\/producten\\\/hokinrichting\\\/kolibribakje-met-vaste-haken\\\/#breadcrumb\",\"itemListElement\":[{\"@type\":\"ListItem\",\"position\":1,\"name\":\"Home\",\"item\":\"https:\\\/\\\/rings4wings.com\\\/nl\\\/\"},{\"@type\":\"ListItem\",\"position\":2,\"name\":\"Webshop\",\"item\":\"https:\\\/\\\/rings4wings.com\\\/en\\\/products\\\/\"},{\"@type\":\"ListItem\",\"position\":3,\"name\":\"Hokinrichting &amp; meer\",\"item\":\"https:\\\/\\\/rings4wings.com\\\/nl\\\/aanbod\\\/hokinrichting\\\/\"},{\"@type\":\"ListItem\",\"position\":4,\"name\":\"Kolibribakje met vaste haken\"}]},{\"@type\":\"WebSite\",\"@id\":\"https:\\\/\\\/rings4wings.com\\\/nl\\\/#website\",\"url\":\"https:\\\/\\\/rings4wings.com\\\/nl\\\/\",\"name\":\"Rings4Wings\",\"description\":\"\",\"potentialAction\":[{\"@type\":\"SearchAction\",\"target\":{\"@type\":\"EntryPoint\",\"urlTemplate\":\"https:\\\/\\\/rings4wings.com\\\/nl\\\/?s={search_term_string}\"},\"query-input\":{\"@type\":\"PropertyValueSpecification\",\"valueRequired\":true,\"valueName\":\"search_term_string\"}}],\"inLanguage\":\"fr-FR\"}]}<\/script>\n<!-- \/ Yoast SEO plugin. -->","yoast_head_json":{"title":"Plateau \u00e0 colibri en plastique avec crochets fixes - Couleur : blanc - Rings4Wings","description":"Ces plateaux blancs pratiques pour colibris sont tr\u00e8s appr\u00e9ci\u00e9s de nos clients et des \u00e9leveurs d'oiseaux. Ils peuvent \u00eatre combin\u00e9s avec des plaques anti-\u00e9claboussures. Commander en ligne !","robots":{"index":"index","follow":"follow","max-snippet":"max-snippet:-1","max-image-preview":"max-image-preview:large","max-video-preview":"max-video-preview:-1"},"canonical":"https:\/\/rings4wings.com\/fr\/produits\/equipement-du-cage-et-plus\/boite-a-colibris-avec-crochets-fixes\/","og_locale":"fr_FR","og_type":"article","og_title":"Kunststof kolibriebakje met vaste haken - Kleur: wit - Rings4Wings","og_description":"Deze handige, witte kolibriebakjes zijn een topper onder onze klanten en vogelkwekers. Combineerbaar met anti-mors plaatjes. Bestel online!","og_url":"https:\/\/rings4wings.com\/fr\/produits\/equipement-du-cage-et-plus\/boite-a-colibris-avec-crochets-fixes\/","og_site_name":"Rings4Wings","article_modified_time":"2026-01-23T09:55:18+00:00","og_image":[{"width":1024,"height":680,"url":"https:\/\/rings4wings.com\/wp-content\/uploads\/2024\/08\/720VB4_1024x1024.webp","type":"image\/webp"}],"twitter_card":"summary_large_image","twitter_misc":{"Dur\u00e9e de lecture estim\u00e9e":"1 minute"},"schema":{"@context":"https:\/\/schema.org","@graph":[{"@type":"WebPage","@id":"https:\/\/rings4wings.com\/producten\/hokinrichting\/kolibribakje-met-vaste-haken\/","url":"https:\/\/rings4wings.com\/producten\/hokinrichting\/kolibribakje-met-vaste-haken\/","name":"Plateau \u00e0 colibri en plastique avec crochets fixes - Couleur : blanc - Rings4Wings","isPartOf":{"@id":"https:\/\/rings4wings.com\/nl\/#website"},"primaryImageOfPage":{"@id":"https:\/\/rings4wings.com\/producten\/hokinrichting\/kolibribakje-met-vaste-haken\/#primaryimage"},"image":{"@id":"https:\/\/rings4wings.com\/producten\/hokinrichting\/kolibribakje-met-vaste-haken\/#primaryimage"},"thumbnailUrl":"https:\/\/rings4wings.com\/wp-content\/uploads\/2024\/08\/720VB4_1024x1024.webp","datePublished":"2024-08-21T16:36:16+00:00","dateModified":"2026-01-23T09:55:18+00:00","description":"Ces plateaux blancs pratiques pour colibris sont tr\u00e8s appr\u00e9ci\u00e9s de nos clients et des \u00e9leveurs d'oiseaux. Ils peuvent \u00eatre combin\u00e9s avec des plaques anti-\u00e9claboussures. Commander en ligne !","breadcrumb":{"@id":"https:\/\/rings4wings.com\/producten\/hokinrichting\/kolibribakje-met-vaste-haken\/#breadcrumb"},"inLanguage":"fr-FR","potentialAction":[{"@type":"ReadAction","target":["https:\/\/rings4wings.com\/producten\/hokinrichting\/kolibribakje-met-vaste-haken\/"]}]},{"@type":"ImageObject","inLanguage":"fr-FR","@id":"https:\/\/rings4wings.com\/producten\/hokinrichting\/kolibribakje-met-vaste-haken\/#primaryimage","url":"https:\/\/rings4wings.com\/wp-content\/uploads\/2024\/08\/720VB4_1024x1024.webp","contentUrl":"https:\/\/rings4wings.com\/wp-content\/uploads\/2024\/08\/720VB4_1024x1024.webp","width":1024,"height":680},{"@type":"BreadcrumbList","@id":"https:\/\/rings4wings.com\/producten\/hokinrichting\/kolibribakje-met-vaste-haken\/#breadcrumb","itemListElement":[{"@type":"ListItem","position":1,"name":"Home","item":"https:\/\/rings4wings.com\/nl\/"},{"@type":"ListItem","position":2,"name":"Webshop","item":"https:\/\/rings4wings.com\/en\/products\/"},{"@type":"ListItem","position":3,"name":"Hokinrichting &amp; meer","item":"https:\/\/rings4wings.com\/nl\/aanbod\/hokinrichting\/"},{"@type":"ListItem","position":4,"name":"Kolibribakje met vaste haken"}]},{"@type":"WebSite","@id":"https:\/\/rings4wings.com\/nl\/#website","url":"https:\/\/rings4wings.com\/nl\/","name":"Rings4Wings","description":"","potentialAction":[{"@type":"SearchAction","target":{"@type":"EntryPoint","urlTemplate":"https:\/\/rings4wings.com\/nl\/?s={search_term_string}"},"query-input":{"@type":"PropertyValueSpecification","valueRequired":true,"valueName":"search_term_string"}}],"inLanguage":"fr-FR"}]}},"jetpack_sharing_enabled":true,"_links":{"self":[{"href":"https:\/\/rings4wings.com\/fr\/wp-json\/wp\/v2\/product\/494","targetHints":{"allow":["GET"]}}],"collection":[{"href":"https:\/\/rings4wings.com\/fr\/wp-json\/wp\/v2\/product"}],"about":[{"href":"https:\/\/rings4wings.com\/fr\/wp-json\/wp\/v2\/types\/product"}],"wp:featuredmedia":[{"embeddable":true,"href":"https:\/\/rings4wings.com\/fr\/wp-json\/wp\/v2\/media\/496"}],"wp:attachment":[{"href":"https:\/\/rings4wings.com\/fr\/wp-json\/wp\/v2\/media?parent=494"}],"wp:term":[{"taxonomy":"product_brand","embeddable":true,"href":"https:\/\/rings4wings.com\/fr\/wp-json\/wp\/v2\/product_brand?post=494"},{"taxonomy":"product_cat","embeddable":true,"href":"https:\/\/rings4wings.com\/fr\/wp-json\/wp\/v2\/product_cat?post=494"},{"taxonomy":"product_tag","embeddable":true,"href":"https:\/\/rings4wings.com\/fr\/wp-json\/wp\/v2\/product_tag?post=494"}],"curies":[{"name":"wp","href":"https:\/\/api.w.org\/{rel}","templated":true}]}}