{"id":474,"date":"2024-08-21T18:19:54","date_gmt":"2024-08-21T16:19:54","guid":{"rendered":"https:\/\/rings4wings.muskedeer-wip.be\/?post_type=product&#038;p=474"},"modified":"2026-01-23T10:59:07","modified_gmt":"2026-01-23T09:59:07","slug":"alimentateur-avec-fil-de-fixation-remplacable","status":"publish","type":"product","link":"https:\/\/rings4wings.com\/fr\/produits\/equipement-du-cage-et-plus\/alimentateur-avec-fil-de-fixation-remplacable\/","title":{"rendered":"Alimentateur avec fil de fixation rempla\u00e7able"},"content":{"rendered":"<p>Alimentateur avec fil de fixation rempla\u00e7able<\/p>\n<p>Peut \u00eatre utilis\u00e9 en combinaison avec notre <a href=\"\/fr\/produits\/equipement-du-cage-et-plus\/plaque-anti-deversement-pour-bol-dalimentation-rectangulaire\/\">plaque anti-\u00e9claboussures<\/a>. Cette plaque emp\u00eache l'oiseau de jeter la nourriture hors du plateau. La plaque peut \u00eatre facilement fix\u00e9e ou enlev\u00e9e.<\/p>\n<p><a href=\"\/fr\/produits\/equipement-du-cage-et-plus\/plaque-anti-deversement-pour-bol-dalimentation-rectangulaire\/\">La plaque anti-\u00e9claboussures doit \u00eatre command\u00e9e s\u00e9par\u00e9ment.<\/a><\/p>\n<p>Peut \u00eatre parfaitement combin\u00e9 avec notre <a href=\"\/fr\/produits\/equipement-du-cage-et-plus\/des-fronts-faciles-a-mettre-en-place-et-a-retirer\/\">Fa\u00e7ades \"Easy on, Easy off\" (faciles \u00e0 mettre et \u00e0 enlever)<\/a>.<\/p>\n<p>Dimensions 100x60x50 mm (LxLxH)<\/p>","protected":false},"excerpt":{"rendered":"<p>Voederbakje met vervangbare bevestigingsdraad Kan gebruikt worden in combinatie met ons anti-morsplaatje. Dit plaatje voorkomt dat de vogel het voer uit het bakje gooit. Het plaatje kan makkelijk worden bevestigd of verwijderd. Het anti-morsplaatje moet afzonderlijk worden besteld. Kan perfect gecombineerd worden met onze \u201cEasy on, Easy off\u201d voorfronten. Afmeting 100x60x50 mm (LxBxH)<\/p>","protected":false},"featured_media":475,"template":"","meta":{"_acf_changed":false,"inline_featured_image":false},"product_brand":[],"product_cat":[22],"product_tag":[],"class_list":{"0":"post-474","1":"product","2":"type-product","3":"status-publish","4":"has-post-thumbnail","6":"product_cat-hokinrichting","8":"first","9":"instock","10":"taxable","11":"shipping-taxable","12":"purchasable","13":"product-type-variable"},"acf":[],"yoast_head":"<!-- This site is optimized with the Yoast SEO plugin v27.3 - https:\/\/yoast.com\/product\/yoast-seo-wordpress\/ -->\n<title>Voederbakje met vervangbare bevestigingsdraad - Rings4Wings<\/title>\n<meta name=\"description\" content=\"Voederbakje met vervangbare bevestigingsdraad Kan gebruikt worden in combinatie met ons anti-morsplaatje. Dit plaatje voorkomt dat de vogel het voer uit het bakje gooit. Het plaatje kan makkelijk worden bevestigd of verwijderd. Het anti-morsplaatje moet afzonderlijk worden besteld. Kan perfect gecombineerd worden met o\u2026\" \/>\n<meta name=\"robots\" content=\"index, follow, max-snippet:-1, max-image-preview:large, max-video-preview:-1\" \/>\n<link rel=\"canonical\" href=\"https:\/\/rings4wings.com\/fr\/produits\/equipement-du-cage-et-plus\/alimentateur-avec-fil-de-fixation-remplacable\/\" \/>\n<meta property=\"og:locale\" content=\"fr_FR\" \/>\n<meta property=\"og:type\" content=\"article\" \/>\n<meta property=\"og:title\" content=\"Voederbakje met vervangbare bevestigingsdraad - Rings4Wings\" \/>\n<meta property=\"og:description\" content=\"Voederbakje met vervangbare bevestigingsdraad Kan gebruikt worden in combinatie met ons anti-morsplaatje. Dit plaatje voorkomt dat de vogel het voer uit het bakje gooit. Het plaatje kan makkelijk worden bevestigd of verwijderd. Het anti-morsplaatje moet afzonderlijk worden besteld. Kan perfect gecombineerd worden met o\u2026\" \/>\n<meta property=\"og:url\" content=\"https:\/\/rings4wings.com\/fr\/produits\/equipement-du-cage-et-plus\/alimentateur-avec-fil-de-fixation-remplacable\/\" \/>\n<meta property=\"og:site_name\" content=\"Rings4Wings\" \/>\n<meta property=\"article:modified_time\" content=\"2026-01-23T09:59:07+00:00\" \/>\n<meta property=\"og:image\" content=\"https:\/\/rings4wings.com\/wp-content\/uploads\/2024\/08\/www.rings4wings_b3a4b20c-d904-424e-a983-72b2f0e96860_1024x1024.webp\" \/>\n\t<meta property=\"og:image:width\" content=\"800\" \/>\n\t<meta property=\"og:image:height\" content=\"534\" \/>\n\t<meta property=\"og:image:type\" content=\"image\/webp\" \/>\n<meta name=\"twitter:card\" content=\"summary_large_image\" \/>\n<meta name=\"twitter:label1\" content=\"Dur\u00e9e de lecture estim\u00e9e\" \/>\n\t<meta name=\"twitter:data1\" content=\"1 minute\" \/>\n<script type=\"application\/ld+json\" class=\"yoast-schema-graph\">{\"@context\":\"https:\\\/\\\/schema.org\",\"@graph\":[{\"@type\":\"WebPage\",\"@id\":\"https:\\\/\\\/rings4wings.com\\\/producten\\\/hokinrichting\\\/voederbakje-met-vervangbare-bevestigingsdraad\\\/\",\"url\":\"https:\\\/\\\/rings4wings.com\\\/producten\\\/hokinrichting\\\/voederbakje-met-vervangbare-bevestigingsdraad\\\/\",\"name\":\"Voederbakje met vervangbare bevestigingsdraad - Rings4Wings\",\"isPartOf\":{\"@id\":\"https:\\\/\\\/rings4wings.com\\\/nl\\\/#website\"},\"primaryImageOfPage\":{\"@id\":\"https:\\\/\\\/rings4wings.com\\\/producten\\\/hokinrichting\\\/voederbakje-met-vervangbare-bevestigingsdraad\\\/#primaryimage\"},\"image\":{\"@id\":\"https:\\\/\\\/rings4wings.com\\\/producten\\\/hokinrichting\\\/voederbakje-met-vervangbare-bevestigingsdraad\\\/#primaryimage\"},\"thumbnailUrl\":\"https:\\\/\\\/rings4wings.com\\\/wp-content\\\/uploads\\\/2024\\\/08\\\/www.rings4wings_b3a4b20c-d904-424e-a983-72b2f0e96860_1024x1024.webp\",\"datePublished\":\"2024-08-21T16:19:54+00:00\",\"dateModified\":\"2026-01-23T09:59:07+00:00\",\"description\":\"Voederbakje met vervangbare bevestigingsdraad Kan gebruikt worden in combinatie met ons anti-morsplaatje. Dit plaatje voorkomt dat de vogel het voer uit het bakje gooit. Het plaatje kan makkelijk worden bevestigd of verwijderd. Het anti-morsplaatje moet afzonderlijk worden besteld. Kan perfect gecombineerd worden met o\u2026\",\"breadcrumb\":{\"@id\":\"https:\\\/\\\/rings4wings.com\\\/producten\\\/hokinrichting\\\/voederbakje-met-vervangbare-bevestigingsdraad\\\/#breadcrumb\"},\"inLanguage\":\"fr-FR\",\"potentialAction\":[{\"@type\":\"ReadAction\",\"target\":[\"https:\\\/\\\/rings4wings.com\\\/producten\\\/hokinrichting\\\/voederbakje-met-vervangbare-bevestigingsdraad\\\/\"]}]},{\"@type\":\"ImageObject\",\"inLanguage\":\"fr-FR\",\"@id\":\"https:\\\/\\\/rings4wings.com\\\/producten\\\/hokinrichting\\\/voederbakje-met-vervangbare-bevestigingsdraad\\\/#primaryimage\",\"url\":\"https:\\\/\\\/rings4wings.com\\\/wp-content\\\/uploads\\\/2024\\\/08\\\/www.rings4wings_b3a4b20c-d904-424e-a983-72b2f0e96860_1024x1024.webp\",\"contentUrl\":\"https:\\\/\\\/rings4wings.com\\\/wp-content\\\/uploads\\\/2024\\\/08\\\/www.rings4wings_b3a4b20c-d904-424e-a983-72b2f0e96860_1024x1024.webp\",\"width\":800,\"height\":534},{\"@type\":\"BreadcrumbList\",\"@id\":\"https:\\\/\\\/rings4wings.com\\\/producten\\\/hokinrichting\\\/voederbakje-met-vervangbare-bevestigingsdraad\\\/#breadcrumb\",\"itemListElement\":[{\"@type\":\"ListItem\",\"position\":1,\"name\":\"Home\",\"item\":\"https:\\\/\\\/rings4wings.com\\\/nl\\\/\"},{\"@type\":\"ListItem\",\"position\":2,\"name\":\"Webshop\",\"item\":\"https:\\\/\\\/rings4wings.com\\\/en\\\/products\\\/\"},{\"@type\":\"ListItem\",\"position\":3,\"name\":\"Hokinrichting &amp; meer\",\"item\":\"https:\\\/\\\/rings4wings.com\\\/nl\\\/aanbod\\\/hokinrichting\\\/\"},{\"@type\":\"ListItem\",\"position\":4,\"name\":\"Voederbakje met vervangbare bevestigingsdraad\"}]},{\"@type\":\"WebSite\",\"@id\":\"https:\\\/\\\/rings4wings.com\\\/nl\\\/#website\",\"url\":\"https:\\\/\\\/rings4wings.com\\\/nl\\\/\",\"name\":\"Rings4Wings\",\"description\":\"\",\"potentialAction\":[{\"@type\":\"SearchAction\",\"target\":{\"@type\":\"EntryPoint\",\"urlTemplate\":\"https:\\\/\\\/rings4wings.com\\\/nl\\\/?s={search_term_string}\"},\"query-input\":{\"@type\":\"PropertyValueSpecification\",\"valueRequired\":true,\"valueName\":\"search_term_string\"}}],\"inLanguage\":\"fr-FR\"}]}<\/script>\n<!-- \/ Yoast SEO plugin. -->","yoast_head_json":{"title":"Alimentateur avec fil de fixation rempla\u00e7able - Rings4Wings","description":"Mangeoire avec fil de fixation rempla\u00e7able Peut \u00eatre utilis\u00e9e en combinaison avec notre plaque anti-d\u00e9bordement. Cette plaque emp\u00eache l'oiseau de jeter la nourriture hors du plateau. La plaque peut \u00eatre facilement fix\u00e9e ou enlev\u00e9e. La plaque anti-\u00e9claboussures doit \u00eatre command\u00e9e s\u00e9par\u00e9ment. Peut \u00eatre parfaitement combin\u00e9 avec d'autres...","robots":{"index":"index","follow":"follow","max-snippet":"max-snippet:-1","max-image-preview":"max-image-preview:large","max-video-preview":"max-video-preview:-1"},"canonical":"https:\/\/rings4wings.com\/fr\/produits\/equipement-du-cage-et-plus\/alimentateur-avec-fil-de-fixation-remplacable\/","og_locale":"fr_FR","og_type":"article","og_title":"Voederbakje met vervangbare bevestigingsdraad - Rings4Wings","og_description":"Voederbakje met vervangbare bevestigingsdraad Kan gebruikt worden in combinatie met ons anti-morsplaatje. Dit plaatje voorkomt dat de vogel het voer uit het bakje gooit. Het plaatje kan makkelijk worden bevestigd of verwijderd. Het anti-morsplaatje moet afzonderlijk worden besteld. Kan perfect gecombineerd worden met o\u2026","og_url":"https:\/\/rings4wings.com\/fr\/produits\/equipement-du-cage-et-plus\/alimentateur-avec-fil-de-fixation-remplacable\/","og_site_name":"Rings4Wings","article_modified_time":"2026-01-23T09:59:07+00:00","og_image":[{"width":800,"height":534,"url":"https:\/\/rings4wings.com\/wp-content\/uploads\/2024\/08\/www.rings4wings_b3a4b20c-d904-424e-a983-72b2f0e96860_1024x1024.webp","type":"image\/webp"}],"twitter_card":"summary_large_image","twitter_misc":{"Dur\u00e9e de lecture estim\u00e9e":"1 minute"},"schema":{"@context":"https:\/\/schema.org","@graph":[{"@type":"WebPage","@id":"https:\/\/rings4wings.com\/producten\/hokinrichting\/voederbakje-met-vervangbare-bevestigingsdraad\/","url":"https:\/\/rings4wings.com\/producten\/hokinrichting\/voederbakje-met-vervangbare-bevestigingsdraad\/","name":"Alimentateur avec fil de fixation rempla\u00e7able - Rings4Wings","isPartOf":{"@id":"https:\/\/rings4wings.com\/nl\/#website"},"primaryImageOfPage":{"@id":"https:\/\/rings4wings.com\/producten\/hokinrichting\/voederbakje-met-vervangbare-bevestigingsdraad\/#primaryimage"},"image":{"@id":"https:\/\/rings4wings.com\/producten\/hokinrichting\/voederbakje-met-vervangbare-bevestigingsdraad\/#primaryimage"},"thumbnailUrl":"https:\/\/rings4wings.com\/wp-content\/uploads\/2024\/08\/www.rings4wings_b3a4b20c-d904-424e-a983-72b2f0e96860_1024x1024.webp","datePublished":"2024-08-21T16:19:54+00:00","dateModified":"2026-01-23T09:59:07+00:00","description":"Mangeoire avec fil de fixation rempla\u00e7able Peut \u00eatre utilis\u00e9e en combinaison avec notre plaque anti-d\u00e9bordement. Cette plaque emp\u00eache l'oiseau de jeter la nourriture hors du plateau. La plaque peut \u00eatre facilement fix\u00e9e ou enlev\u00e9e. La plaque anti-\u00e9claboussures doit \u00eatre command\u00e9e s\u00e9par\u00e9ment. Peut \u00eatre parfaitement combin\u00e9 avec d'autres...","breadcrumb":{"@id":"https:\/\/rings4wings.com\/producten\/hokinrichting\/voederbakje-met-vervangbare-bevestigingsdraad\/#breadcrumb"},"inLanguage":"fr-FR","potentialAction":[{"@type":"ReadAction","target":["https:\/\/rings4wings.com\/producten\/hokinrichting\/voederbakje-met-vervangbare-bevestigingsdraad\/"]}]},{"@type":"ImageObject","inLanguage":"fr-FR","@id":"https:\/\/rings4wings.com\/producten\/hokinrichting\/voederbakje-met-vervangbare-bevestigingsdraad\/#primaryimage","url":"https:\/\/rings4wings.com\/wp-content\/uploads\/2024\/08\/www.rings4wings_b3a4b20c-d904-424e-a983-72b2f0e96860_1024x1024.webp","contentUrl":"https:\/\/rings4wings.com\/wp-content\/uploads\/2024\/08\/www.rings4wings_b3a4b20c-d904-424e-a983-72b2f0e96860_1024x1024.webp","width":800,"height":534},{"@type":"BreadcrumbList","@id":"https:\/\/rings4wings.com\/producten\/hokinrichting\/voederbakje-met-vervangbare-bevestigingsdraad\/#breadcrumb","itemListElement":[{"@type":"ListItem","position":1,"name":"Home","item":"https:\/\/rings4wings.com\/nl\/"},{"@type":"ListItem","position":2,"name":"Webshop","item":"https:\/\/rings4wings.com\/en\/products\/"},{"@type":"ListItem","position":3,"name":"Hokinrichting &amp; meer","item":"https:\/\/rings4wings.com\/nl\/aanbod\/hokinrichting\/"},{"@type":"ListItem","position":4,"name":"Voederbakje met vervangbare bevestigingsdraad"}]},{"@type":"WebSite","@id":"https:\/\/rings4wings.com\/nl\/#website","url":"https:\/\/rings4wings.com\/nl\/","name":"Rings4Wings","description":"","potentialAction":[{"@type":"SearchAction","target":{"@type":"EntryPoint","urlTemplate":"https:\/\/rings4wings.com\/nl\/?s={search_term_string}"},"query-input":{"@type":"PropertyValueSpecification","valueRequired":true,"valueName":"search_term_string"}}],"inLanguage":"fr-FR"}]}},"jetpack_sharing_enabled":true,"_links":{"self":[{"href":"https:\/\/rings4wings.com\/fr\/wp-json\/wp\/v2\/product\/474","targetHints":{"allow":["GET"]}}],"collection":[{"href":"https:\/\/rings4wings.com\/fr\/wp-json\/wp\/v2\/product"}],"about":[{"href":"https:\/\/rings4wings.com\/fr\/wp-json\/wp\/v2\/types\/product"}],"wp:featuredmedia":[{"embeddable":true,"href":"https:\/\/rings4wings.com\/fr\/wp-json\/wp\/v2\/media\/475"}],"wp:attachment":[{"href":"https:\/\/rings4wings.com\/fr\/wp-json\/wp\/v2\/media?parent=474"}],"wp:term":[{"taxonomy":"product_brand","embeddable":true,"href":"https:\/\/rings4wings.com\/fr\/wp-json\/wp\/v2\/product_brand?post=474"},{"taxonomy":"product_cat","embeddable":true,"href":"https:\/\/rings4wings.com\/fr\/wp-json\/wp\/v2\/product_cat?post=474"},{"taxonomy":"product_tag","embeddable":true,"href":"https:\/\/rings4wings.com\/fr\/wp-json\/wp\/v2\/product_tag?post=474"}],"curies":[{"name":"wp","href":"https:\/\/api.w.org\/{rel}","templated":true}]}}