{"id":472,"date":"2024-08-21T18:19:12","date_gmt":"2024-08-21T16:19:12","guid":{"rendered":"https:\/\/rings4wings.muskedeer-wip.be\/?post_type=product&#038;p=472"},"modified":"2026-01-23T11:00:19","modified_gmt":"2026-01-23T10:00:19","slug":"plat-gigogne-deluxe","status":"publish","type":"product","link":"https:\/\/rings4wings.com\/fr\/produits\/equipement-du-cage-et-plus\/plat-gigogne-deluxe\/","title":{"rendered":"Bac \u00e0 liti\u00e8re Deluxe"},"content":{"rendered":"<p><strong>Haute qualit\u00e9<\/strong> \u00e9chelle de nidification, <strong>finition lisse<\/strong> avec <strong>version \u00e0 paroi \u00e9paisse<\/strong>. En raison de son poids \u00e9lev\u00e9, la balance est <strong>tr\u00e8s stable<\/strong> et emp\u00eache le basculement.<\/p>\n<p>Facile \u00e0 nettoyer.<\/p>","protected":false},"excerpt":{"rendered":"<p>Bol gigogne de haute qualit\u00e9, \u00e0 la finition lisse et aux parois \u00e9paisses. Gr\u00e2ce \u00e0 son poids \u00e9lev\u00e9, le bol est tr\u00e8s stable et ne risque pas de basculer. Facile \u00e0 nettoyer.<\/p>","protected":false},"featured_media":473,"template":"","meta":{"_acf_changed":false,"inline_featured_image":false},"product_brand":[],"product_cat":[22],"product_tag":[],"class_list":{"0":"post-472","1":"product","2":"type-product","3":"status-publish","4":"has-post-thumbnail","6":"product_cat-hokinrichting","8":"first","9":"instock","10":"taxable","11":"shipping-taxable","12":"purchasable","13":"product-type-simple"},"acf":[],"yoast_head":"<!-- This site is optimized with the Yoast SEO plugin v27.3 - https:\/\/yoast.com\/product\/yoast-seo-wordpress\/ -->\n<title>Geventileerde nestschotel Airluxe - Ideaal voor jonge duiven - Rings4Wings<\/title>\n<meta name=\"description\" content=\"Deze geventileerde nestschotel geniet maximum ventilatiecapaciteit (90%). Het resultaat is een droog nest en jongen. Eenvoudig te reinigen!\" \/>\n<meta name=\"robots\" content=\"index, follow, max-snippet:-1, max-image-preview:large, max-video-preview:-1\" \/>\n<link rel=\"canonical\" href=\"https:\/\/rings4wings.com\/fr\/produits\/equipement-du-cage-et-plus\/plat-gigogne-deluxe\/\" \/>\n<meta property=\"og:locale\" content=\"fr_FR\" \/>\n<meta property=\"og:type\" content=\"article\" \/>\n<meta property=\"og:title\" content=\"Geventileerde nestschotel Airluxe - Ideaal voor jonge duiven - Rings4Wings\" \/>\n<meta property=\"og:description\" content=\"Deze geventileerde nestschotel geniet maximum ventilatiecapaciteit (90%). Het resultaat is een droog nest en jongen. Eenvoudig te reinigen!\" \/>\n<meta property=\"og:url\" content=\"https:\/\/rings4wings.com\/fr\/produits\/equipement-du-cage-et-plus\/plat-gigogne-deluxe\/\" \/>\n<meta property=\"og:site_name\" content=\"Rings4Wings\" \/>\n<meta property=\"article:modified_time\" content=\"2026-01-23T10:00:19+00:00\" \/>\n<meta property=\"og:image\" content=\"https:\/\/rings4wings.com\/wp-content\/uploads\/2024\/08\/751Nklein_1024x1024.webp\" \/>\n\t<meta property=\"og:image:width\" content=\"600\" \/>\n\t<meta property=\"og:image:height\" content=\"400\" \/>\n\t<meta property=\"og:image:type\" content=\"image\/webp\" \/>\n<meta name=\"twitter:card\" content=\"summary_large_image\" \/>\n<meta name=\"twitter:label1\" content=\"Dur\u00e9e de lecture estim\u00e9e\" \/>\n\t<meta name=\"twitter:data1\" content=\"1 minute\" \/>\n<script type=\"application\/ld+json\" class=\"yoast-schema-graph\">{\"@context\":\"https:\\\/\\\/schema.org\",\"@graph\":[{\"@type\":\"WebPage\",\"@id\":\"https:\\\/\\\/rings4wings.com\\\/producten\\\/hokinrichting\\\/nestschotel-deluxe\\\/\",\"url\":\"https:\\\/\\\/rings4wings.com\\\/producten\\\/hokinrichting\\\/nestschotel-deluxe\\\/\",\"name\":\"Geventileerde nestschotel Airluxe - Ideaal voor jonge duiven - Rings4Wings\",\"isPartOf\":{\"@id\":\"https:\\\/\\\/rings4wings.com\\\/nl\\\/#website\"},\"primaryImageOfPage\":{\"@id\":\"https:\\\/\\\/rings4wings.com\\\/producten\\\/hokinrichting\\\/nestschotel-deluxe\\\/#primaryimage\"},\"image\":{\"@id\":\"https:\\\/\\\/rings4wings.com\\\/producten\\\/hokinrichting\\\/nestschotel-deluxe\\\/#primaryimage\"},\"thumbnailUrl\":\"https:\\\/\\\/rings4wings.com\\\/wp-content\\\/uploads\\\/2024\\\/08\\\/751Nklein_1024x1024.webp\",\"datePublished\":\"2024-08-21T16:19:12+00:00\",\"dateModified\":\"2026-01-23T10:00:19+00:00\",\"description\":\"Deze geventileerde nestschotel geniet maximum ventilatiecapaciteit (90%). Het resultaat is een droog nest en jongen. Eenvoudig te reinigen!\",\"breadcrumb\":{\"@id\":\"https:\\\/\\\/rings4wings.com\\\/producten\\\/hokinrichting\\\/nestschotel-deluxe\\\/#breadcrumb\"},\"inLanguage\":\"fr-FR\",\"potentialAction\":[{\"@type\":\"ReadAction\",\"target\":[\"https:\\\/\\\/rings4wings.com\\\/producten\\\/hokinrichting\\\/nestschotel-deluxe\\\/\"]}]},{\"@type\":\"ImageObject\",\"inLanguage\":\"fr-FR\",\"@id\":\"https:\\\/\\\/rings4wings.com\\\/producten\\\/hokinrichting\\\/nestschotel-deluxe\\\/#primaryimage\",\"url\":\"https:\\\/\\\/rings4wings.com\\\/wp-content\\\/uploads\\\/2024\\\/08\\\/751Nklein_1024x1024.webp\",\"contentUrl\":\"https:\\\/\\\/rings4wings.com\\\/wp-content\\\/uploads\\\/2024\\\/08\\\/751Nklein_1024x1024.webp\",\"width\":600,\"height\":400},{\"@type\":\"BreadcrumbList\",\"@id\":\"https:\\\/\\\/rings4wings.com\\\/producten\\\/hokinrichting\\\/nestschotel-deluxe\\\/#breadcrumb\",\"itemListElement\":[{\"@type\":\"ListItem\",\"position\":1,\"name\":\"Home\",\"item\":\"https:\\\/\\\/rings4wings.com\\\/nl\\\/\"},{\"@type\":\"ListItem\",\"position\":2,\"name\":\"Webshop\",\"item\":\"https:\\\/\\\/rings4wings.com\\\/en\\\/products\\\/\"},{\"@type\":\"ListItem\",\"position\":3,\"name\":\"Hokinrichting &amp; meer\",\"item\":\"https:\\\/\\\/rings4wings.com\\\/nl\\\/aanbod\\\/hokinrichting\\\/\"},{\"@type\":\"ListItem\",\"position\":4,\"name\":\"Nestschotel Deluxe\"}]},{\"@type\":\"WebSite\",\"@id\":\"https:\\\/\\\/rings4wings.com\\\/nl\\\/#website\",\"url\":\"https:\\\/\\\/rings4wings.com\\\/nl\\\/\",\"name\":\"Rings4Wings\",\"description\":\"\",\"potentialAction\":[{\"@type\":\"SearchAction\",\"target\":{\"@type\":\"EntryPoint\",\"urlTemplate\":\"https:\\\/\\\/rings4wings.com\\\/nl\\\/?s={search_term_string}\"},\"query-input\":{\"@type\":\"PropertyValueSpecification\",\"valueRequired\":true,\"valueName\":\"search_term_string\"}}],\"inLanguage\":\"fr-FR\"}]}<\/script>\n<!-- \/ Yoast SEO plugin. -->","yoast_head_json":{"title":"Porte-nid ventil\u00e9 Airluxe - Id\u00e9al pour les jeunes pigeons - Rings4Wings","description":"Ce plat \u00e0 nid ventil\u00e9 b\u00e9n\u00e9ficie d'une capacit\u00e9 de ventilation maximale (90%). Le r\u00e9sultat est un nid et des petits secs. Facile \u00e0 nettoyer !","robots":{"index":"index","follow":"follow","max-snippet":"max-snippet:-1","max-image-preview":"max-image-preview:large","max-video-preview":"max-video-preview:-1"},"canonical":"https:\/\/rings4wings.com\/fr\/produits\/equipement-du-cage-et-plus\/plat-gigogne-deluxe\/","og_locale":"fr_FR","og_type":"article","og_title":"Geventileerde nestschotel Airluxe - Ideaal voor jonge duiven - Rings4Wings","og_description":"Deze geventileerde nestschotel geniet maximum ventilatiecapaciteit (90%). Het resultaat is een droog nest en jongen. Eenvoudig te reinigen!","og_url":"https:\/\/rings4wings.com\/fr\/produits\/equipement-du-cage-et-plus\/plat-gigogne-deluxe\/","og_site_name":"Rings4Wings","article_modified_time":"2026-01-23T10:00:19+00:00","og_image":[{"width":600,"height":400,"url":"https:\/\/rings4wings.com\/wp-content\/uploads\/2024\/08\/751Nklein_1024x1024.webp","type":"image\/webp"}],"twitter_card":"summary_large_image","twitter_misc":{"Dur\u00e9e de lecture estim\u00e9e":"1 minute"},"schema":{"@context":"https:\/\/schema.org","@graph":[{"@type":"WebPage","@id":"https:\/\/rings4wings.com\/producten\/hokinrichting\/nestschotel-deluxe\/","url":"https:\/\/rings4wings.com\/producten\/hokinrichting\/nestschotel-deluxe\/","name":"Porte-nid ventil\u00e9 Airluxe - Id\u00e9al pour les jeunes pigeons - Rings4Wings","isPartOf":{"@id":"https:\/\/rings4wings.com\/nl\/#website"},"primaryImageOfPage":{"@id":"https:\/\/rings4wings.com\/producten\/hokinrichting\/nestschotel-deluxe\/#primaryimage"},"image":{"@id":"https:\/\/rings4wings.com\/producten\/hokinrichting\/nestschotel-deluxe\/#primaryimage"},"thumbnailUrl":"https:\/\/rings4wings.com\/wp-content\/uploads\/2024\/08\/751Nklein_1024x1024.webp","datePublished":"2024-08-21T16:19:12+00:00","dateModified":"2026-01-23T10:00:19+00:00","description":"Ce plat \u00e0 nid ventil\u00e9 b\u00e9n\u00e9ficie d'une capacit\u00e9 de ventilation maximale (90%). Le r\u00e9sultat est un nid et des petits secs. Facile \u00e0 nettoyer !","breadcrumb":{"@id":"https:\/\/rings4wings.com\/producten\/hokinrichting\/nestschotel-deluxe\/#breadcrumb"},"inLanguage":"fr-FR","potentialAction":[{"@type":"ReadAction","target":["https:\/\/rings4wings.com\/producten\/hokinrichting\/nestschotel-deluxe\/"]}]},{"@type":"ImageObject","inLanguage":"fr-FR","@id":"https:\/\/rings4wings.com\/producten\/hokinrichting\/nestschotel-deluxe\/#primaryimage","url":"https:\/\/rings4wings.com\/wp-content\/uploads\/2024\/08\/751Nklein_1024x1024.webp","contentUrl":"https:\/\/rings4wings.com\/wp-content\/uploads\/2024\/08\/751Nklein_1024x1024.webp","width":600,"height":400},{"@type":"BreadcrumbList","@id":"https:\/\/rings4wings.com\/producten\/hokinrichting\/nestschotel-deluxe\/#breadcrumb","itemListElement":[{"@type":"ListItem","position":1,"name":"Home","item":"https:\/\/rings4wings.com\/nl\/"},{"@type":"ListItem","position":2,"name":"Webshop","item":"https:\/\/rings4wings.com\/en\/products\/"},{"@type":"ListItem","position":3,"name":"Hokinrichting &amp; meer","item":"https:\/\/rings4wings.com\/nl\/aanbod\/hokinrichting\/"},{"@type":"ListItem","position":4,"name":"Nestschotel Deluxe"}]},{"@type":"WebSite","@id":"https:\/\/rings4wings.com\/nl\/#website","url":"https:\/\/rings4wings.com\/nl\/","name":"Rings4Wings","description":"","potentialAction":[{"@type":"SearchAction","target":{"@type":"EntryPoint","urlTemplate":"https:\/\/rings4wings.com\/nl\/?s={search_term_string}"},"query-input":{"@type":"PropertyValueSpecification","valueRequired":true,"valueName":"search_term_string"}}],"inLanguage":"fr-FR"}]}},"jetpack_sharing_enabled":true,"_links":{"self":[{"href":"https:\/\/rings4wings.com\/fr\/wp-json\/wp\/v2\/product\/472","targetHints":{"allow":["GET"]}}],"collection":[{"href":"https:\/\/rings4wings.com\/fr\/wp-json\/wp\/v2\/product"}],"about":[{"href":"https:\/\/rings4wings.com\/fr\/wp-json\/wp\/v2\/types\/product"}],"wp:featuredmedia":[{"embeddable":true,"href":"https:\/\/rings4wings.com\/fr\/wp-json\/wp\/v2\/media\/473"}],"wp:attachment":[{"href":"https:\/\/rings4wings.com\/fr\/wp-json\/wp\/v2\/media?parent=472"}],"wp:term":[{"taxonomy":"product_brand","embeddable":true,"href":"https:\/\/rings4wings.com\/fr\/wp-json\/wp\/v2\/product_brand?post=472"},{"taxonomy":"product_cat","embeddable":true,"href":"https:\/\/rings4wings.com\/fr\/wp-json\/wp\/v2\/product_cat?post=472"},{"taxonomy":"product_tag","embeddable":true,"href":"https:\/\/rings4wings.com\/fr\/wp-json\/wp\/v2\/product_tag?post=472"}],"curies":[{"name":"wp","href":"https:\/\/api.w.org\/{rel}","templated":true}]}}