{"id":468,"date":"2024-08-21T18:18:03","date_gmt":"2024-08-21T16:18:03","guid":{"rendered":"https:\/\/rings4wings.muskedeer-wip.be\/?post_type=product&#038;p=468"},"modified":"2026-01-23T11:01:23","modified_gmt":"2026-01-23T10:01:23","slug":"plat-gigogne-airluxe","status":"publish","type":"product","link":"https:\/\/rings4wings.com\/fr\/produits\/equipement-du-cage-et-plus\/plat-gigogne-airluxe\/","title":{"rendered":"Plat gigogne Airluxe"},"content":{"rendered":"<p>Ce nid ventil\u00e9 est le meilleur abri pour un jeune pigeon.<\/p>\n<p><strong>Capacit\u00e9 de ventilation maximale (90%)<\/strong> pour un nid et des petits secs. Le tapis de nidification peut \u00eatre fix\u00e9 dans les ouvertures de la grille.<\/p>\n<p>Facile \u00e0 nettoyer.<\/p>\n<p><strong>Un bon d\u00e9but pour des pigeons en bonne sant\u00e9 !<\/strong><\/p>\n<p>Remarque : cet article est fourni sans tapis d'embo\u00eetement.<\/p>","protected":false},"excerpt":{"rendered":"<p>Deze geventileerde nestschotel is de beste thuisbasis voor een jonge duif. Maximum ventilatiecapaciteit (90%) voor een droog nest en jongen. De nestmat kan worden vastgeklemd in de roosteropeningen. Gemakkelijk te reinigen. Een goede start voor gezonde duiven! Opgelet: dit artikel wordt geleverd zonder nestmat<\/p>","protected":false},"featured_media":469,"template":"","meta":{"_acf_changed":false,"inline_featured_image":false},"product_brand":[],"product_cat":[22],"product_tag":[],"class_list":{"0":"post-468","1":"product","2":"type-product","3":"status-publish","4":"has-post-thumbnail","6":"product_cat-hokinrichting","8":"first","9":"instock","10":"taxable","11":"shipping-taxable","12":"purchasable","13":"product-type-simple"},"acf":[],"yoast_head":"<!-- This site is optimized with the Yoast SEO plugin v27.3 - https:\/\/yoast.com\/product\/yoast-seo-wordpress\/ -->\n<title>Nestschotel Airluxe - Rings4Wings<\/title>\n<meta name=\"description\" content=\"Deze geventileerde nestschotel geniet maximum ventilatiecapaciteit (90%). Het resultaat is een droog nest en jongen. Eenvoudig te reinigen!\" \/>\n<meta name=\"robots\" content=\"index, follow, max-snippet:-1, max-image-preview:large, max-video-preview:-1\" \/>\n<link rel=\"canonical\" href=\"https:\/\/rings4wings.com\/fr\/produits\/equipement-du-cage-et-plus\/plat-gigogne-airluxe\/\" \/>\n<meta property=\"og:locale\" content=\"fr_FR\" \/>\n<meta property=\"og:type\" content=\"article\" \/>\n<meta property=\"og:title\" content=\"Nestschotel Airluxe - Rings4Wings\" \/>\n<meta property=\"og:description\" content=\"Deze geventileerde nestschotel geniet maximum ventilatiecapaciteit (90%). Het resultaat is een droog nest en jongen. Eenvoudig te reinigen!\" \/>\n<meta property=\"og:url\" content=\"https:\/\/rings4wings.com\/fr\/produits\/equipement-du-cage-et-plus\/plat-gigogne-airluxe\/\" \/>\n<meta property=\"og:site_name\" content=\"Rings4Wings\" \/>\n<meta property=\"article:modified_time\" content=\"2026-01-23T10:01:23+00:00\" \/>\n<meta property=\"og:image\" content=\"https:\/\/rings4wings.com\/wp-content\/uploads\/2024\/08\/750N-grijs_1024x1024.webp\" \/>\n\t<meta property=\"og:image:width\" content=\"876\" \/>\n\t<meta property=\"og:image:height\" content=\"579\" \/>\n\t<meta property=\"og:image:type\" content=\"image\/webp\" \/>\n<meta name=\"twitter:card\" content=\"summary_large_image\" \/>\n<meta name=\"twitter:label1\" content=\"Dur\u00e9e de lecture estim\u00e9e\" \/>\n\t<meta name=\"twitter:data1\" content=\"1 minute\" \/>\n<script type=\"application\/ld+json\" class=\"yoast-schema-graph\">{\"@context\":\"https:\\\/\\\/schema.org\",\"@graph\":[{\"@type\":\"WebPage\",\"@id\":\"https:\\\/\\\/rings4wings.com\\\/producten\\\/hokinrichting\\\/nestschotel-airluxe\\\/\",\"url\":\"https:\\\/\\\/rings4wings.com\\\/producten\\\/hokinrichting\\\/nestschotel-airluxe\\\/\",\"name\":\"Nestschotel Airluxe - Rings4Wings\",\"isPartOf\":{\"@id\":\"https:\\\/\\\/rings4wings.com\\\/nl\\\/#website\"},\"primaryImageOfPage\":{\"@id\":\"https:\\\/\\\/rings4wings.com\\\/producten\\\/hokinrichting\\\/nestschotel-airluxe\\\/#primaryimage\"},\"image\":{\"@id\":\"https:\\\/\\\/rings4wings.com\\\/producten\\\/hokinrichting\\\/nestschotel-airluxe\\\/#primaryimage\"},\"thumbnailUrl\":\"https:\\\/\\\/rings4wings.com\\\/wp-content\\\/uploads\\\/2024\\\/08\\\/750N-grijs_1024x1024.webp\",\"datePublished\":\"2024-08-21T16:18:03+00:00\",\"dateModified\":\"2026-01-23T10:01:23+00:00\",\"description\":\"Deze geventileerde nestschotel geniet maximum ventilatiecapaciteit (90%). Het resultaat is een droog nest en jongen. Eenvoudig te reinigen!\",\"breadcrumb\":{\"@id\":\"https:\\\/\\\/rings4wings.com\\\/producten\\\/hokinrichting\\\/nestschotel-airluxe\\\/#breadcrumb\"},\"inLanguage\":\"fr-FR\",\"potentialAction\":[{\"@type\":\"ReadAction\",\"target\":[\"https:\\\/\\\/rings4wings.com\\\/producten\\\/hokinrichting\\\/nestschotel-airluxe\\\/\"]}]},{\"@type\":\"ImageObject\",\"inLanguage\":\"fr-FR\",\"@id\":\"https:\\\/\\\/rings4wings.com\\\/producten\\\/hokinrichting\\\/nestschotel-airluxe\\\/#primaryimage\",\"url\":\"https:\\\/\\\/rings4wings.com\\\/wp-content\\\/uploads\\\/2024\\\/08\\\/750N-grijs_1024x1024.webp\",\"contentUrl\":\"https:\\\/\\\/rings4wings.com\\\/wp-content\\\/uploads\\\/2024\\\/08\\\/750N-grijs_1024x1024.webp\",\"width\":876,\"height\":579},{\"@type\":\"BreadcrumbList\",\"@id\":\"https:\\\/\\\/rings4wings.com\\\/producten\\\/hokinrichting\\\/nestschotel-airluxe\\\/#breadcrumb\",\"itemListElement\":[{\"@type\":\"ListItem\",\"position\":1,\"name\":\"Home\",\"item\":\"https:\\\/\\\/rings4wings.com\\\/nl\\\/\"},{\"@type\":\"ListItem\",\"position\":2,\"name\":\"Webshop\",\"item\":\"https:\\\/\\\/rings4wings.com\\\/en\\\/products\\\/\"},{\"@type\":\"ListItem\",\"position\":3,\"name\":\"Hokinrichting &amp; meer\",\"item\":\"https:\\\/\\\/rings4wings.com\\\/nl\\\/aanbod\\\/hokinrichting\\\/\"},{\"@type\":\"ListItem\",\"position\":4,\"name\":\"Nestschotel Airluxe\"}]},{\"@type\":\"WebSite\",\"@id\":\"https:\\\/\\\/rings4wings.com\\\/nl\\\/#website\",\"url\":\"https:\\\/\\\/rings4wings.com\\\/nl\\\/\",\"name\":\"Rings4Wings\",\"description\":\"\",\"potentialAction\":[{\"@type\":\"SearchAction\",\"target\":{\"@type\":\"EntryPoint\",\"urlTemplate\":\"https:\\\/\\\/rings4wings.com\\\/nl\\\/?s={search_term_string}\"},\"query-input\":{\"@type\":\"PropertyValueSpecification\",\"valueRequired\":true,\"valueName\":\"search_term_string\"}}],\"inLanguage\":\"fr-FR\"}]}<\/script>\n<!-- \/ Yoast SEO plugin. -->","yoast_head_json":{"title":"Plat gigogne Airluxe - Rings4Wings","description":"Ce plat \u00e0 nid ventil\u00e9 b\u00e9n\u00e9ficie d'une capacit\u00e9 de ventilation maximale (90%). Le r\u00e9sultat est un nid et des petits secs. Facile \u00e0 nettoyer !","robots":{"index":"index","follow":"follow","max-snippet":"max-snippet:-1","max-image-preview":"max-image-preview:large","max-video-preview":"max-video-preview:-1"},"canonical":"https:\/\/rings4wings.com\/fr\/produits\/equipement-du-cage-et-plus\/plat-gigogne-airluxe\/","og_locale":"fr_FR","og_type":"article","og_title":"Nestschotel Airluxe - Rings4Wings","og_description":"Deze geventileerde nestschotel geniet maximum ventilatiecapaciteit (90%). Het resultaat is een droog nest en jongen. Eenvoudig te reinigen!","og_url":"https:\/\/rings4wings.com\/fr\/produits\/equipement-du-cage-et-plus\/plat-gigogne-airluxe\/","og_site_name":"Rings4Wings","article_modified_time":"2026-01-23T10:01:23+00:00","og_image":[{"width":876,"height":579,"url":"https:\/\/rings4wings.com\/wp-content\/uploads\/2024\/08\/750N-grijs_1024x1024.webp","type":"image\/webp"}],"twitter_card":"summary_large_image","twitter_misc":{"Dur\u00e9e de lecture estim\u00e9e":"1 minute"},"schema":{"@context":"https:\/\/schema.org","@graph":[{"@type":"WebPage","@id":"https:\/\/rings4wings.com\/producten\/hokinrichting\/nestschotel-airluxe\/","url":"https:\/\/rings4wings.com\/producten\/hokinrichting\/nestschotel-airluxe\/","name":"Plat gigogne Airluxe - Rings4Wings","isPartOf":{"@id":"https:\/\/rings4wings.com\/nl\/#website"},"primaryImageOfPage":{"@id":"https:\/\/rings4wings.com\/producten\/hokinrichting\/nestschotel-airluxe\/#primaryimage"},"image":{"@id":"https:\/\/rings4wings.com\/producten\/hokinrichting\/nestschotel-airluxe\/#primaryimage"},"thumbnailUrl":"https:\/\/rings4wings.com\/wp-content\/uploads\/2024\/08\/750N-grijs_1024x1024.webp","datePublished":"2024-08-21T16:18:03+00:00","dateModified":"2026-01-23T10:01:23+00:00","description":"Ce plat \u00e0 nid ventil\u00e9 b\u00e9n\u00e9ficie d'une capacit\u00e9 de ventilation maximale (90%). Le r\u00e9sultat est un nid et des petits secs. Facile \u00e0 nettoyer !","breadcrumb":{"@id":"https:\/\/rings4wings.com\/producten\/hokinrichting\/nestschotel-airluxe\/#breadcrumb"},"inLanguage":"fr-FR","potentialAction":[{"@type":"ReadAction","target":["https:\/\/rings4wings.com\/producten\/hokinrichting\/nestschotel-airluxe\/"]}]},{"@type":"ImageObject","inLanguage":"fr-FR","@id":"https:\/\/rings4wings.com\/producten\/hokinrichting\/nestschotel-airluxe\/#primaryimage","url":"https:\/\/rings4wings.com\/wp-content\/uploads\/2024\/08\/750N-grijs_1024x1024.webp","contentUrl":"https:\/\/rings4wings.com\/wp-content\/uploads\/2024\/08\/750N-grijs_1024x1024.webp","width":876,"height":579},{"@type":"BreadcrumbList","@id":"https:\/\/rings4wings.com\/producten\/hokinrichting\/nestschotel-airluxe\/#breadcrumb","itemListElement":[{"@type":"ListItem","position":1,"name":"Home","item":"https:\/\/rings4wings.com\/nl\/"},{"@type":"ListItem","position":2,"name":"Webshop","item":"https:\/\/rings4wings.com\/en\/products\/"},{"@type":"ListItem","position":3,"name":"Hokinrichting &amp; meer","item":"https:\/\/rings4wings.com\/nl\/aanbod\/hokinrichting\/"},{"@type":"ListItem","position":4,"name":"Nestschotel Airluxe"}]},{"@type":"WebSite","@id":"https:\/\/rings4wings.com\/nl\/#website","url":"https:\/\/rings4wings.com\/nl\/","name":"Rings4Wings","description":"","potentialAction":[{"@type":"SearchAction","target":{"@type":"EntryPoint","urlTemplate":"https:\/\/rings4wings.com\/nl\/?s={search_term_string}"},"query-input":{"@type":"PropertyValueSpecification","valueRequired":true,"valueName":"search_term_string"}}],"inLanguage":"fr-FR"}]}},"jetpack_sharing_enabled":true,"_links":{"self":[{"href":"https:\/\/rings4wings.com\/fr\/wp-json\/wp\/v2\/product\/468","targetHints":{"allow":["GET"]}}],"collection":[{"href":"https:\/\/rings4wings.com\/fr\/wp-json\/wp\/v2\/product"}],"about":[{"href":"https:\/\/rings4wings.com\/fr\/wp-json\/wp\/v2\/types\/product"}],"wp:featuredmedia":[{"embeddable":true,"href":"https:\/\/rings4wings.com\/fr\/wp-json\/wp\/v2\/media\/469"}],"wp:attachment":[{"href":"https:\/\/rings4wings.com\/fr\/wp-json\/wp\/v2\/media?parent=468"}],"wp:term":[{"taxonomy":"product_brand","embeddable":true,"href":"https:\/\/rings4wings.com\/fr\/wp-json\/wp\/v2\/product_brand?post=468"},{"taxonomy":"product_cat","embeddable":true,"href":"https:\/\/rings4wings.com\/fr\/wp-json\/wp\/v2\/product_cat?post=468"},{"taxonomy":"product_tag","embeddable":true,"href":"https:\/\/rings4wings.com\/fr\/wp-json\/wp\/v2\/product_tag?post=468"}],"curies":[{"name":"wp","href":"https:\/\/api.w.org\/{rel}","templated":true}]}}