{"id":464,"date":"2024-08-21T18:16:53","date_gmt":"2024-08-21T16:16:53","guid":{"rendered":"https:\/\/rings4wings.muskedeer-wip.be\/?post_type=product&#038;p=464"},"modified":"2026-01-23T11:02:32","modified_gmt":"2026-01-23T10:02:32","slug":"des-fronts-faciles-a-mettre-en-place-et-a-retirer","status":"publish","type":"product","link":"https:\/\/rings4wings.com\/fr\/produits\/equipement-du-cage-et-plus\/des-fronts-faciles-a-mettre-en-place-et-a-retirer\/","title":{"rendered":"Fa\u00e7ades \"Easy on, Easy off\" (faciles \u00e0 mettre et \u00e0 enlever)"},"content":{"rendered":"<p>Ce produit de haute qualit\u00e9, parfaitement fini \"<strong>Facile \u00e0 mettre en place, facile \u00e0 enlever<\/strong>Les fa\u00e7ades \" sont sans doute les plus pratiques et les plus simples du march\u00e9.<\/p>\n<p>Ils tournent autour de 2 tiges en aluminium qui s'enclenchent dans des clips en caoutchouc, ce qui permet de les retirer facilement pour nettoyer le clapier.<\/p>\n<p>La face avant est en plastique durable et facile \u00e0 nettoyer.<\/p>\n<p>Ces fa\u00e7ades peuvent \u00eatre d\u00e9coup\u00e9es pour \u00eatre utilis\u00e9es dans tous les enclos (36-39 cm de haut \/ 30-40 cm de profondeur \/ 60-80 cm de large). L'ouverture de la porte peut \u00eatre d\u00e9coup\u00e9e \u00e0 gauche ou \u00e0 droite. Elles sont livr\u00e9es avec des tiges en aluminium, des blocs d'encliquetage, des vis et des instructions de montage.<\/p>\n<p><strong>Une qualit\u00e9 sup\u00e9rieure pour tous !<\/strong><\/p>\n<p>Peut \u00eatre parfaitement combin\u00e9 avec notre <a href=\"\/fr\/produits\/equipement-du-cage-et-plus\/grille-de-fond-pour-bac-a-litiere\/\">grille inf\u00e9rieure<\/a>.<\/p>\n<p><a href=\"\/wp-content\/uploads\/2024\/08\/nestafluiting.pdf\">T\u00e9l\u00e9charger les instructions de montage<\/a><\/p>","protected":false},"excerpt":{"rendered":"<p>Deze hoogwaardige, perfect afgewerkte &#8220;Easy on, Easy off&#8221; voorfronten zijn zonder twijfel de meest praktische en eenvoudigste op de markt. Ze draaien om 2 aluminium staven die vastklikken in rubberen klemmetjes waardoor ze gemakkelijk kunnen worden verwijderd om het hok te reinigen. Het voorfront is gemaakt van duurzaam kunststof dat eenvoudig te reinigen is. Deze [&hellip;]<\/p>\n","protected":false},"featured_media":465,"template":"","meta":{"_acf_changed":false,"inline_featured_image":false},"product_brand":[],"product_cat":[22],"product_tag":[],"class_list":{"0":"post-464","1":"product","2":"type-product","3":"status-publish","4":"has-post-thumbnail","6":"product_cat-hokinrichting","8":"first","9":"instock","10":"taxable","11":"shipping-taxable","12":"purchasable","13":"product-type-variable"},"acf":[],"yoast_head":"<!-- This site is optimized with the Yoast SEO plugin v27.3 - https:\/\/yoast.com\/product\/yoast-seo-wordpress\/ -->\n<title>Voorfront voor vogelkooi - Eenvoudig en heel praktisch - Rings4Wings<\/title>\n<meta name=\"description\" content=\"Ontdek onze &#039;Easy on, Easy off&#039; voorfronten voor vogelhokken en kooien. Het hok van je duiven of vogels reinigen doe je nu nog sneller. Bestel online!\" \/>\n<meta name=\"robots\" content=\"index, follow, max-snippet:-1, max-image-preview:large, max-video-preview:-1\" \/>\n<link rel=\"canonical\" href=\"https:\/\/rings4wings.com\/fr\/produits\/equipement-du-cage-et-plus\/des-fronts-faciles-a-mettre-en-place-et-a-retirer\/\" \/>\n<meta property=\"og:locale\" content=\"fr_FR\" \/>\n<meta property=\"og:type\" content=\"article\" \/>\n<meta property=\"og:title\" content=\"Voorfront voor vogelkooi - Eenvoudig en heel praktisch - Rings4Wings\" \/>\n<meta property=\"og:description\" content=\"Ontdek onze &#039;Easy on, Easy off&#039; voorfronten voor vogelhokken en kooien. Het hok van je duiven of vogels reinigen doe je nu nog sneller. Bestel online!\" \/>\n<meta property=\"og:url\" content=\"https:\/\/rings4wings.com\/fr\/produits\/equipement-du-cage-et-plus\/des-fronts-faciles-a-mettre-en-place-et-a-retirer\/\" \/>\n<meta property=\"og:site_name\" content=\"Rings4Wings\" \/>\n<meta property=\"article:modified_time\" content=\"2026-01-23T10:02:32+00:00\" \/>\n<meta property=\"og:image\" content=\"https:\/\/rings4wings.com\/wp-content\/uploads\/2024\/08\/www.rings4wings-4_31e2db29-eefc-4ba0-8a24-4b48f7d16bf2_1024x1024.webp\" \/>\n\t<meta property=\"og:image:width\" content=\"618\" \/>\n\t<meta property=\"og:image:height\" content=\"294\" \/>\n\t<meta property=\"og:image:type\" content=\"image\/webp\" \/>\n<meta name=\"twitter:card\" content=\"summary_large_image\" \/>\n<meta name=\"twitter:label1\" content=\"Dur\u00e9e de lecture estim\u00e9e\" \/>\n\t<meta name=\"twitter:data1\" content=\"1 minute\" \/>\n<script type=\"application\/ld+json\" class=\"yoast-schema-graph\">{\"@context\":\"https:\\\/\\\/schema.org\",\"@graph\":[{\"@type\":\"WebPage\",\"@id\":\"https:\\\/\\\/rings4wings.com\\\/producten\\\/hokinrichting\\\/easy-on-easy-off-voorfronten\\\/\",\"url\":\"https:\\\/\\\/rings4wings.com\\\/producten\\\/hokinrichting\\\/easy-on-easy-off-voorfronten\\\/\",\"name\":\"Voorfront voor vogelkooi - Eenvoudig en heel praktisch - Rings4Wings\",\"isPartOf\":{\"@id\":\"https:\\\/\\\/rings4wings.com\\\/nl\\\/#website\"},\"primaryImageOfPage\":{\"@id\":\"https:\\\/\\\/rings4wings.com\\\/producten\\\/hokinrichting\\\/easy-on-easy-off-voorfronten\\\/#primaryimage\"},\"image\":{\"@id\":\"https:\\\/\\\/rings4wings.com\\\/producten\\\/hokinrichting\\\/easy-on-easy-off-voorfronten\\\/#primaryimage\"},\"thumbnailUrl\":\"https:\\\/\\\/rings4wings.com\\\/wp-content\\\/uploads\\\/2024\\\/08\\\/www.rings4wings-4_31e2db29-eefc-4ba0-8a24-4b48f7d16bf2_1024x1024.webp\",\"datePublished\":\"2024-08-21T16:16:53+00:00\",\"dateModified\":\"2026-01-23T10:02:32+00:00\",\"description\":\"Ontdek onze 'Easy on, Easy off' voorfronten voor vogelhokken en kooien. Het hok van je duiven of vogels reinigen doe je nu nog sneller. Bestel online!\",\"breadcrumb\":{\"@id\":\"https:\\\/\\\/rings4wings.com\\\/producten\\\/hokinrichting\\\/easy-on-easy-off-voorfronten\\\/#breadcrumb\"},\"inLanguage\":\"fr-FR\",\"potentialAction\":[{\"@type\":\"ReadAction\",\"target\":[\"https:\\\/\\\/rings4wings.com\\\/producten\\\/hokinrichting\\\/easy-on-easy-off-voorfronten\\\/\"]}]},{\"@type\":\"ImageObject\",\"inLanguage\":\"fr-FR\",\"@id\":\"https:\\\/\\\/rings4wings.com\\\/producten\\\/hokinrichting\\\/easy-on-easy-off-voorfronten\\\/#primaryimage\",\"url\":\"https:\\\/\\\/rings4wings.com\\\/wp-content\\\/uploads\\\/2024\\\/08\\\/www.rings4wings-4_31e2db29-eefc-4ba0-8a24-4b48f7d16bf2_1024x1024.webp\",\"contentUrl\":\"https:\\\/\\\/rings4wings.com\\\/wp-content\\\/uploads\\\/2024\\\/08\\\/www.rings4wings-4_31e2db29-eefc-4ba0-8a24-4b48f7d16bf2_1024x1024.webp\",\"width\":618,\"height\":294},{\"@type\":\"BreadcrumbList\",\"@id\":\"https:\\\/\\\/rings4wings.com\\\/producten\\\/hokinrichting\\\/easy-on-easy-off-voorfronten\\\/#breadcrumb\",\"itemListElement\":[{\"@type\":\"ListItem\",\"position\":1,\"name\":\"Home\",\"item\":\"https:\\\/\\\/rings4wings.com\\\/nl\\\/\"},{\"@type\":\"ListItem\",\"position\":2,\"name\":\"Webshop\",\"item\":\"https:\\\/\\\/rings4wings.com\\\/en\\\/products\\\/\"},{\"@type\":\"ListItem\",\"position\":3,\"name\":\"Hokinrichting &amp; meer\",\"item\":\"https:\\\/\\\/rings4wings.com\\\/nl\\\/aanbod\\\/hokinrichting\\\/\"},{\"@type\":\"ListItem\",\"position\":4,\"name\":\"\u201cEasy on, Easy off\u201d voorfronten\"}]},{\"@type\":\"WebSite\",\"@id\":\"https:\\\/\\\/rings4wings.com\\\/nl\\\/#website\",\"url\":\"https:\\\/\\\/rings4wings.com\\\/nl\\\/\",\"name\":\"Rings4Wings\",\"description\":\"\",\"potentialAction\":[{\"@type\":\"SearchAction\",\"target\":{\"@type\":\"EntryPoint\",\"urlTemplate\":\"https:\\\/\\\/rings4wings.com\\\/nl\\\/?s={search_term_string}\"},\"query-input\":{\"@type\":\"PropertyValueSpecification\",\"valueRequired\":true,\"valueName\":\"search_term_string\"}}],\"inLanguage\":\"fr-FR\"}]}<\/script>\n<!-- \/ Yoast SEO plugin. -->","yoast_head_json":{"title":"Fa\u00e7ade pour cage \u00e0 oiseaux - Simple et tr\u00e8s pratique - Rings4Wings","description":"D\u00e9couvrez nos fa\u00e7ades \"Easy on, Easy off\" pour les nichoirs et les cages. D\u00e9sormais, vous pouvez nettoyer le poulailler de vos pigeons ou de vos oiseaux encore plus rapidement. Commandez en ligne !","robots":{"index":"index","follow":"follow","max-snippet":"max-snippet:-1","max-image-preview":"max-image-preview:large","max-video-preview":"max-video-preview:-1"},"canonical":"https:\/\/rings4wings.com\/fr\/produits\/equipement-du-cage-et-plus\/des-fronts-faciles-a-mettre-en-place-et-a-retirer\/","og_locale":"fr_FR","og_type":"article","og_title":"Voorfront voor vogelkooi - Eenvoudig en heel praktisch - Rings4Wings","og_description":"Ontdek onze 'Easy on, Easy off' voorfronten voor vogelhokken en kooien. Het hok van je duiven of vogels reinigen doe je nu nog sneller. Bestel online!","og_url":"https:\/\/rings4wings.com\/fr\/produits\/equipement-du-cage-et-plus\/des-fronts-faciles-a-mettre-en-place-et-a-retirer\/","og_site_name":"Rings4Wings","article_modified_time":"2026-01-23T10:02:32+00:00","og_image":[{"width":618,"height":294,"url":"https:\/\/rings4wings.com\/wp-content\/uploads\/2024\/08\/www.rings4wings-4_31e2db29-eefc-4ba0-8a24-4b48f7d16bf2_1024x1024.webp","type":"image\/webp"}],"twitter_card":"summary_large_image","twitter_misc":{"Dur\u00e9e de lecture estim\u00e9e":"1 minute"},"schema":{"@context":"https:\/\/schema.org","@graph":[{"@type":"WebPage","@id":"https:\/\/rings4wings.com\/producten\/hokinrichting\/easy-on-easy-off-voorfronten\/","url":"https:\/\/rings4wings.com\/producten\/hokinrichting\/easy-on-easy-off-voorfronten\/","name":"Fa\u00e7ade pour cage \u00e0 oiseaux - Simple et tr\u00e8s pratique - Rings4Wings","isPartOf":{"@id":"https:\/\/rings4wings.com\/nl\/#website"},"primaryImageOfPage":{"@id":"https:\/\/rings4wings.com\/producten\/hokinrichting\/easy-on-easy-off-voorfronten\/#primaryimage"},"image":{"@id":"https:\/\/rings4wings.com\/producten\/hokinrichting\/easy-on-easy-off-voorfronten\/#primaryimage"},"thumbnailUrl":"https:\/\/rings4wings.com\/wp-content\/uploads\/2024\/08\/www.rings4wings-4_31e2db29-eefc-4ba0-8a24-4b48f7d16bf2_1024x1024.webp","datePublished":"2024-08-21T16:16:53+00:00","dateModified":"2026-01-23T10:02:32+00:00","description":"D\u00e9couvrez nos fa\u00e7ades \"Easy on, Easy off\" pour les nichoirs et les cages. D\u00e9sormais, vous pouvez nettoyer le poulailler de vos pigeons ou de vos oiseaux encore plus rapidement. Commandez en ligne !","breadcrumb":{"@id":"https:\/\/rings4wings.com\/producten\/hokinrichting\/easy-on-easy-off-voorfronten\/#breadcrumb"},"inLanguage":"fr-FR","potentialAction":[{"@type":"ReadAction","target":["https:\/\/rings4wings.com\/producten\/hokinrichting\/easy-on-easy-off-voorfronten\/"]}]},{"@type":"ImageObject","inLanguage":"fr-FR","@id":"https:\/\/rings4wings.com\/producten\/hokinrichting\/easy-on-easy-off-voorfronten\/#primaryimage","url":"https:\/\/rings4wings.com\/wp-content\/uploads\/2024\/08\/www.rings4wings-4_31e2db29-eefc-4ba0-8a24-4b48f7d16bf2_1024x1024.webp","contentUrl":"https:\/\/rings4wings.com\/wp-content\/uploads\/2024\/08\/www.rings4wings-4_31e2db29-eefc-4ba0-8a24-4b48f7d16bf2_1024x1024.webp","width":618,"height":294},{"@type":"BreadcrumbList","@id":"https:\/\/rings4wings.com\/producten\/hokinrichting\/easy-on-easy-off-voorfronten\/#breadcrumb","itemListElement":[{"@type":"ListItem","position":1,"name":"Home","item":"https:\/\/rings4wings.com\/nl\/"},{"@type":"ListItem","position":2,"name":"Webshop","item":"https:\/\/rings4wings.com\/en\/products\/"},{"@type":"ListItem","position":3,"name":"Hokinrichting &amp; meer","item":"https:\/\/rings4wings.com\/nl\/aanbod\/hokinrichting\/"},{"@type":"ListItem","position":4,"name":"\u201cEasy on, Easy off\u201d voorfronten"}]},{"@type":"WebSite","@id":"https:\/\/rings4wings.com\/nl\/#website","url":"https:\/\/rings4wings.com\/nl\/","name":"Rings4Wings","description":"","potentialAction":[{"@type":"SearchAction","target":{"@type":"EntryPoint","urlTemplate":"https:\/\/rings4wings.com\/nl\/?s={search_term_string}"},"query-input":{"@type":"PropertyValueSpecification","valueRequired":true,"valueName":"search_term_string"}}],"inLanguage":"fr-FR"}]}},"jetpack_sharing_enabled":true,"_links":{"self":[{"href":"https:\/\/rings4wings.com\/fr\/wp-json\/wp\/v2\/product\/464","targetHints":{"allow":["GET"]}}],"collection":[{"href":"https:\/\/rings4wings.com\/fr\/wp-json\/wp\/v2\/product"}],"about":[{"href":"https:\/\/rings4wings.com\/fr\/wp-json\/wp\/v2\/types\/product"}],"wp:featuredmedia":[{"embeddable":true,"href":"https:\/\/rings4wings.com\/fr\/wp-json\/wp\/v2\/media\/465"}],"wp:attachment":[{"href":"https:\/\/rings4wings.com\/fr\/wp-json\/wp\/v2\/media?parent=464"}],"wp:term":[{"taxonomy":"product_brand","embeddable":true,"href":"https:\/\/rings4wings.com\/fr\/wp-json\/wp\/v2\/product_brand?post=464"},{"taxonomy":"product_cat","embeddable":true,"href":"https:\/\/rings4wings.com\/fr\/wp-json\/wp\/v2\/product_cat?post=464"},{"taxonomy":"product_tag","embeddable":true,"href":"https:\/\/rings4wings.com\/fr\/wp-json\/wp\/v2\/product_tag?post=464"}],"curies":[{"name":"wp","href":"https:\/\/api.w.org\/{rel}","templated":true}]}}