{"id":462,"date":"2024-08-21T18:08:13","date_gmt":"2024-08-21T16:08:13","guid":{"rendered":"https:\/\/rings4wings.muskedeer-wip.be\/?post_type=product&#038;p=462"},"modified":"2026-01-23T11:03:26","modified_gmt":"2026-01-23T10:03:26","slug":"grille-de-fond-pour-bac-a-litiere","status":"publish","type":"product","link":"https:\/\/rings4wings.com\/fr\/produits\/equipement-du-cage-et-plus\/grille-de-fond-pour-bac-a-litiere\/","title":{"rendered":"Grille de sol pour nichoir"},"content":{"rendered":"<p>Grille de fond en plastique de haute qualit\u00e9, mesurant 38 x 38 cm, pouvant \u00eatre d\u00e9coup\u00e9e sur mesure. Les dimensions des mailles sont de 3 x 1,5 cm. Design \u00e9l\u00e9gant.<\/p>\n<p>8 pieds r\u00e9glables \u00e0 pression offrent un soutien l\u00e0 o\u00f9 il est n\u00e9cessaire et placent la grille \u00e0 une hauteur de 20 mm par rapport au fond. Cela permet \u00e0 l'air de circuler librement sous le nid et \u00e0 la salet\u00e9 de tomber \u00e0 travers la grille. Facile \u00e0 nettoyer \u00e0 l'eau.<\/p>\n<p><strong>Une solution rapide et hygi\u00e9nique !<\/strong><\/p>\n<p>Peut \u00eatre parfaitement combin\u00e9 avec <a href=\"\/fr\/produits\/equipement-du-cage-et-plus\/des-fronts-faciles-a-mettre-en-place-et-a-retirer\/\">Nos fa\u00e7ades \"Easy on, Easy off\" (faciles \u00e0 mettre et \u00e0 enlever)<\/a>.<\/p>","protected":false},"excerpt":{"rendered":"<p>Hoog kwalitatieve, kunststof bodemrooster van 38 x 38 cm dat op maat kan worden geknipt. De maas afmetingen zijn 3 x 1,5 cm. Mooie strakke uitvoering. 8 verstelbare klikvoetjes geven steun waar het nodig is en plaatsen de rooster op een hoogte van 20 mm van de bodem. Hierdoor kan de lucht vrij onder het [&hellip;]<\/p>\n","protected":false},"featured_media":463,"template":"","meta":{"_acf_changed":false,"inline_featured_image":false},"product_brand":[],"product_cat":[22],"product_tag":[],"class_list":{"0":"post-462","1":"product","2":"type-product","3":"status-publish","4":"has-post-thumbnail","6":"product_cat-hokinrichting","8":"first","9":"instock","10":"taxable","11":"shipping-taxable","12":"purchasable","13":"product-type-simple"},"acf":[],"yoast_head":"<!-- This site is optimized with the Yoast SEO plugin v27.3 - https:\/\/yoast.com\/product\/yoast-seo-wordpress\/ -->\n<title>Bodemrooster voor nestbak - Rings4Wings<\/title>\n<meta name=\"description\" content=\"Kwalitatieve, kunststof bodemrooster voor vogelkooien. De rooster kan op maat worden geknipt, 8 verstelbare klikvoetjes geven extra steun. Bestel online!\" \/>\n<meta name=\"robots\" content=\"index, follow, max-snippet:-1, max-image-preview:large, max-video-preview:-1\" \/>\n<link rel=\"canonical\" href=\"https:\/\/rings4wings.com\/fr\/produits\/equipement-du-cage-et-plus\/grille-de-fond-pour-bac-a-litiere\/\" \/>\n<meta property=\"og:locale\" content=\"fr_FR\" \/>\n<meta property=\"og:type\" content=\"article\" \/>\n<meta property=\"og:title\" content=\"Bodemrooster voor nestbak - Rings4Wings\" \/>\n<meta property=\"og:description\" content=\"Kwalitatieve, kunststof bodemrooster voor vogelkooien. De rooster kan op maat worden geknipt, 8 verstelbare klikvoetjes geven extra steun. Bestel online!\" \/>\n<meta property=\"og:url\" content=\"https:\/\/rings4wings.com\/fr\/produits\/equipement-du-cage-et-plus\/grille-de-fond-pour-bac-a-litiere\/\" \/>\n<meta property=\"og:site_name\" content=\"Rings4Wings\" \/>\n<meta property=\"article:modified_time\" content=\"2026-01-23T10:03:26+00:00\" \/>\n<meta property=\"og:image\" content=\"https:\/\/rings4wings.com\/wp-content\/uploads\/2024\/08\/www.rings4wings_3a219aba-ecd4-4b12-9902-96ee30ea338a_1024x1024.webp\" \/>\n\t<meta property=\"og:image:width\" content=\"324\" \/>\n\t<meta property=\"og:image:height\" content=\"400\" \/>\n\t<meta property=\"og:image:type\" content=\"image\/webp\" \/>\n<meta name=\"twitter:card\" content=\"summary_large_image\" \/>\n<meta name=\"twitter:label1\" content=\"Dur\u00e9e de lecture estim\u00e9e\" \/>\n\t<meta name=\"twitter:data1\" content=\"1 minute\" \/>\n<script type=\"application\/ld+json\" class=\"yoast-schema-graph\">{\"@context\":\"https:\\\/\\\/schema.org\",\"@graph\":[{\"@type\":\"WebPage\",\"@id\":\"https:\\\/\\\/rings4wings.com\\\/producten\\\/hokinrichting\\\/bodemrooster-voor-nestbak\\\/\",\"url\":\"https:\\\/\\\/rings4wings.com\\\/producten\\\/hokinrichting\\\/bodemrooster-voor-nestbak\\\/\",\"name\":\"Bodemrooster voor nestbak - Rings4Wings\",\"isPartOf\":{\"@id\":\"https:\\\/\\\/rings4wings.com\\\/nl\\\/#website\"},\"primaryImageOfPage\":{\"@id\":\"https:\\\/\\\/rings4wings.com\\\/producten\\\/hokinrichting\\\/bodemrooster-voor-nestbak\\\/#primaryimage\"},\"image\":{\"@id\":\"https:\\\/\\\/rings4wings.com\\\/producten\\\/hokinrichting\\\/bodemrooster-voor-nestbak\\\/#primaryimage\"},\"thumbnailUrl\":\"https:\\\/\\\/rings4wings.com\\\/wp-content\\\/uploads\\\/2024\\\/08\\\/www.rings4wings_3a219aba-ecd4-4b12-9902-96ee30ea338a_1024x1024.webp\",\"datePublished\":\"2024-08-21T16:08:13+00:00\",\"dateModified\":\"2026-01-23T10:03:26+00:00\",\"description\":\"Kwalitatieve, kunststof bodemrooster voor vogelkooien. De rooster kan op maat worden geknipt, 8 verstelbare klikvoetjes geven extra steun. Bestel online!\",\"breadcrumb\":{\"@id\":\"https:\\\/\\\/rings4wings.com\\\/producten\\\/hokinrichting\\\/bodemrooster-voor-nestbak\\\/#breadcrumb\"},\"inLanguage\":\"fr-FR\",\"potentialAction\":[{\"@type\":\"ReadAction\",\"target\":[\"https:\\\/\\\/rings4wings.com\\\/producten\\\/hokinrichting\\\/bodemrooster-voor-nestbak\\\/\"]}]},{\"@type\":\"ImageObject\",\"inLanguage\":\"fr-FR\",\"@id\":\"https:\\\/\\\/rings4wings.com\\\/producten\\\/hokinrichting\\\/bodemrooster-voor-nestbak\\\/#primaryimage\",\"url\":\"https:\\\/\\\/rings4wings.com\\\/wp-content\\\/uploads\\\/2024\\\/08\\\/www.rings4wings_3a219aba-ecd4-4b12-9902-96ee30ea338a_1024x1024.webp\",\"contentUrl\":\"https:\\\/\\\/rings4wings.com\\\/wp-content\\\/uploads\\\/2024\\\/08\\\/www.rings4wings_3a219aba-ecd4-4b12-9902-96ee30ea338a_1024x1024.webp\",\"width\":324,\"height\":400},{\"@type\":\"BreadcrumbList\",\"@id\":\"https:\\\/\\\/rings4wings.com\\\/producten\\\/hokinrichting\\\/bodemrooster-voor-nestbak\\\/#breadcrumb\",\"itemListElement\":[{\"@type\":\"ListItem\",\"position\":1,\"name\":\"Home\",\"item\":\"https:\\\/\\\/rings4wings.com\\\/nl\\\/\"},{\"@type\":\"ListItem\",\"position\":2,\"name\":\"Webshop\",\"item\":\"https:\\\/\\\/rings4wings.com\\\/en\\\/products\\\/\"},{\"@type\":\"ListItem\",\"position\":3,\"name\":\"Hokinrichting &amp; meer\",\"item\":\"https:\\\/\\\/rings4wings.com\\\/nl\\\/aanbod\\\/hokinrichting\\\/\"},{\"@type\":\"ListItem\",\"position\":4,\"name\":\"Bodemrooster voor nestbak\"}]},{\"@type\":\"WebSite\",\"@id\":\"https:\\\/\\\/rings4wings.com\\\/nl\\\/#website\",\"url\":\"https:\\\/\\\/rings4wings.com\\\/nl\\\/\",\"name\":\"Rings4Wings\",\"description\":\"\",\"potentialAction\":[{\"@type\":\"SearchAction\",\"target\":{\"@type\":\"EntryPoint\",\"urlTemplate\":\"https:\\\/\\\/rings4wings.com\\\/nl\\\/?s={search_term_string}\"},\"query-input\":{\"@type\":\"PropertyValueSpecification\",\"valueRequired\":true,\"valueName\":\"search_term_string\"}}],\"inLanguage\":\"fr-FR\"}]}<\/script>\n<!-- \/ Yoast SEO plugin. -->","yoast_head_json":{"title":"Grille de sol pour bac \u00e0 liti\u00e8re - Rings4Wings","description":"Grille de fond en plastique de qualit\u00e9 pour les cages d'oiseaux. La grille peut \u00eatre coup\u00e9e \u00e0 la taille voulue, 8 pieds r\u00e9glables \u00e0 pression assurent un soutien suppl\u00e9mentaire. Commandez en ligne !","robots":{"index":"index","follow":"follow","max-snippet":"max-snippet:-1","max-image-preview":"max-image-preview:large","max-video-preview":"max-video-preview:-1"},"canonical":"https:\/\/rings4wings.com\/fr\/produits\/equipement-du-cage-et-plus\/grille-de-fond-pour-bac-a-litiere\/","og_locale":"fr_FR","og_type":"article","og_title":"Bodemrooster voor nestbak - Rings4Wings","og_description":"Kwalitatieve, kunststof bodemrooster voor vogelkooien. De rooster kan op maat worden geknipt, 8 verstelbare klikvoetjes geven extra steun. Bestel online!","og_url":"https:\/\/rings4wings.com\/fr\/produits\/equipement-du-cage-et-plus\/grille-de-fond-pour-bac-a-litiere\/","og_site_name":"Rings4Wings","article_modified_time":"2026-01-23T10:03:26+00:00","og_image":[{"width":324,"height":400,"url":"https:\/\/rings4wings.com\/wp-content\/uploads\/2024\/08\/www.rings4wings_3a219aba-ecd4-4b12-9902-96ee30ea338a_1024x1024.webp","type":"image\/webp"}],"twitter_card":"summary_large_image","twitter_misc":{"Dur\u00e9e de lecture estim\u00e9e":"1 minute"},"schema":{"@context":"https:\/\/schema.org","@graph":[{"@type":"WebPage","@id":"https:\/\/rings4wings.com\/producten\/hokinrichting\/bodemrooster-voor-nestbak\/","url":"https:\/\/rings4wings.com\/producten\/hokinrichting\/bodemrooster-voor-nestbak\/","name":"Grille de sol pour bac \u00e0 liti\u00e8re - Rings4Wings","isPartOf":{"@id":"https:\/\/rings4wings.com\/nl\/#website"},"primaryImageOfPage":{"@id":"https:\/\/rings4wings.com\/producten\/hokinrichting\/bodemrooster-voor-nestbak\/#primaryimage"},"image":{"@id":"https:\/\/rings4wings.com\/producten\/hokinrichting\/bodemrooster-voor-nestbak\/#primaryimage"},"thumbnailUrl":"https:\/\/rings4wings.com\/wp-content\/uploads\/2024\/08\/www.rings4wings_3a219aba-ecd4-4b12-9902-96ee30ea338a_1024x1024.webp","datePublished":"2024-08-21T16:08:13+00:00","dateModified":"2026-01-23T10:03:26+00:00","description":"Grille de fond en plastique de qualit\u00e9 pour les cages d'oiseaux. La grille peut \u00eatre coup\u00e9e \u00e0 la taille voulue, 8 pieds r\u00e9glables \u00e0 pression assurent un soutien suppl\u00e9mentaire. Commandez en ligne !","breadcrumb":{"@id":"https:\/\/rings4wings.com\/producten\/hokinrichting\/bodemrooster-voor-nestbak\/#breadcrumb"},"inLanguage":"fr-FR","potentialAction":[{"@type":"ReadAction","target":["https:\/\/rings4wings.com\/producten\/hokinrichting\/bodemrooster-voor-nestbak\/"]}]},{"@type":"ImageObject","inLanguage":"fr-FR","@id":"https:\/\/rings4wings.com\/producten\/hokinrichting\/bodemrooster-voor-nestbak\/#primaryimage","url":"https:\/\/rings4wings.com\/wp-content\/uploads\/2024\/08\/www.rings4wings_3a219aba-ecd4-4b12-9902-96ee30ea338a_1024x1024.webp","contentUrl":"https:\/\/rings4wings.com\/wp-content\/uploads\/2024\/08\/www.rings4wings_3a219aba-ecd4-4b12-9902-96ee30ea338a_1024x1024.webp","width":324,"height":400},{"@type":"BreadcrumbList","@id":"https:\/\/rings4wings.com\/producten\/hokinrichting\/bodemrooster-voor-nestbak\/#breadcrumb","itemListElement":[{"@type":"ListItem","position":1,"name":"Home","item":"https:\/\/rings4wings.com\/nl\/"},{"@type":"ListItem","position":2,"name":"Webshop","item":"https:\/\/rings4wings.com\/en\/products\/"},{"@type":"ListItem","position":3,"name":"Hokinrichting &amp; meer","item":"https:\/\/rings4wings.com\/nl\/aanbod\/hokinrichting\/"},{"@type":"ListItem","position":4,"name":"Bodemrooster voor nestbak"}]},{"@type":"WebSite","@id":"https:\/\/rings4wings.com\/nl\/#website","url":"https:\/\/rings4wings.com\/nl\/","name":"Rings4Wings","description":"","potentialAction":[{"@type":"SearchAction","target":{"@type":"EntryPoint","urlTemplate":"https:\/\/rings4wings.com\/nl\/?s={search_term_string}"},"query-input":{"@type":"PropertyValueSpecification","valueRequired":true,"valueName":"search_term_string"}}],"inLanguage":"fr-FR"}]}},"jetpack_sharing_enabled":true,"_links":{"self":[{"href":"https:\/\/rings4wings.com\/fr\/wp-json\/wp\/v2\/product\/462","targetHints":{"allow":["GET"]}}],"collection":[{"href":"https:\/\/rings4wings.com\/fr\/wp-json\/wp\/v2\/product"}],"about":[{"href":"https:\/\/rings4wings.com\/fr\/wp-json\/wp\/v2\/types\/product"}],"wp:featuredmedia":[{"embeddable":true,"href":"https:\/\/rings4wings.com\/fr\/wp-json\/wp\/v2\/media\/463"}],"wp:attachment":[{"href":"https:\/\/rings4wings.com\/fr\/wp-json\/wp\/v2\/media?parent=462"}],"wp:term":[{"taxonomy":"product_brand","embeddable":true,"href":"https:\/\/rings4wings.com\/fr\/wp-json\/wp\/v2\/product_brand?post=462"},{"taxonomy":"product_cat","embeddable":true,"href":"https:\/\/rings4wings.com\/fr\/wp-json\/wp\/v2\/product_cat?post=462"},{"taxonomy":"product_tag","embeddable":true,"href":"https:\/\/rings4wings.com\/fr\/wp-json\/wp\/v2\/product_tag?post=462"}],"curies":[{"name":"wp","href":"https:\/\/api.w.org\/{rel}","templated":true}]}}