{"id":460,"date":"2024-08-21T18:06:19","date_gmt":"2024-08-21T16:06:19","guid":{"rendered":"https:\/\/rings4wings.muskedeer-wip.be\/?post_type=product&#038;p=460"},"modified":"2026-01-23T11:04:40","modified_gmt":"2026-01-23T10:04:40","slug":"pot-a-boire-dangle-avec-plate-forme-de-suspension","status":"publish","type":"product","link":"https:\/\/rings4wings.com\/fr\/produits\/equipement-du-cage-et-plus\/pot-a-boire-dangle-avec-plate-forme-de-suspension\/","title":{"rendered":"Pot \u00e0 boire d'angle avec plateforme suspendue"},"content":{"rendered":"<p>Pot d'angle pratique de 1,7 litre.<\/p>\n<p>Son design unique permet de placer ce pot \u00e0 boire dans un coin de l'enclos.<\/p>\n<p>Gr\u00e2ce \u00e0 la plate-forme incluse, le pot \u00e0 boire peut \u00eatre fix\u00e9 en hauteur pour \u00e9viter la poussi\u00e8re et la salet\u00e9. Il se d\u00e9tache facilement de la plate-forme pour \u00eatre nettoy\u00e9 et rempli.<\/p>\n<p><strong>Produit unique du fabricant d'origine !<\/strong><\/p>","protected":false},"excerpt":{"rendered":"<p>Handige hoekdrinkpot van 1,7 iter. Door het unieke ontwerp kan deze drinkpot geplaatst worden in een hoek van het hok. Door middel van het bijgeleverd platform kan de drinkpot op hoogte worden bevestigd om stof- en vuilvrij te houden. Hij is gemakkelijk los te maken van het platform om schoon te maken en bij te [&hellip;]<\/p>\n","protected":false},"featured_media":461,"template":"","meta":{"_acf_changed":false,"inline_featured_image":false},"product_brand":[],"product_cat":[22],"product_tag":[],"class_list":{"0":"post-460","1":"product","2":"type-product","3":"status-publish","4":"has-post-thumbnail","6":"product_cat-hokinrichting","8":"first","9":"instock","10":"taxable","11":"shipping-taxable","12":"purchasable","13":"product-type-simple"},"acf":[],"yoast_head":"<!-- This site is optimized with the Yoast SEO plugin v27.3 - https:\/\/yoast.com\/product\/yoast-seo-wordpress\/ -->\n<title>Hoekdrinkpot met ophangplatform - Rings4Wings<\/title>\n<meta name=\"description\" content=\"Deze handige drinkbak voor vogels past perfect in de hoek van je voli\u00e8re of ruimte. Kan ook op hoogte gehangen worden. Bestel online!\" \/>\n<meta name=\"robots\" content=\"index, follow, max-snippet:-1, max-image-preview:large, max-video-preview:-1\" \/>\n<link rel=\"canonical\" href=\"https:\/\/rings4wings.com\/fr\/produits\/equipement-du-cage-et-plus\/pot-a-boire-dangle-avec-plate-forme-de-suspension\/\" \/>\n<meta property=\"og:locale\" content=\"fr_FR\" \/>\n<meta property=\"og:type\" content=\"article\" \/>\n<meta property=\"og:title\" content=\"Hoekdrinkpot met ophangplatform - Rings4Wings\" \/>\n<meta property=\"og:description\" content=\"Deze handige drinkbak voor vogels past perfect in de hoek van je voli\u00e8re of ruimte. Kan ook op hoogte gehangen worden. Bestel online!\" \/>\n<meta property=\"og:url\" content=\"https:\/\/rings4wings.com\/fr\/produits\/equipement-du-cage-et-plus\/pot-a-boire-dangle-avec-plate-forme-de-suspension\/\" \/>\n<meta property=\"og:site_name\" content=\"Rings4Wings\" \/>\n<meta property=\"article:modified_time\" content=\"2026-01-23T10:04:40+00:00\" \/>\n<meta property=\"og:image\" content=\"https:\/\/rings4wings.com\/wp-content\/uploads\/2024\/08\/www.rings4wings-1_1024x1024.webp\" \/>\n\t<meta property=\"og:image:width\" content=\"319\" \/>\n\t<meta property=\"og:image:height\" content=\"370\" \/>\n\t<meta property=\"og:image:type\" content=\"image\/webp\" \/>\n<meta name=\"twitter:card\" content=\"summary_large_image\" \/>\n<meta name=\"twitter:label1\" content=\"Dur\u00e9e de lecture estim\u00e9e\" \/>\n\t<meta name=\"twitter:data1\" content=\"1 minute\" \/>\n<script type=\"application\/ld+json\" class=\"yoast-schema-graph\">{\"@context\":\"https:\\\/\\\/schema.org\",\"@graph\":[{\"@type\":\"WebPage\",\"@id\":\"https:\\\/\\\/rings4wings.com\\\/producten\\\/hokinrichting\\\/hoekdrinkpot-met-ophangplatform\\\/\",\"url\":\"https:\\\/\\\/rings4wings.com\\\/producten\\\/hokinrichting\\\/hoekdrinkpot-met-ophangplatform\\\/\",\"name\":\"Hoekdrinkpot met ophangplatform - Rings4Wings\",\"isPartOf\":{\"@id\":\"https:\\\/\\\/rings4wings.com\\\/nl\\\/#website\"},\"primaryImageOfPage\":{\"@id\":\"https:\\\/\\\/rings4wings.com\\\/producten\\\/hokinrichting\\\/hoekdrinkpot-met-ophangplatform\\\/#primaryimage\"},\"image\":{\"@id\":\"https:\\\/\\\/rings4wings.com\\\/producten\\\/hokinrichting\\\/hoekdrinkpot-met-ophangplatform\\\/#primaryimage\"},\"thumbnailUrl\":\"https:\\\/\\\/rings4wings.com\\\/wp-content\\\/uploads\\\/2024\\\/08\\\/www.rings4wings-1_1024x1024.webp\",\"datePublished\":\"2024-08-21T16:06:19+00:00\",\"dateModified\":\"2026-01-23T10:04:40+00:00\",\"description\":\"Deze handige drinkbak voor vogels past perfect in de hoek van je voli\u00e8re of ruimte. Kan ook op hoogte gehangen worden. Bestel online!\",\"breadcrumb\":{\"@id\":\"https:\\\/\\\/rings4wings.com\\\/producten\\\/hokinrichting\\\/hoekdrinkpot-met-ophangplatform\\\/#breadcrumb\"},\"inLanguage\":\"fr-FR\",\"potentialAction\":[{\"@type\":\"ReadAction\",\"target\":[\"https:\\\/\\\/rings4wings.com\\\/producten\\\/hokinrichting\\\/hoekdrinkpot-met-ophangplatform\\\/\"]}]},{\"@type\":\"ImageObject\",\"inLanguage\":\"fr-FR\",\"@id\":\"https:\\\/\\\/rings4wings.com\\\/producten\\\/hokinrichting\\\/hoekdrinkpot-met-ophangplatform\\\/#primaryimage\",\"url\":\"https:\\\/\\\/rings4wings.com\\\/wp-content\\\/uploads\\\/2024\\\/08\\\/www.rings4wings-1_1024x1024.webp\",\"contentUrl\":\"https:\\\/\\\/rings4wings.com\\\/wp-content\\\/uploads\\\/2024\\\/08\\\/www.rings4wings-1_1024x1024.webp\",\"width\":319,\"height\":370},{\"@type\":\"BreadcrumbList\",\"@id\":\"https:\\\/\\\/rings4wings.com\\\/producten\\\/hokinrichting\\\/hoekdrinkpot-met-ophangplatform\\\/#breadcrumb\",\"itemListElement\":[{\"@type\":\"ListItem\",\"position\":1,\"name\":\"Home\",\"item\":\"https:\\\/\\\/rings4wings.com\\\/nl\\\/\"},{\"@type\":\"ListItem\",\"position\":2,\"name\":\"Webshop\",\"item\":\"https:\\\/\\\/rings4wings.com\\\/en\\\/products\\\/\"},{\"@type\":\"ListItem\",\"position\":3,\"name\":\"Hokinrichting &amp; meer\",\"item\":\"https:\\\/\\\/rings4wings.com\\\/nl\\\/aanbod\\\/hokinrichting\\\/\"},{\"@type\":\"ListItem\",\"position\":4,\"name\":\"Hoekdrinkpot met ophangplatform\"}]},{\"@type\":\"WebSite\",\"@id\":\"https:\\\/\\\/rings4wings.com\\\/nl\\\/#website\",\"url\":\"https:\\\/\\\/rings4wings.com\\\/nl\\\/\",\"name\":\"Rings4Wings\",\"description\":\"\",\"potentialAction\":[{\"@type\":\"SearchAction\",\"target\":{\"@type\":\"EntryPoint\",\"urlTemplate\":\"https:\\\/\\\/rings4wings.com\\\/nl\\\/?s={search_term_string}\"},\"query-input\":{\"@type\":\"PropertyValueSpecification\",\"valueRequired\":true,\"valueName\":\"search_term_string\"}}],\"inLanguage\":\"fr-FR\"}]}<\/script>\n<!-- \/ Yoast SEO plugin. -->","yoast_head_json":{"title":"Pot \u00e0 boire d'angle avec plateforme suspendue - Rings4Wings","description":"Cet abreuvoir pratique s'int\u00e8gre parfaitement dans le coin de votre voli\u00e8re ou de votre pi\u00e8ce. Il peut \u00e9galement \u00eatre suspendu en hauteur. Commandez en ligne !","robots":{"index":"index","follow":"follow","max-snippet":"max-snippet:-1","max-image-preview":"max-image-preview:large","max-video-preview":"max-video-preview:-1"},"canonical":"https:\/\/rings4wings.com\/fr\/produits\/equipement-du-cage-et-plus\/pot-a-boire-dangle-avec-plate-forme-de-suspension\/","og_locale":"fr_FR","og_type":"article","og_title":"Hoekdrinkpot met ophangplatform - Rings4Wings","og_description":"Deze handige drinkbak voor vogels past perfect in de hoek van je voli\u00e8re of ruimte. Kan ook op hoogte gehangen worden. Bestel online!","og_url":"https:\/\/rings4wings.com\/fr\/produits\/equipement-du-cage-et-plus\/pot-a-boire-dangle-avec-plate-forme-de-suspension\/","og_site_name":"Rings4Wings","article_modified_time":"2026-01-23T10:04:40+00:00","og_image":[{"width":319,"height":370,"url":"https:\/\/rings4wings.com\/wp-content\/uploads\/2024\/08\/www.rings4wings-1_1024x1024.webp","type":"image\/webp"}],"twitter_card":"summary_large_image","twitter_misc":{"Dur\u00e9e de lecture estim\u00e9e":"1 minute"},"schema":{"@context":"https:\/\/schema.org","@graph":[{"@type":"WebPage","@id":"https:\/\/rings4wings.com\/producten\/hokinrichting\/hoekdrinkpot-met-ophangplatform\/","url":"https:\/\/rings4wings.com\/producten\/hokinrichting\/hoekdrinkpot-met-ophangplatform\/","name":"Pot \u00e0 boire d'angle avec plateforme suspendue - Rings4Wings","isPartOf":{"@id":"https:\/\/rings4wings.com\/nl\/#website"},"primaryImageOfPage":{"@id":"https:\/\/rings4wings.com\/producten\/hokinrichting\/hoekdrinkpot-met-ophangplatform\/#primaryimage"},"image":{"@id":"https:\/\/rings4wings.com\/producten\/hokinrichting\/hoekdrinkpot-met-ophangplatform\/#primaryimage"},"thumbnailUrl":"https:\/\/rings4wings.com\/wp-content\/uploads\/2024\/08\/www.rings4wings-1_1024x1024.webp","datePublished":"2024-08-21T16:06:19+00:00","dateModified":"2026-01-23T10:04:40+00:00","description":"Cet abreuvoir pratique s'int\u00e8gre parfaitement dans le coin de votre voli\u00e8re ou de votre pi\u00e8ce. Il peut \u00e9galement \u00eatre suspendu en hauteur. Commandez en ligne !","breadcrumb":{"@id":"https:\/\/rings4wings.com\/producten\/hokinrichting\/hoekdrinkpot-met-ophangplatform\/#breadcrumb"},"inLanguage":"fr-FR","potentialAction":[{"@type":"ReadAction","target":["https:\/\/rings4wings.com\/producten\/hokinrichting\/hoekdrinkpot-met-ophangplatform\/"]}]},{"@type":"ImageObject","inLanguage":"fr-FR","@id":"https:\/\/rings4wings.com\/producten\/hokinrichting\/hoekdrinkpot-met-ophangplatform\/#primaryimage","url":"https:\/\/rings4wings.com\/wp-content\/uploads\/2024\/08\/www.rings4wings-1_1024x1024.webp","contentUrl":"https:\/\/rings4wings.com\/wp-content\/uploads\/2024\/08\/www.rings4wings-1_1024x1024.webp","width":319,"height":370},{"@type":"BreadcrumbList","@id":"https:\/\/rings4wings.com\/producten\/hokinrichting\/hoekdrinkpot-met-ophangplatform\/#breadcrumb","itemListElement":[{"@type":"ListItem","position":1,"name":"Home","item":"https:\/\/rings4wings.com\/nl\/"},{"@type":"ListItem","position":2,"name":"Webshop","item":"https:\/\/rings4wings.com\/en\/products\/"},{"@type":"ListItem","position":3,"name":"Hokinrichting &amp; meer","item":"https:\/\/rings4wings.com\/nl\/aanbod\/hokinrichting\/"},{"@type":"ListItem","position":4,"name":"Hoekdrinkpot met ophangplatform"}]},{"@type":"WebSite","@id":"https:\/\/rings4wings.com\/nl\/#website","url":"https:\/\/rings4wings.com\/nl\/","name":"Rings4Wings","description":"","potentialAction":[{"@type":"SearchAction","target":{"@type":"EntryPoint","urlTemplate":"https:\/\/rings4wings.com\/nl\/?s={search_term_string}"},"query-input":{"@type":"PropertyValueSpecification","valueRequired":true,"valueName":"search_term_string"}}],"inLanguage":"fr-FR"}]}},"jetpack_sharing_enabled":true,"_links":{"self":[{"href":"https:\/\/rings4wings.com\/fr\/wp-json\/wp\/v2\/product\/460","targetHints":{"allow":["GET"]}}],"collection":[{"href":"https:\/\/rings4wings.com\/fr\/wp-json\/wp\/v2\/product"}],"about":[{"href":"https:\/\/rings4wings.com\/fr\/wp-json\/wp\/v2\/types\/product"}],"wp:featuredmedia":[{"embeddable":true,"href":"https:\/\/rings4wings.com\/fr\/wp-json\/wp\/v2\/media\/461"}],"wp:attachment":[{"href":"https:\/\/rings4wings.com\/fr\/wp-json\/wp\/v2\/media?parent=460"}],"wp:term":[{"taxonomy":"product_brand","embeddable":true,"href":"https:\/\/rings4wings.com\/fr\/wp-json\/wp\/v2\/product_brand?post=460"},{"taxonomy":"product_cat","embeddable":true,"href":"https:\/\/rings4wings.com\/fr\/wp-json\/wp\/v2\/product_cat?post=460"},{"taxonomy":"product_tag","embeddable":true,"href":"https:\/\/rings4wings.com\/fr\/wp-json\/wp\/v2\/product_tag?post=460"}],"curies":[{"name":"wp","href":"https:\/\/api.w.org\/{rel}","templated":true}]}}