{"id":2773,"date":"2024-06-06T14:48:59","date_gmt":"2024-06-06T12:48:59","guid":{"rendered":"https:\/\/rings4wings.muskedeer-wip.be\/nl\/?post_type=product&#038;p=2773"},"modified":"2026-01-23T11:07:40","modified_gmt":"2026-01-23T10:07:40","slug":"etiquettes-de-scelles-e-z","status":"publish","type":"product","link":"https:\/\/rings4wings.com\/fr\/produits\/e-z-anneaux\/etiquettes-de-scelles-e-z\/","title":{"rendered":"E-Z Seal Tags \u00d814 \u00e0 \u00d824 mm"},"content":{"rendered":"<p>Nouveau concept de chevali\u00e8re.<\/p>\n<p>Ce concept de bague garantit le marquage \u00e0 vie de l'oiseau !<\/p>\n<p>Id\u00e9al pour les oiseaux qui doivent \u00eatre reconnus pour une raison sp\u00e9cifique (traitement sp\u00e9cial, vaccination sp\u00e9cifique, perte de la bague officielle,...).<\/p>\n<p>Disponible en 6 diam\u00e8tres : \u00d814-16-18-20-22-24 mm<\/p>","protected":false},"excerpt":{"rendered":"<p>Nouveau concept de bagues d'\u00e9tanch\u00e9it\u00e9. Ce concept de bague garantit le marquage \u00e0 vie de l'oiseau ! Id\u00e9al pour les oiseaux qui doivent \u00eatre reconnus pour une raison sp\u00e9cifique (traitement sp\u00e9cial, vaccination sp\u00e9cifique, perte de la bague officielle,...). Disponible en 6 diam\u00e8tres : \u00d814-16-18-20-22-24 mm<\/p>","protected":false},"featured_media":2774,"template":"","meta":{"_acf_changed":false,"inline_featured_image":false},"product_brand":[],"product_cat":[24],"product_tag":[],"class_list":{"0":"post-2773","1":"product","2":"type-product","3":"status-publish","4":"has-post-thumbnail","6":"product_cat-e-z-ringen","8":"first","9":"instock","10":"taxable","11":"shipping-taxable","12":"purchasable","13":"product-type-simple"},"acf":[],"yoast_head":"<!-- This site is optimized with the Yoast SEO plugin v27.3 - https:\/\/yoast.com\/product\/yoast-seo-wordpress\/ -->\n<title>E-Z Seal Tags \u00d814 tot \u00d824 mm - Rings4Wings<\/title>\n<meta name=\"description\" content=\"Deze ring is ontworpen om een \u200b\u200bverzegelde markering te cre\u00ebren die alleen kan worden verwijderd door de ring door te knippen. Het platte strip ontwerp stelt ons in staat om zeer specifieke en grote lasermarkeringen te maken. Deze ring kan zelfs voorzien worden van een micro-QR code.\" \/>\n<meta name=\"robots\" content=\"index, follow, max-snippet:-1, max-image-preview:large, max-video-preview:-1\" \/>\n<link rel=\"canonical\" href=\"https:\/\/rings4wings.com\/fr\/produits\/e-z-anneaux\/etiquettes-de-scelles-e-z\/\" \/>\n<meta property=\"og:locale\" content=\"fr_FR\" \/>\n<meta property=\"og:type\" content=\"article\" \/>\n<meta property=\"og:title\" content=\"E-Z Seal Tags \u00d814 tot \u00d824 mm - Rings4Wings\" \/>\n<meta property=\"og:description\" content=\"Deze ring is ontworpen om een \u200b\u200bverzegelde markering te cre\u00ebren die alleen kan worden verwijderd door de ring door te knippen. Het platte strip ontwerp stelt ons in staat om zeer specifieke en grote lasermarkeringen te maken. Deze ring kan zelfs voorzien worden van een micro-QR code.\" \/>\n<meta property=\"og:url\" content=\"https:\/\/rings4wings.com\/fr\/produits\/e-z-anneaux\/etiquettes-de-scelles-e-z\/\" \/>\n<meta property=\"og:site_name\" content=\"Rings4Wings\" \/>\n<meta property=\"article:modified_time\" content=\"2026-01-23T10:07:40+00:00\" \/>\n<meta property=\"og:image\" content=\"https:\/\/rings4wings.com\/wp-content\/uploads\/2024\/09\/QRdetail_large.webp\" \/>\n\t<meta property=\"og:image:width\" content=\"397\" \/>\n\t<meta property=\"og:image:height\" content=\"480\" \/>\n\t<meta property=\"og:image:type\" content=\"image\/webp\" \/>\n<meta name=\"twitter:card\" content=\"summary_large_image\" \/>\n<script type=\"application\/ld+json\" class=\"yoast-schema-graph\">{\"@context\":\"https:\\\/\\\/schema.org\",\"@graph\":[{\"@type\":\"WebPage\",\"@id\":\"https:\\\/\\\/rings4wings.com\\\/producten\\\/e-z-ringen\\\/e-z-seal-tags\\\/\",\"url\":\"https:\\\/\\\/rings4wings.com\\\/producten\\\/e-z-ringen\\\/e-z-seal-tags\\\/\",\"name\":\"E-Z Seal Tags \u00d814 tot \u00d824 mm - Rings4Wings\",\"isPartOf\":{\"@id\":\"https:\\\/\\\/rings4wings.com\\\/nl\\\/#website\"},\"primaryImageOfPage\":{\"@id\":\"https:\\\/\\\/rings4wings.com\\\/producten\\\/e-z-ringen\\\/e-z-seal-tags\\\/#primaryimage\"},\"image\":{\"@id\":\"https:\\\/\\\/rings4wings.com\\\/producten\\\/e-z-ringen\\\/e-z-seal-tags\\\/#primaryimage\"},\"thumbnailUrl\":\"https:\\\/\\\/rings4wings.com\\\/wp-content\\\/uploads\\\/2024\\\/09\\\/QRdetail_large.webp\",\"datePublished\":\"2024-06-06T12:48:59+00:00\",\"dateModified\":\"2026-01-23T10:07:40+00:00\",\"description\":\"Deze ring is ontworpen om een \u200b\u200bverzegelde markering te cre\u00ebren die alleen kan worden verwijderd door de ring door te knippen. Het platte strip ontwerp stelt ons in staat om zeer specifieke en grote lasermarkeringen te maken. Deze ring kan zelfs voorzien worden van een micro-QR code.\",\"breadcrumb\":{\"@id\":\"https:\\\/\\\/rings4wings.com\\\/producten\\\/e-z-ringen\\\/e-z-seal-tags\\\/#breadcrumb\"},\"inLanguage\":\"fr-FR\",\"potentialAction\":[{\"@type\":\"ReadAction\",\"target\":[\"https:\\\/\\\/rings4wings.com\\\/producten\\\/e-z-ringen\\\/e-z-seal-tags\\\/\"]}]},{\"@type\":\"ImageObject\",\"inLanguage\":\"fr-FR\",\"@id\":\"https:\\\/\\\/rings4wings.com\\\/producten\\\/e-z-ringen\\\/e-z-seal-tags\\\/#primaryimage\",\"url\":\"https:\\\/\\\/rings4wings.com\\\/wp-content\\\/uploads\\\/2024\\\/09\\\/QRdetail_large.webp\",\"contentUrl\":\"https:\\\/\\\/rings4wings.com\\\/wp-content\\\/uploads\\\/2024\\\/09\\\/QRdetail_large.webp\",\"width\":397,\"height\":480},{\"@type\":\"BreadcrumbList\",\"@id\":\"https:\\\/\\\/rings4wings.com\\\/producten\\\/e-z-ringen\\\/e-z-seal-tags\\\/#breadcrumb\",\"itemListElement\":[{\"@type\":\"ListItem\",\"position\":1,\"name\":\"Home\",\"item\":\"https:\\\/\\\/rings4wings.com\\\/nl\\\/\"},{\"@type\":\"ListItem\",\"position\":2,\"name\":\"Webshop\",\"item\":\"https:\\\/\\\/rings4wings.com\\\/en\\\/products\\\/\"},{\"@type\":\"ListItem\",\"position\":3,\"name\":\"KUNSTSTOF vogelringen bestellen &amp; meer\",\"item\":\"https:\\\/\\\/rings4wings.com\\\/en\\\/offer\\\/e-z-rings\\\/\"},{\"@type\":\"ListItem\",\"position\":4,\"name\":\"E-Z Seal Tags \u00d814 tot \u00d824 mm\"}]},{\"@type\":\"WebSite\",\"@id\":\"https:\\\/\\\/rings4wings.com\\\/nl\\\/#website\",\"url\":\"https:\\\/\\\/rings4wings.com\\\/nl\\\/\",\"name\":\"Rings4Wings\",\"description\":\"\",\"potentialAction\":[{\"@type\":\"SearchAction\",\"target\":{\"@type\":\"EntryPoint\",\"urlTemplate\":\"https:\\\/\\\/rings4wings.com\\\/nl\\\/?s={search_term_string}\"},\"query-input\":{\"@type\":\"PropertyValueSpecification\",\"valueRequired\":true,\"valueName\":\"search_term_string\"}}],\"inLanguage\":\"fr-FR\"}]}<\/script>\n<!-- \/ Yoast SEO plugin. -->","yoast_head_json":{"title":"E-Z Seal Tags \u00d814 \u00e0 \u00d824 mm - Rings4Wings","description":"Cet anneau est con\u00e7u pour cr\u00e9er un marquage scell\u00e9 qui ne peut \u00eatre enlev\u00e9 qu'en coupant l'anneau. La conception de la bande plate nous permet de cr\u00e9er des marquages laser tr\u00e8s sp\u00e9cifiques et de grande taille. Cette bague peut m\u00eame \u00eatre \u00e9quip\u00e9e d'un micro-code QR.","robots":{"index":"index","follow":"follow","max-snippet":"max-snippet:-1","max-image-preview":"max-image-preview:large","max-video-preview":"max-video-preview:-1"},"canonical":"https:\/\/rings4wings.com\/fr\/produits\/e-z-anneaux\/etiquettes-de-scelles-e-z\/","og_locale":"fr_FR","og_type":"article","og_title":"E-Z Seal Tags \u00d814 tot \u00d824 mm - Rings4Wings","og_description":"Deze ring is ontworpen om een \u200b\u200bverzegelde markering te cre\u00ebren die alleen kan worden verwijderd door de ring door te knippen. Het platte strip ontwerp stelt ons in staat om zeer specifieke en grote lasermarkeringen te maken. Deze ring kan zelfs voorzien worden van een micro-QR code.","og_url":"https:\/\/rings4wings.com\/fr\/produits\/e-z-anneaux\/etiquettes-de-scelles-e-z\/","og_site_name":"Rings4Wings","article_modified_time":"2026-01-23T10:07:40+00:00","og_image":[{"width":397,"height":480,"url":"https:\/\/rings4wings.com\/wp-content\/uploads\/2024\/09\/QRdetail_large.webp","type":"image\/webp"}],"twitter_card":"summary_large_image","schema":{"@context":"https:\/\/schema.org","@graph":[{"@type":"WebPage","@id":"https:\/\/rings4wings.com\/producten\/e-z-ringen\/e-z-seal-tags\/","url":"https:\/\/rings4wings.com\/producten\/e-z-ringen\/e-z-seal-tags\/","name":"E-Z Seal Tags \u00d814 \u00e0 \u00d824 mm - Rings4Wings","isPartOf":{"@id":"https:\/\/rings4wings.com\/nl\/#website"},"primaryImageOfPage":{"@id":"https:\/\/rings4wings.com\/producten\/e-z-ringen\/e-z-seal-tags\/#primaryimage"},"image":{"@id":"https:\/\/rings4wings.com\/producten\/e-z-ringen\/e-z-seal-tags\/#primaryimage"},"thumbnailUrl":"https:\/\/rings4wings.com\/wp-content\/uploads\/2024\/09\/QRdetail_large.webp","datePublished":"2024-06-06T12:48:59+00:00","dateModified":"2026-01-23T10:07:40+00:00","description":"Cet anneau est con\u00e7u pour cr\u00e9er un marquage scell\u00e9 qui ne peut \u00eatre enlev\u00e9 qu'en coupant l'anneau. La conception de la bande plate nous permet de cr\u00e9er des marquages laser tr\u00e8s sp\u00e9cifiques et de grande taille. Cette bague peut m\u00eame \u00eatre \u00e9quip\u00e9e d'un micro-code QR.","breadcrumb":{"@id":"https:\/\/rings4wings.com\/producten\/e-z-ringen\/e-z-seal-tags\/#breadcrumb"},"inLanguage":"fr-FR","potentialAction":[{"@type":"ReadAction","target":["https:\/\/rings4wings.com\/producten\/e-z-ringen\/e-z-seal-tags\/"]}]},{"@type":"ImageObject","inLanguage":"fr-FR","@id":"https:\/\/rings4wings.com\/producten\/e-z-ringen\/e-z-seal-tags\/#primaryimage","url":"https:\/\/rings4wings.com\/wp-content\/uploads\/2024\/09\/QRdetail_large.webp","contentUrl":"https:\/\/rings4wings.com\/wp-content\/uploads\/2024\/09\/QRdetail_large.webp","width":397,"height":480},{"@type":"BreadcrumbList","@id":"https:\/\/rings4wings.com\/producten\/e-z-ringen\/e-z-seal-tags\/#breadcrumb","itemListElement":[{"@type":"ListItem","position":1,"name":"Home","item":"https:\/\/rings4wings.com\/nl\/"},{"@type":"ListItem","position":2,"name":"Webshop","item":"https:\/\/rings4wings.com\/en\/products\/"},{"@type":"ListItem","position":3,"name":"KUNSTSTOF vogelringen bestellen &amp; meer","item":"https:\/\/rings4wings.com\/en\/offer\/e-z-rings\/"},{"@type":"ListItem","position":4,"name":"E-Z Seal Tags \u00d814 tot \u00d824 mm"}]},{"@type":"WebSite","@id":"https:\/\/rings4wings.com\/nl\/#website","url":"https:\/\/rings4wings.com\/nl\/","name":"Rings4Wings","description":"","potentialAction":[{"@type":"SearchAction","target":{"@type":"EntryPoint","urlTemplate":"https:\/\/rings4wings.com\/nl\/?s={search_term_string}"},"query-input":{"@type":"PropertyValueSpecification","valueRequired":true,"valueName":"search_term_string"}}],"inLanguage":"fr-FR"}]}},"jetpack_sharing_enabled":true,"_links":{"self":[{"href":"https:\/\/rings4wings.com\/fr\/wp-json\/wp\/v2\/product\/2773","targetHints":{"allow":["GET"]}}],"collection":[{"href":"https:\/\/rings4wings.com\/fr\/wp-json\/wp\/v2\/product"}],"about":[{"href":"https:\/\/rings4wings.com\/fr\/wp-json\/wp\/v2\/types\/product"}],"wp:featuredmedia":[{"embeddable":true,"href":"https:\/\/rings4wings.com\/fr\/wp-json\/wp\/v2\/media\/2774"}],"wp:attachment":[{"href":"https:\/\/rings4wings.com\/fr\/wp-json\/wp\/v2\/media?parent=2773"}],"wp:term":[{"taxonomy":"product_brand","embeddable":true,"href":"https:\/\/rings4wings.com\/fr\/wp-json\/wp\/v2\/product_brand?post=2773"},{"taxonomy":"product_cat","embeddable":true,"href":"https:\/\/rings4wings.com\/fr\/wp-json\/wp\/v2\/product_cat?post=2773"},{"taxonomy":"product_tag","embeddable":true,"href":"https:\/\/rings4wings.com\/fr\/wp-json\/wp\/v2\/product_tag?post=2773"}],"curies":[{"name":"wp","href":"https:\/\/api.w.org\/{rel}","templated":true}]}}