{"id":2459,"date":"2024-06-03T11:09:06","date_gmt":"2024-06-03T09:09:06","guid":{"rendered":"https:\/\/rings4wings.muskedeer-wip.be\/nl\/?post_type=product&#038;p=2459"},"modified":"2026-01-23T11:13:05","modified_gmt":"2026-01-23T10:13:05","slug":"anneaux-de-verrouillage-e-z","status":"publish","type":"product","link":"https:\/\/rings4wings.com\/fr\/produits\/e-z-anneaux\/anneaux-de-verrouillage-e-z\/","title":{"rendered":"Anneaux E-Z Lock \u00d85 \u00e0 \u00d828 mm (pour la volaille)"},"content":{"rendered":"<p>Cet anneau de haute qualit\u00e9 est con\u00e7u pour offrir une s\u00e9curit\u00e9 et une fonctionnalit\u00e9 sans pr\u00e9c\u00e9dent. Gr\u00e2ce \u00e0 son syst\u00e8me unique de verrouillage et de charni\u00e8re, la bague peut \u00eatre ferm\u00e9e rapidement et facilement en pressant les deux moiti\u00e9s l'une contre l'autre. Une fois la bague ferm\u00e9e, elle ne peut pas \u00eatre ouverte par l'oiseau lui-m\u00eame. Le seul moyen est une action sp\u00e9cifique et simple de la part de l'homme.<br \/>\nLa solution parfaite \u00e0 tous les probl\u00e8mes li\u00e9s \u00e0 la perte de bagues.<\/p>\n<p>Disponible en \u00d8 5 - 6 - 7 - 8 - 9 - 10 - 12 - 14 - 16 - 18 - 20 - 22 - 24 - 26 - 28 mm<\/p>\n<p><strong>Vid\u00e9o p\u00e9dagogique<\/strong><\/p>\n<p><iframe title=\"Lecteur vid\u00e9o YouTube\" src=\"https:\/\/www.youtube.com\/embed\/kP-p3XSD3PY?si=sVsUX4VQkbsbE1ML\" width=\"560\" height=\"315\" frameborder=\"0\" allowfullscreen=\"allowfullscreen\"><\/iframe><\/p>","protected":false},"excerpt":{"rendered":"<p>Deze hoogwaardige ring is ontworpen om een ongekende veiligheid en functionaliteit te bieden. Dankzij het unieke slot- en scharniersysteem kan de ring snel en gemakkelijk worden gesloten door beide helften samen te drukken. E\u00e9nmaal de ring gesloten is kan hij niet meer door de vogel zelf worden geopend. De enige manier is een specifieke en [&hellip;]<\/p>\n","protected":false},"featured_media":2460,"template":"","meta":{"_acf_changed":false,"inline_featured_image":false},"product_brand":[],"product_cat":[24],"product_tag":[],"class_list":{"0":"post-2459","1":"product","2":"type-product","3":"status-publish","4":"has-post-thumbnail","6":"product_cat-e-z-ringen","8":"first","9":"instock","10":"taxable","11":"shipping-taxable","12":"purchasable","13":"product-type-simple"},"acf":[],"yoast_head":"<!-- This site is optimized with the Yoast SEO plugin v27.3 - https:\/\/yoast.com\/product\/yoast-seo-wordpress\/ -->\n<title>E-Z Lockringen \u00d85 tot \u00d828 mm (voor hoenders) - Rings4Wings<\/title>\n<meta name=\"description\" content=\"Eenmaal deze lockringen zijn gesloten, krijgt de duif deze niet zelf open. Het uniek slot- en scharniersysteem is de oplossing tegen verloren ringen!\" \/>\n<meta name=\"robots\" content=\"index, follow, max-snippet:-1, max-image-preview:large, max-video-preview:-1\" \/>\n<link rel=\"canonical\" href=\"https:\/\/rings4wings.com\/fr\/produits\/e-z-anneaux\/anneaux-de-verrouillage-e-z\/\" \/>\n<meta property=\"og:locale\" content=\"fr_FR\" \/>\n<meta property=\"og:type\" content=\"article\" \/>\n<meta property=\"og:title\" content=\"E-Z Lockringen \u00d85 tot \u00d828 mm (voor hoenders) - Rings4Wings\" \/>\n<meta property=\"og:description\" content=\"Eenmaal deze lockringen zijn gesloten, krijgt de duif deze niet zelf open. Het uniek slot- en scharniersysteem is de oplossing tegen verloren ringen!\" \/>\n<meta property=\"og:url\" content=\"https:\/\/rings4wings.com\/fr\/produits\/e-z-anneaux\/anneaux-de-verrouillage-e-z\/\" \/>\n<meta property=\"og:site_name\" content=\"Rings4Wings\" \/>\n<meta property=\"article:modified_time\" content=\"2026-01-23T10:13:05+00:00\" \/>\n<meta property=\"og:image\" content=\"https:\/\/rings4wings.com\/wp-content\/uploads\/2024\/09\/lockringen_large.webp\" \/>\n\t<meta property=\"og:image:width\" content=\"345\" \/>\n\t<meta property=\"og:image:height\" content=\"460\" \/>\n\t<meta property=\"og:image:type\" content=\"image\/webp\" \/>\n<meta name=\"twitter:card\" content=\"summary_large_image\" \/>\n<script type=\"application\/ld+json\" class=\"yoast-schema-graph\">{\"@context\":\"https:\\\/\\\/schema.org\",\"@graph\":[{\"@type\":\"WebPage\",\"@id\":\"https:\\\/\\\/rings4wings.com\\\/producten\\\/e-z-ringen\\\/e-z-lockringen\\\/\",\"url\":\"https:\\\/\\\/rings4wings.com\\\/producten\\\/e-z-ringen\\\/e-z-lockringen\\\/\",\"name\":\"E-Z Lockringen \u00d85 tot \u00d828 mm (voor hoenders) - Rings4Wings\",\"isPartOf\":{\"@id\":\"https:\\\/\\\/rings4wings.com\\\/nl\\\/#website\"},\"primaryImageOfPage\":{\"@id\":\"https:\\\/\\\/rings4wings.com\\\/producten\\\/e-z-ringen\\\/e-z-lockringen\\\/#primaryimage\"},\"image\":{\"@id\":\"https:\\\/\\\/rings4wings.com\\\/producten\\\/e-z-ringen\\\/e-z-lockringen\\\/#primaryimage\"},\"thumbnailUrl\":\"https:\\\/\\\/rings4wings.com\\\/wp-content\\\/uploads\\\/2024\\\/09\\\/lockringen_large.webp\",\"datePublished\":\"2024-06-03T09:09:06+00:00\",\"dateModified\":\"2026-01-23T10:13:05+00:00\",\"description\":\"Eenmaal deze lockringen zijn gesloten, krijgt de duif deze niet zelf open. Het uniek slot- en scharniersysteem is de oplossing tegen verloren ringen!\",\"breadcrumb\":{\"@id\":\"https:\\\/\\\/rings4wings.com\\\/producten\\\/e-z-ringen\\\/e-z-lockringen\\\/#breadcrumb\"},\"inLanguage\":\"fr-FR\",\"potentialAction\":[{\"@type\":\"ReadAction\",\"target\":[\"https:\\\/\\\/rings4wings.com\\\/producten\\\/e-z-ringen\\\/e-z-lockringen\\\/\"]}]},{\"@type\":\"ImageObject\",\"inLanguage\":\"fr-FR\",\"@id\":\"https:\\\/\\\/rings4wings.com\\\/producten\\\/e-z-ringen\\\/e-z-lockringen\\\/#primaryimage\",\"url\":\"https:\\\/\\\/rings4wings.com\\\/wp-content\\\/uploads\\\/2024\\\/09\\\/lockringen_large.webp\",\"contentUrl\":\"https:\\\/\\\/rings4wings.com\\\/wp-content\\\/uploads\\\/2024\\\/09\\\/lockringen_large.webp\",\"width\":345,\"height\":460},{\"@type\":\"BreadcrumbList\",\"@id\":\"https:\\\/\\\/rings4wings.com\\\/producten\\\/e-z-ringen\\\/e-z-lockringen\\\/#breadcrumb\",\"itemListElement\":[{\"@type\":\"ListItem\",\"position\":1,\"name\":\"Home\",\"item\":\"https:\\\/\\\/rings4wings.com\\\/nl\\\/\"},{\"@type\":\"ListItem\",\"position\":2,\"name\":\"Webshop\",\"item\":\"https:\\\/\\\/rings4wings.com\\\/en\\\/products\\\/\"},{\"@type\":\"ListItem\",\"position\":3,\"name\":\"KUNSTSTOF vogelringen bestellen &amp; meer\",\"item\":\"https:\\\/\\\/rings4wings.com\\\/en\\\/offer\\\/e-z-rings\\\/\"},{\"@type\":\"ListItem\",\"position\":4,\"name\":\"E-Z Lockringen \u00d85 tot \u00d828 mm (voor hoenders)\"}]},{\"@type\":\"WebSite\",\"@id\":\"https:\\\/\\\/rings4wings.com\\\/nl\\\/#website\",\"url\":\"https:\\\/\\\/rings4wings.com\\\/nl\\\/\",\"name\":\"Rings4Wings\",\"description\":\"\",\"potentialAction\":[{\"@type\":\"SearchAction\",\"target\":{\"@type\":\"EntryPoint\",\"urlTemplate\":\"https:\\\/\\\/rings4wings.com\\\/nl\\\/?s={search_term_string}\"},\"query-input\":{\"@type\":\"PropertyValueSpecification\",\"valueRequired\":true,\"valueName\":\"search_term_string\"}}],\"inLanguage\":\"fr-FR\"}]}<\/script>\n<!-- \/ Yoast SEO plugin. -->","yoast_head_json":{"title":"Anneaux E-Z Lock \u00d85 \u00e0 \u00d828 mm (pour volailles) - Rings4Wings","description":"Une fois que ces anneaux sont ferm\u00e9s, le pigeon ne peut pas les ouvrir de lui-m\u00eame. Le syst\u00e8me unique de serrure et de charni\u00e8re est la solution contre les anneaux perdus !","robots":{"index":"index","follow":"follow","max-snippet":"max-snippet:-1","max-image-preview":"max-image-preview:large","max-video-preview":"max-video-preview:-1"},"canonical":"https:\/\/rings4wings.com\/fr\/produits\/e-z-anneaux\/anneaux-de-verrouillage-e-z\/","og_locale":"fr_FR","og_type":"article","og_title":"E-Z Lockringen \u00d85 tot \u00d828 mm (voor hoenders) - Rings4Wings","og_description":"Eenmaal deze lockringen zijn gesloten, krijgt de duif deze niet zelf open. Het uniek slot- en scharniersysteem is de oplossing tegen verloren ringen!","og_url":"https:\/\/rings4wings.com\/fr\/produits\/e-z-anneaux\/anneaux-de-verrouillage-e-z\/","og_site_name":"Rings4Wings","article_modified_time":"2026-01-23T10:13:05+00:00","og_image":[{"width":345,"height":460,"url":"https:\/\/rings4wings.com\/wp-content\/uploads\/2024\/09\/lockringen_large.webp","type":"image\/webp"}],"twitter_card":"summary_large_image","schema":{"@context":"https:\/\/schema.org","@graph":[{"@type":"WebPage","@id":"https:\/\/rings4wings.com\/producten\/e-z-ringen\/e-z-lockringen\/","url":"https:\/\/rings4wings.com\/producten\/e-z-ringen\/e-z-lockringen\/","name":"Anneaux E-Z Lock \u00d85 \u00e0 \u00d828 mm (pour volailles) - Rings4Wings","isPartOf":{"@id":"https:\/\/rings4wings.com\/nl\/#website"},"primaryImageOfPage":{"@id":"https:\/\/rings4wings.com\/producten\/e-z-ringen\/e-z-lockringen\/#primaryimage"},"image":{"@id":"https:\/\/rings4wings.com\/producten\/e-z-ringen\/e-z-lockringen\/#primaryimage"},"thumbnailUrl":"https:\/\/rings4wings.com\/wp-content\/uploads\/2024\/09\/lockringen_large.webp","datePublished":"2024-06-03T09:09:06+00:00","dateModified":"2026-01-23T10:13:05+00:00","description":"Une fois que ces anneaux sont ferm\u00e9s, le pigeon ne peut pas les ouvrir de lui-m\u00eame. Le syst\u00e8me unique de serrure et de charni\u00e8re est la solution contre les anneaux perdus !","breadcrumb":{"@id":"https:\/\/rings4wings.com\/producten\/e-z-ringen\/e-z-lockringen\/#breadcrumb"},"inLanguage":"fr-FR","potentialAction":[{"@type":"ReadAction","target":["https:\/\/rings4wings.com\/producten\/e-z-ringen\/e-z-lockringen\/"]}]},{"@type":"ImageObject","inLanguage":"fr-FR","@id":"https:\/\/rings4wings.com\/producten\/e-z-ringen\/e-z-lockringen\/#primaryimage","url":"https:\/\/rings4wings.com\/wp-content\/uploads\/2024\/09\/lockringen_large.webp","contentUrl":"https:\/\/rings4wings.com\/wp-content\/uploads\/2024\/09\/lockringen_large.webp","width":345,"height":460},{"@type":"BreadcrumbList","@id":"https:\/\/rings4wings.com\/producten\/e-z-ringen\/e-z-lockringen\/#breadcrumb","itemListElement":[{"@type":"ListItem","position":1,"name":"Home","item":"https:\/\/rings4wings.com\/nl\/"},{"@type":"ListItem","position":2,"name":"Webshop","item":"https:\/\/rings4wings.com\/en\/products\/"},{"@type":"ListItem","position":3,"name":"KUNSTSTOF vogelringen bestellen &amp; meer","item":"https:\/\/rings4wings.com\/en\/offer\/e-z-rings\/"},{"@type":"ListItem","position":4,"name":"E-Z Lockringen \u00d85 tot \u00d828 mm (voor hoenders)"}]},{"@type":"WebSite","@id":"https:\/\/rings4wings.com\/nl\/#website","url":"https:\/\/rings4wings.com\/nl\/","name":"Rings4Wings","description":"","potentialAction":[{"@type":"SearchAction","target":{"@type":"EntryPoint","urlTemplate":"https:\/\/rings4wings.com\/nl\/?s={search_term_string}"},"query-input":{"@type":"PropertyValueSpecification","valueRequired":true,"valueName":"search_term_string"}}],"inLanguage":"fr-FR"}]}},"jetpack_sharing_enabled":true,"_links":{"self":[{"href":"https:\/\/rings4wings.com\/fr\/wp-json\/wp\/v2\/product\/2459","targetHints":{"allow":["GET"]}}],"collection":[{"href":"https:\/\/rings4wings.com\/fr\/wp-json\/wp\/v2\/product"}],"about":[{"href":"https:\/\/rings4wings.com\/fr\/wp-json\/wp\/v2\/types\/product"}],"wp:featuredmedia":[{"embeddable":true,"href":"https:\/\/rings4wings.com\/fr\/wp-json\/wp\/v2\/media\/2460"}],"wp:attachment":[{"href":"https:\/\/rings4wings.com\/fr\/wp-json\/wp\/v2\/media?parent=2459"}],"wp:term":[{"taxonomy":"product_brand","embeddable":true,"href":"https:\/\/rings4wings.com\/fr\/wp-json\/wp\/v2\/product_brand?post=2459"},{"taxonomy":"product_cat","embeddable":true,"href":"https:\/\/rings4wings.com\/fr\/wp-json\/wp\/v2\/product_cat?post=2459"},{"taxonomy":"product_tag","embeddable":true,"href":"https:\/\/rings4wings.com\/fr\/wp-json\/wp\/v2\/product_tag?post=2459"}],"curies":[{"name":"wp","href":"https:\/\/api.w.org\/{rel}","templated":true}]}}