{"id":2216,"date":"2024-06-05T16:14:12","date_gmt":"2024-06-05T14:14:12","guid":{"rendered":"https:\/\/rings4wings.muskedeer-wip.be\/nl\/?post_type=product&#038;p=2216"},"modified":"2026-01-23T11:09:47","modified_gmt":"2026-01-23T10:09:47","slug":"anneaux-elastiques-e-z","status":"publish","type":"product","link":"https:\/\/rings4wings.com\/fr\/produits\/e-z-anneaux\/anneaux-elastiques-e-z\/","title":{"rendered":"E-Z Anneaux \u00e9lastiques \u00d82 \u00e0 \u00d816 mm (pour toutes les esp\u00e8ces d'oiseaux)"},"content":{"rendered":"<p>Gr\u00e2ce \u00e0 l'utilisation d'un mat\u00e9riau \u00e9lastique, les bagues sont tr\u00e8s confortables.<\/p>\n<p><strong>Les avantages<\/strong><\/p>\n<ul>\n<li>Les oiseaux nouveau-n\u00e9s peuvent \u00eatre bagu\u00e9s apr\u00e8s quelques jours seulement<\/li>\n<li>L'\u00e9lasticit\u00e9 permet \u00e0 l'anneau de s'ajuster au fur et \u00e0 mesure que l'enfant grandit (<strong>limit\u00e9<\/strong>) pourra s'adapter \u00e0 la jambe. Cela permettra de r\u00e9duire le nombre de sonneries r\u00e9p\u00e9t\u00e9es (<strong>non exclu<\/strong>) et de mieux contr\u00f4ler la croissance.<\/li>\n<li>La faible hauteur de l'anneau offre la possibilit\u00e9 de combiner diff\u00e9rentes couleurs les unes sur les autres, ce qui \u00e9largit consid\u00e9rablement les possibilit\u00e9s de marquage.<\/li>\n<li>Les 8 diam\u00e8tres d'anneaux et les 3 tailles disponibles du pistolet E-Z Ring permettent de baguer n'importe quelle esp\u00e8ce d'oiseau.<\/li>\n<li>Assortiment d'anneaux de couleurs vives.<\/li>\n<\/ul>\n<p>Ce nouveau concept ne pr\u00e9sente que des avantages pour le cultivateur professionnel !<\/p>\n<p>Disponible en \u00d8 2 - 3 - 3.5 - 4.5 - 6 - 7 - 8 - 9 -10 -12 - 14 - 16 mm<\/p>\n<p><strong>Vid\u00e9o p\u00e9dagogique<\/strong><\/p>\n<p><iframe title=\"Lecteur vid\u00e9o YouTube\" src=\"https:\/\/www.youtube.com\/embed\/Ip_ggXBchHM?si=6XDJPecWSckDV3lo\" width=\"560\" height=\"315\" frameborder=\"0\" allowfullscreen=\"allowfullscreen\"><\/iframe><\/p>\n<p>&nbsp;<\/p>\n<h3>Conseils d'utilisation des anneaux \u00e9lastiques E-Z<\/h3>\n<p><strong>Quelle est la taille des poussins pour commencer ?<\/strong><br \/>\nLors du choix des anneaux E-Z Elastic, il est pr\u00e9f\u00e9rable de commencer par le diam\u00e8tre de 4,5 mm pour les jeunes poussins.<\/p>\n<p><strong>L'anneau E-Z Elastic grandit-il avec vous ou devez-vous changer d'anneau ?<\/strong><br \/>\nLes anneaux E-Z Elastic ont une croissance limit\u00e9e, ce qui signifie qu'il y a toujours un risque de croissance. Il convient donc de les suivre de pr\u00e8s pendant la croissance et de passer \u00e0 un diam\u00e8tre sup\u00e9rieur en temps voulu si l'anneau commence \u00e0 serrer autour de la jambe pendant la p\u00e9riode de croissance.<\/p>\n<p><strong>Que faire si l'anneau E-Z Elastic se casse lorsque vous le poussez sur la partie plus \u00e9paisse du pistolet \u00e0 anneaux ?<\/strong><br \/>\nDans certaines circonstances, il est conseill\u00e9 de placer les anneaux dans de l'eau ti\u00e8de pendant un certain temps avant de les passer sur le pistolet \u00e0 anneaux. Ceci est particuli\u00e8rement recommand\u00e9 pour le plus petit diam\u00e8tre de 2 mm o\u00f9 l'\u00e9tirement est limit\u00e9 en raison de la petite taille.<\/p>","protected":false},"excerpt":{"rendered":"<p>Dankzij het gebruik van elastisch materiaal voelen de ringen erg comfortabel aan. De voordelen De pasgeboren vogels kunnen reeds na enkele dagen worden geringd De elasticiteit zorgt ervoor dat de ring zich tijdens de groei (beperkt) zal kunnen aanpassen aan de poot. Hierdoor wordt het meermaals opnieuw ringen verminderd (niet uitgesloten) en het ingroeien beter [&hellip;]<\/p>\n","protected":false},"featured_media":2217,"template":"","meta":{"_acf_changed":false,"inline_featured_image":false},"product_brand":[],"product_cat":[24],"product_tag":[],"class_list":{"0":"post-2216","1":"product","2":"type-product","3":"status-publish","4":"has-post-thumbnail","6":"product_cat-e-z-ringen","8":"first","9":"instock","10":"taxable","11":"shipping-taxable","12":"purchasable","13":"product-type-simple"},"acf":[],"yoast_head":"<!-- This site is optimized with the Yoast SEO plugin v27.3 - https:\/\/yoast.com\/product\/yoast-seo-wordpress\/ -->\n<title>E-Z Elastic ringen \u00d82 tot \u00d816 mm (voor alle vogelsoorten) - Rings4Wings<\/title>\n<meta name=\"description\" content=\"Deze elastische vogelringen maken het ringen alleen maar eenvoudiger. De ring zet zich uit tijdens de groei en voelt erg comfortabel. Bestel online!\" \/>\n<meta name=\"robots\" content=\"index, follow, max-snippet:-1, max-image-preview:large, max-video-preview:-1\" \/>\n<link rel=\"canonical\" href=\"https:\/\/rings4wings.com\/fr\/produits\/e-z-anneaux\/anneaux-elastiques-e-z\/\" \/>\n<meta property=\"og:locale\" content=\"fr_FR\" \/>\n<meta property=\"og:type\" content=\"article\" \/>\n<meta property=\"og:title\" content=\"E-Z Elastic ringen \u00d82 tot \u00d816 mm (voor alle vogelsoorten) - Rings4Wings\" \/>\n<meta property=\"og:description\" content=\"Deze elastische vogelringen maken het ringen alleen maar eenvoudiger. De ring zet zich uit tijdens de groei en voelt erg comfortabel. Bestel online!\" \/>\n<meta property=\"og:url\" content=\"https:\/\/rings4wings.com\/fr\/produits\/e-z-anneaux\/anneaux-elastiques-e-z\/\" \/>\n<meta property=\"og:site_name\" content=\"Rings4Wings\" \/>\n<meta property=\"article:modified_time\" content=\"2026-01-23T10:09:47+00:00\" \/>\n<meta property=\"og:image\" content=\"https:\/\/rings4wings.com\/wp-content\/uploads\/2024\/09\/IMG_4759_49477b1a-91d1-4b48-a17b-3f24e65315c3_large.webp\" \/>\n\t<meta property=\"og:image:width\" content=\"480\" \/>\n\t<meta property=\"og:image:height\" content=\"480\" \/>\n\t<meta property=\"og:image:type\" content=\"image\/webp\" \/>\n<meta name=\"twitter:card\" content=\"summary_large_image\" \/>\n<meta name=\"twitter:label1\" content=\"Dur\u00e9e de lecture estim\u00e9e\" \/>\n\t<meta name=\"twitter:data1\" content=\"1 minute\" \/>\n<script type=\"application\/ld+json\" class=\"yoast-schema-graph\">{\"@context\":\"https:\\\/\\\/schema.org\",\"@graph\":[{\"@type\":\"WebPage\",\"@id\":\"https:\\\/\\\/rings4wings.com\\\/producten\\\/e-z-ringen\\\/e-z-elastic-ringen\\\/\",\"url\":\"https:\\\/\\\/rings4wings.com\\\/producten\\\/e-z-ringen\\\/e-z-elastic-ringen\\\/\",\"name\":\"E-Z Elastic ringen \u00d82 tot \u00d816 mm (voor alle vogelsoorten) - Rings4Wings\",\"isPartOf\":{\"@id\":\"https:\\\/\\\/rings4wings.com\\\/nl\\\/#website\"},\"primaryImageOfPage\":{\"@id\":\"https:\\\/\\\/rings4wings.com\\\/producten\\\/e-z-ringen\\\/e-z-elastic-ringen\\\/#primaryimage\"},\"image\":{\"@id\":\"https:\\\/\\\/rings4wings.com\\\/producten\\\/e-z-ringen\\\/e-z-elastic-ringen\\\/#primaryimage\"},\"thumbnailUrl\":\"https:\\\/\\\/rings4wings.com\\\/wp-content\\\/uploads\\\/2024\\\/09\\\/IMG_4759_49477b1a-91d1-4b48-a17b-3f24e65315c3_large.webp\",\"datePublished\":\"2024-06-05T14:14:12+00:00\",\"dateModified\":\"2026-01-23T10:09:47+00:00\",\"description\":\"Deze elastische vogelringen maken het ringen alleen maar eenvoudiger. De ring zet zich uit tijdens de groei en voelt erg comfortabel. Bestel online!\",\"breadcrumb\":{\"@id\":\"https:\\\/\\\/rings4wings.com\\\/producten\\\/e-z-ringen\\\/e-z-elastic-ringen\\\/#breadcrumb\"},\"inLanguage\":\"fr-FR\",\"potentialAction\":[{\"@type\":\"ReadAction\",\"target\":[\"https:\\\/\\\/rings4wings.com\\\/producten\\\/e-z-ringen\\\/e-z-elastic-ringen\\\/\"]}]},{\"@type\":\"ImageObject\",\"inLanguage\":\"fr-FR\",\"@id\":\"https:\\\/\\\/rings4wings.com\\\/producten\\\/e-z-ringen\\\/e-z-elastic-ringen\\\/#primaryimage\",\"url\":\"https:\\\/\\\/rings4wings.com\\\/wp-content\\\/uploads\\\/2024\\\/09\\\/IMG_4759_49477b1a-91d1-4b48-a17b-3f24e65315c3_large.webp\",\"contentUrl\":\"https:\\\/\\\/rings4wings.com\\\/wp-content\\\/uploads\\\/2024\\\/09\\\/IMG_4759_49477b1a-91d1-4b48-a17b-3f24e65315c3_large.webp\",\"width\":480,\"height\":480},{\"@type\":\"BreadcrumbList\",\"@id\":\"https:\\\/\\\/rings4wings.com\\\/producten\\\/e-z-ringen\\\/e-z-elastic-ringen\\\/#breadcrumb\",\"itemListElement\":[{\"@type\":\"ListItem\",\"position\":1,\"name\":\"Home\",\"item\":\"https:\\\/\\\/rings4wings.com\\\/nl\\\/\"},{\"@type\":\"ListItem\",\"position\":2,\"name\":\"Webshop\",\"item\":\"https:\\\/\\\/rings4wings.com\\\/en\\\/products\\\/\"},{\"@type\":\"ListItem\",\"position\":3,\"name\":\"KUNSTSTOF vogelringen bestellen &amp; meer\",\"item\":\"https:\\\/\\\/rings4wings.com\\\/en\\\/offer\\\/e-z-rings\\\/\"},{\"@type\":\"ListItem\",\"position\":4,\"name\":\"E-Z Elastic ringen \u00d82 tot \u00d816 mm (voor alle vogelsoorten)\"}]},{\"@type\":\"WebSite\",\"@id\":\"https:\\\/\\\/rings4wings.com\\\/nl\\\/#website\",\"url\":\"https:\\\/\\\/rings4wings.com\\\/nl\\\/\",\"name\":\"Rings4Wings\",\"description\":\"\",\"potentialAction\":[{\"@type\":\"SearchAction\",\"target\":{\"@type\":\"EntryPoint\",\"urlTemplate\":\"https:\\\/\\\/rings4wings.com\\\/nl\\\/?s={search_term_string}\"},\"query-input\":{\"@type\":\"PropertyValueSpecification\",\"valueRequired\":true,\"valueName\":\"search_term_string\"}}],\"inLanguage\":\"fr-FR\"}]}<\/script>\n<!-- \/ Yoast SEO plugin. -->","yoast_head_json":{"title":"E-Z Anneaux \u00e9lastiques \u00d82 \u00e0 \u00d816 mm (pour toutes les esp\u00e8ces d'oiseaux) - Rings4Wings","description":"Ces anneaux \u00e9lastiques pour oiseaux facilitent la baguage. La bague s'\u00e9largit au fur et \u00e0 mesure que l'oiseau grandit et est tr\u00e8s confortable. Commandez en ligne !","robots":{"index":"index","follow":"follow","max-snippet":"max-snippet:-1","max-image-preview":"max-image-preview:large","max-video-preview":"max-video-preview:-1"},"canonical":"https:\/\/rings4wings.com\/fr\/produits\/e-z-anneaux\/anneaux-elastiques-e-z\/","og_locale":"fr_FR","og_type":"article","og_title":"E-Z Elastic ringen \u00d82 tot \u00d816 mm (voor alle vogelsoorten) - Rings4Wings","og_description":"Deze elastische vogelringen maken het ringen alleen maar eenvoudiger. De ring zet zich uit tijdens de groei en voelt erg comfortabel. Bestel online!","og_url":"https:\/\/rings4wings.com\/fr\/produits\/e-z-anneaux\/anneaux-elastiques-e-z\/","og_site_name":"Rings4Wings","article_modified_time":"2026-01-23T10:09:47+00:00","og_image":[{"width":480,"height":480,"url":"https:\/\/rings4wings.com\/wp-content\/uploads\/2024\/09\/IMG_4759_49477b1a-91d1-4b48-a17b-3f24e65315c3_large.webp","type":"image\/webp"}],"twitter_card":"summary_large_image","twitter_misc":{"Dur\u00e9e de lecture estim\u00e9e":"1 minute"},"schema":{"@context":"https:\/\/schema.org","@graph":[{"@type":"WebPage","@id":"https:\/\/rings4wings.com\/producten\/e-z-ringen\/e-z-elastic-ringen\/","url":"https:\/\/rings4wings.com\/producten\/e-z-ringen\/e-z-elastic-ringen\/","name":"E-Z Anneaux \u00e9lastiques \u00d82 \u00e0 \u00d816 mm (pour toutes les esp\u00e8ces d'oiseaux) - Rings4Wings","isPartOf":{"@id":"https:\/\/rings4wings.com\/nl\/#website"},"primaryImageOfPage":{"@id":"https:\/\/rings4wings.com\/producten\/e-z-ringen\/e-z-elastic-ringen\/#primaryimage"},"image":{"@id":"https:\/\/rings4wings.com\/producten\/e-z-ringen\/e-z-elastic-ringen\/#primaryimage"},"thumbnailUrl":"https:\/\/rings4wings.com\/wp-content\/uploads\/2024\/09\/IMG_4759_49477b1a-91d1-4b48-a17b-3f24e65315c3_large.webp","datePublished":"2024-06-05T14:14:12+00:00","dateModified":"2026-01-23T10:09:47+00:00","description":"Ces anneaux \u00e9lastiques pour oiseaux facilitent la baguage. La bague s'\u00e9largit au fur et \u00e0 mesure que l'oiseau grandit et est tr\u00e8s confortable. Commandez en ligne !","breadcrumb":{"@id":"https:\/\/rings4wings.com\/producten\/e-z-ringen\/e-z-elastic-ringen\/#breadcrumb"},"inLanguage":"fr-FR","potentialAction":[{"@type":"ReadAction","target":["https:\/\/rings4wings.com\/producten\/e-z-ringen\/e-z-elastic-ringen\/"]}]},{"@type":"ImageObject","inLanguage":"fr-FR","@id":"https:\/\/rings4wings.com\/producten\/e-z-ringen\/e-z-elastic-ringen\/#primaryimage","url":"https:\/\/rings4wings.com\/wp-content\/uploads\/2024\/09\/IMG_4759_49477b1a-91d1-4b48-a17b-3f24e65315c3_large.webp","contentUrl":"https:\/\/rings4wings.com\/wp-content\/uploads\/2024\/09\/IMG_4759_49477b1a-91d1-4b48-a17b-3f24e65315c3_large.webp","width":480,"height":480},{"@type":"BreadcrumbList","@id":"https:\/\/rings4wings.com\/producten\/e-z-ringen\/e-z-elastic-ringen\/#breadcrumb","itemListElement":[{"@type":"ListItem","position":1,"name":"Home","item":"https:\/\/rings4wings.com\/nl\/"},{"@type":"ListItem","position":2,"name":"Webshop","item":"https:\/\/rings4wings.com\/en\/products\/"},{"@type":"ListItem","position":3,"name":"KUNSTSTOF vogelringen bestellen &amp; meer","item":"https:\/\/rings4wings.com\/en\/offer\/e-z-rings\/"},{"@type":"ListItem","position":4,"name":"E-Z Elastic ringen \u00d82 tot \u00d816 mm (voor alle vogelsoorten)"}]},{"@type":"WebSite","@id":"https:\/\/rings4wings.com\/nl\/#website","url":"https:\/\/rings4wings.com\/nl\/","name":"Rings4Wings","description":"","potentialAction":[{"@type":"SearchAction","target":{"@type":"EntryPoint","urlTemplate":"https:\/\/rings4wings.com\/nl\/?s={search_term_string}"},"query-input":{"@type":"PropertyValueSpecification","valueRequired":true,"valueName":"search_term_string"}}],"inLanguage":"fr-FR"}]}},"jetpack_sharing_enabled":true,"_links":{"self":[{"href":"https:\/\/rings4wings.com\/fr\/wp-json\/wp\/v2\/product\/2216","targetHints":{"allow":["GET"]}}],"collection":[{"href":"https:\/\/rings4wings.com\/fr\/wp-json\/wp\/v2\/product"}],"about":[{"href":"https:\/\/rings4wings.com\/fr\/wp-json\/wp\/v2\/types\/product"}],"wp:featuredmedia":[{"embeddable":true,"href":"https:\/\/rings4wings.com\/fr\/wp-json\/wp\/v2\/media\/2217"}],"wp:attachment":[{"href":"https:\/\/rings4wings.com\/fr\/wp-json\/wp\/v2\/media?parent=2216"}],"wp:term":[{"taxonomy":"product_brand","embeddable":true,"href":"https:\/\/rings4wings.com\/fr\/wp-json\/wp\/v2\/product_brand?post=2216"},{"taxonomy":"product_cat","embeddable":true,"href":"https:\/\/rings4wings.com\/fr\/wp-json\/wp\/v2\/product_cat?post=2216"},{"taxonomy":"product_tag","embeddable":true,"href":"https:\/\/rings4wings.com\/fr\/wp-json\/wp\/v2\/product_tag?post=2216"}],"curies":[{"name":"wp","href":"https:\/\/api.w.org\/{rel}","templated":true}]}}