{"id":12608,"date":"2024-12-05T09:52:31","date_gmt":"2024-12-05T08:52:31","guid":{"rendered":"https:\/\/rings4wings.com\/?post_type=product&#038;p=12608"},"modified":"2025-10-22T17:08:56","modified_gmt":"2025-10-22T15:08:56","slug":"anneaux-doiseaux-en-aluminium-dur-et-en-acier-inoxydable","status":"publish","type":"product","link":"https:\/\/rings4wings.com\/fr\/produits\/commander-des-bagues-personnalisees-e-z-bird-aluminium-durci-acier-inoxydable\/anneaux-doiseaux-en-aluminium-dur-et-en-acier-inoxydable\/","title":{"rendered":"Bagues en ALUMINIUM DUR &amp; ACIER INOXYDABLE pour oiseaux"},"content":{"rendered":"<p><img fetchpriority=\"high\" decoding=\"async\" class=\"alignnone size-medium wp-image-1962\" src=\"\/wp-content\/uploads\/2024\/09\/400dpiLogo_large-300x181.webp\" alt=\"\" width=\"300\" height=\"181\" srcset=\"\" sizes=\"(max-width: 300px) 100vw, 300px\" data-srcset=\"\" \/><\/p>\n<p>Nos anneaux E-Z O'Rings sont utilis\u00e9s par les f\u00e9d\u00e9rations officielles de ring.<\/p>\n<p>&nbsp;<\/p>\n<p><img decoding=\"async\" class=\"alignnone size-medium wp-image-1966\" src=\"\/wp-content\/uploads\/2024\/09\/o-ringen-logo_2544b0a9-55a6-4175-abb0-faf543917324-300x111.webp\" alt=\"\" width=\"300\" height=\"111\" srcset=\"\" sizes=\"(max-width: 300px) 100vw, 300px\" data-srcset=\"\" \/><\/p>\n<p>&nbsp;<\/p>\n<h3>Rings4Wings \u00e9largit son offre gr\u00e2ce \u00e0 l\u2019acquisition de Van de Laar \u2013 Verboogen Vogelringen<\/h3>\n<p class=\"translation-block\">Nous sommes fiers d\u2019annoncer que <strong>Smisdom<\/strong>, la soci\u00e9t\u00e9 derri\u00e8re la marque <strong>Rings4Wings<\/strong>, a repris les activit\u00e9s de <strong>Van de Laar \u2013 Verboogen Vogelringen<\/strong>.<\/p>\n<p class=\"translation-block\"><strong>Van de Laar \u2013 Verboogen<\/strong> est une r\u00e9f\u00e9rence depuis <strong>plus de 50 ans<\/strong> dans le domaine des bagues pour oiseaux, r\u00e9put\u00e9e pour ses bagues en <strong>aluminium et en acier inoxydable<\/strong> de haute qualit\u00e9. Leur expertise et leur r\u00e9putation correspondent parfaitement \u00e0 ce que nous repr\u00e9sentons chez <strong>Rings4Wings<\/strong>: qualit\u00e9, fiabilit\u00e9 et orientation client.<\/p>\n<p class=\"translation-block\">Rings4Wings est depuis de nombreuses ann\u00e9es le <strong>leader du march\u00e9 des bagues en plastique<\/strong>. Gr\u00e2ce \u00e0 cette acquisition, nous pouvons d\u00e9sormais vous proposer <strong>tous les mat\u00e9riaux<\/strong> sous un m\u00eame toit : <strong>plastique, aluminium et acier inoxydable<\/strong>. Un grand pas en avant vers notre position de <strong>fournisseur complet de bagues et d\u2019accessoires pour oiseaux<\/strong>.<\/p>\n<p><strong>Qu'est-ce que cela signifie pour vous ?<\/strong><br \/>\n\u2714 Un seul point de contact pour une gamme compl\u00e8te d'anneaux et d'accessoires pour oiseaux<br \/>\n\u2714 Tout est fait en interne : rapide, flexible et avec la plus grande pr\u00e9cision.<br \/>\n\u2714 La qualit\u00e9 et le service auxquels vous \u00eates habitu\u00e9s<br \/>\n\u2714 La boutique en ligne de Van de Laar - Verboogen sera enti\u00e8rement int\u00e9gr\u00e9e \u00e0 notre site web \u00e0 partir du 3 octobre 2025 www.rings4wings.com<\/p>\n<p>Merci de votre confiance. Nous sommes ravis de continuer \u00e0 vous servir \u2014 avec encore plus de possibilit\u00e9s.<\/p>\n<p><strong>L'\u00e9quipe Rings4Wings \/ Smisdom <\/strong><\/p>","protected":false},"excerpt":{"rendered":"<p>Onze E-Z O&#8217;Ringen worden gebruikt door offici\u00eble ring federaties. &nbsp; &nbsp; Rings4Wings breidt aanbod uit door overname Van de Laar \u2013 Verboogen Vogelringen Met trots maken wij bekend dat Smisdom, het bedrijf achter het merk Rings4Wings, de activiteiten heeft overgenomen van Van de Laar \u2013 Verboogen Vogelringen. Van de Laar \u2013 Verboogen is al meer [&hellip;]<\/p>\n","protected":false},"featured_media":20206,"template":"","meta":{"_acf_changed":false,"inline_featured_image":false},"product_brand":[],"product_cat":[100],"product_tag":[],"class_list":{"0":"post-12608","1":"product","2":"type-product","3":"status-publish","4":"has-post-thumbnail","6":"product_cat-gepersonaliseerde-e-z-vogelringen-bestellen-gehard-aluminium-rvs","8":"first","9":"instock","10":"taxable","11":"shipping-taxable","12":"purchasable","13":"product-type-simple"},"acf":[],"yoast_head":"<!-- This site is optimized with the Yoast SEO plugin v27.3 - https:\/\/yoast.com\/product\/yoast-seo-wordpress\/ -->\n<title>HARD aluminium &amp; roestvrij staal vogelringen - Rings4Wings<\/title>\n<meta name=\"description\" content=\"Ontdek onze gesloten, plastic ringen voor identificatie van vogels. Dankzij onze lasertechniek kunnen we inscripties voorzien. Bestel online!\" \/>\n<meta name=\"robots\" content=\"index, follow, max-snippet:-1, max-image-preview:large, max-video-preview:-1\" \/>\n<link rel=\"canonical\" href=\"https:\/\/rings4wings.com\/fr\/produits\/commander-des-bagues-personnalisees-e-z-bird-aluminium-durci-acier-inoxydable\/anneaux-doiseaux-en-aluminium-dur-et-en-acier-inoxydable\/\" \/>\n<meta property=\"og:locale\" content=\"fr_FR\" \/>\n<meta property=\"og:type\" content=\"article\" \/>\n<meta property=\"og:title\" content=\"HARD aluminium &amp; roestvrij staal vogelringen - Rings4Wings\" \/>\n<meta property=\"og:description\" content=\"Ontdek onze gesloten, plastic ringen voor identificatie van vogels. Dankzij onze lasertechniek kunnen we inscripties voorzien. Bestel online!\" \/>\n<meta property=\"og:url\" content=\"https:\/\/rings4wings.com\/fr\/produits\/commander-des-bagues-personnalisees-e-z-bird-aluminium-durci-acier-inoxydable\/anneaux-doiseaux-en-aluminium-dur-et-en-acier-inoxydable\/\" \/>\n<meta property=\"og:site_name\" content=\"Rings4Wings\" \/>\n<meta property=\"article:modified_time\" content=\"2025-10-22T15:08:56+00:00\" \/>\n<meta property=\"og:image\" content=\"https:\/\/rings4wings.com\/wp-content\/uploads\/2024\/12\/A4164A41-95B5-43C7-8F4E-5A3562EEE265.jpg\" \/>\n\t<meta property=\"og:image:width\" content=\"2208\" \/>\n\t<meta property=\"og:image:height\" content=\"2208\" \/>\n\t<meta property=\"og:image:type\" content=\"image\/jpeg\" \/>\n<meta name=\"twitter:card\" content=\"summary_large_image\" \/>\n<meta name=\"twitter:label1\" content=\"Dur\u00e9e de lecture estim\u00e9e\" \/>\n\t<meta name=\"twitter:data1\" content=\"1 minute\" \/>\n<script type=\"application\/ld+json\" class=\"yoast-schema-graph\">{\"@context\":\"https:\\\/\\\/schema.org\",\"@graph\":[{\"@type\":\"WebPage\",\"@id\":\"https:\\\/\\\/rings4wings.com\\\/nl\\\/producten\\\/gepersonaliseerde-e-z-vogelringen-bestellen-gehard-aluminium-rvs\\\/hard-aluminium-roestvrij-staal-vogelringen\\\/\",\"url\":\"https:\\\/\\\/rings4wings.com\\\/nl\\\/producten\\\/gepersonaliseerde-e-z-vogelringen-bestellen-gehard-aluminium-rvs\\\/hard-aluminium-roestvrij-staal-vogelringen\\\/\",\"name\":\"HARD aluminium & roestvrij staal vogelringen - Rings4Wings\",\"isPartOf\":{\"@id\":\"https:\\\/\\\/rings4wings.com\\\/nl\\\/#website\"},\"primaryImageOfPage\":{\"@id\":\"https:\\\/\\\/rings4wings.com\\\/nl\\\/producten\\\/gepersonaliseerde-e-z-vogelringen-bestellen-gehard-aluminium-rvs\\\/hard-aluminium-roestvrij-staal-vogelringen\\\/#primaryimage\"},\"image\":{\"@id\":\"https:\\\/\\\/rings4wings.com\\\/nl\\\/producten\\\/gepersonaliseerde-e-z-vogelringen-bestellen-gehard-aluminium-rvs\\\/hard-aluminium-roestvrij-staal-vogelringen\\\/#primaryimage\"},\"thumbnailUrl\":\"https:\\\/\\\/rings4wings.com\\\/wp-content\\\/uploads\\\/2024\\\/12\\\/A4164A41-95B5-43C7-8F4E-5A3562EEE265.jpg\",\"datePublished\":\"2024-12-05T08:52:31+00:00\",\"dateModified\":\"2025-10-22T15:08:56+00:00\",\"description\":\"Ontdek onze gesloten, plastic ringen voor identificatie van vogels. Dankzij onze lasertechniek kunnen we inscripties voorzien. Bestel online!\",\"breadcrumb\":{\"@id\":\"https:\\\/\\\/rings4wings.com\\\/nl\\\/producten\\\/gepersonaliseerde-e-z-vogelringen-bestellen-gehard-aluminium-rvs\\\/hard-aluminium-roestvrij-staal-vogelringen\\\/#breadcrumb\"},\"inLanguage\":\"fr-FR\",\"potentialAction\":[{\"@type\":\"ReadAction\",\"target\":[\"https:\\\/\\\/rings4wings.com\\\/nl\\\/producten\\\/gepersonaliseerde-e-z-vogelringen-bestellen-gehard-aluminium-rvs\\\/hard-aluminium-roestvrij-staal-vogelringen\\\/\"]}]},{\"@type\":\"ImageObject\",\"inLanguage\":\"fr-FR\",\"@id\":\"https:\\\/\\\/rings4wings.com\\\/nl\\\/producten\\\/gepersonaliseerde-e-z-vogelringen-bestellen-gehard-aluminium-rvs\\\/hard-aluminium-roestvrij-staal-vogelringen\\\/#primaryimage\",\"url\":\"https:\\\/\\\/rings4wings.com\\\/wp-content\\\/uploads\\\/2024\\\/12\\\/A4164A41-95B5-43C7-8F4E-5A3562EEE265.jpg\",\"contentUrl\":\"https:\\\/\\\/rings4wings.com\\\/wp-content\\\/uploads\\\/2024\\\/12\\\/A4164A41-95B5-43C7-8F4E-5A3562EEE265.jpg\",\"width\":2208,\"height\":2208},{\"@type\":\"BreadcrumbList\",\"@id\":\"https:\\\/\\\/rings4wings.com\\\/nl\\\/producten\\\/gepersonaliseerde-e-z-vogelringen-bestellen-gehard-aluminium-rvs\\\/hard-aluminium-roestvrij-staal-vogelringen\\\/#breadcrumb\",\"itemListElement\":[{\"@type\":\"ListItem\",\"position\":1,\"name\":\"Home\",\"item\":\"https:\\\/\\\/rings4wings.com\\\/nl\\\/\"},{\"@type\":\"ListItem\",\"position\":2,\"name\":\"Webshop\",\"item\":\"https:\\\/\\\/rings4wings.com\\\/en\\\/products\\\/\"},{\"@type\":\"ListItem\",\"position\":3,\"name\":\"HARD ALUMINIUM &amp; RVS vogelringen bestellen\",\"item\":\"https:\\\/\\\/rings4wings.com\\\/nl\\\/aanbod\\\/gepersonaliseerde-e-z-vogelringen-bestellen-gehard-aluminium-rvs\\\/\"},{\"@type\":\"ListItem\",\"position\":4,\"name\":\"HARD aluminium &#038; roestvrij staal vogelringen\"}]},{\"@type\":\"WebSite\",\"@id\":\"https:\\\/\\\/rings4wings.com\\\/nl\\\/#website\",\"url\":\"https:\\\/\\\/rings4wings.com\\\/nl\\\/\",\"name\":\"Rings4Wings\",\"description\":\"\",\"potentialAction\":[{\"@type\":\"SearchAction\",\"target\":{\"@type\":\"EntryPoint\",\"urlTemplate\":\"https:\\\/\\\/rings4wings.com\\\/nl\\\/?s={search_term_string}\"},\"query-input\":{\"@type\":\"PropertyValueSpecification\",\"valueRequired\":true,\"valueName\":\"search_term_string\"}}],\"inLanguage\":\"fr-FR\"}]}<\/script>\n<!-- \/ Yoast SEO plugin. -->","yoast_head_json":{"title":"Anneaux d'oiseaux en aluminium dur et en acier inoxydable - Rings4Wings","description":"D\u00e9couvrez nos bagues ferm\u00e9es en plastique pour l'identification des oiseaux. Gr\u00e2ce \u00e0 notre technologie laser, nous pouvons r\u00e9aliser des inscriptions. Commandez en ligne !","robots":{"index":"index","follow":"follow","max-snippet":"max-snippet:-1","max-image-preview":"max-image-preview:large","max-video-preview":"max-video-preview:-1"},"canonical":"https:\/\/rings4wings.com\/fr\/produits\/commander-des-bagues-personnalisees-e-z-bird-aluminium-durci-acier-inoxydable\/anneaux-doiseaux-en-aluminium-dur-et-en-acier-inoxydable\/","og_locale":"fr_FR","og_type":"article","og_title":"HARD aluminium & roestvrij staal vogelringen - Rings4Wings","og_description":"Ontdek onze gesloten, plastic ringen voor identificatie van vogels. Dankzij onze lasertechniek kunnen we inscripties voorzien. Bestel online!","og_url":"https:\/\/rings4wings.com\/fr\/produits\/commander-des-bagues-personnalisees-e-z-bird-aluminium-durci-acier-inoxydable\/anneaux-doiseaux-en-aluminium-dur-et-en-acier-inoxydable\/","og_site_name":"Rings4Wings","article_modified_time":"2025-10-22T15:08:56+00:00","og_image":[{"width":2208,"height":2208,"url":"https:\/\/rings4wings.com\/wp-content\/uploads\/2024\/12\/A4164A41-95B5-43C7-8F4E-5A3562EEE265.jpg","type":"image\/jpeg"}],"twitter_card":"summary_large_image","twitter_misc":{"Dur\u00e9e de lecture estim\u00e9e":"1 minute"},"schema":{"@context":"https:\/\/schema.org","@graph":[{"@type":"WebPage","@id":"https:\/\/rings4wings.com\/nl\/producten\/gepersonaliseerde-e-z-vogelringen-bestellen-gehard-aluminium-rvs\/hard-aluminium-roestvrij-staal-vogelringen\/","url":"https:\/\/rings4wings.com\/nl\/producten\/gepersonaliseerde-e-z-vogelringen-bestellen-gehard-aluminium-rvs\/hard-aluminium-roestvrij-staal-vogelringen\/","name":"Anneaux d'oiseaux en aluminium dur et en acier inoxydable - Rings4Wings","isPartOf":{"@id":"https:\/\/rings4wings.com\/nl\/#website"},"primaryImageOfPage":{"@id":"https:\/\/rings4wings.com\/nl\/producten\/gepersonaliseerde-e-z-vogelringen-bestellen-gehard-aluminium-rvs\/hard-aluminium-roestvrij-staal-vogelringen\/#primaryimage"},"image":{"@id":"https:\/\/rings4wings.com\/nl\/producten\/gepersonaliseerde-e-z-vogelringen-bestellen-gehard-aluminium-rvs\/hard-aluminium-roestvrij-staal-vogelringen\/#primaryimage"},"thumbnailUrl":"https:\/\/rings4wings.com\/wp-content\/uploads\/2024\/12\/A4164A41-95B5-43C7-8F4E-5A3562EEE265.jpg","datePublished":"2024-12-05T08:52:31+00:00","dateModified":"2025-10-22T15:08:56+00:00","description":"D\u00e9couvrez nos bagues ferm\u00e9es en plastique pour l'identification des oiseaux. Gr\u00e2ce \u00e0 notre technologie laser, nous pouvons r\u00e9aliser des inscriptions. Commandez en ligne !","breadcrumb":{"@id":"https:\/\/rings4wings.com\/nl\/producten\/gepersonaliseerde-e-z-vogelringen-bestellen-gehard-aluminium-rvs\/hard-aluminium-roestvrij-staal-vogelringen\/#breadcrumb"},"inLanguage":"fr-FR","potentialAction":[{"@type":"ReadAction","target":["https:\/\/rings4wings.com\/nl\/producten\/gepersonaliseerde-e-z-vogelringen-bestellen-gehard-aluminium-rvs\/hard-aluminium-roestvrij-staal-vogelringen\/"]}]},{"@type":"ImageObject","inLanguage":"fr-FR","@id":"https:\/\/rings4wings.com\/nl\/producten\/gepersonaliseerde-e-z-vogelringen-bestellen-gehard-aluminium-rvs\/hard-aluminium-roestvrij-staal-vogelringen\/#primaryimage","url":"https:\/\/rings4wings.com\/wp-content\/uploads\/2024\/12\/A4164A41-95B5-43C7-8F4E-5A3562EEE265.jpg","contentUrl":"https:\/\/rings4wings.com\/wp-content\/uploads\/2024\/12\/A4164A41-95B5-43C7-8F4E-5A3562EEE265.jpg","width":2208,"height":2208},{"@type":"BreadcrumbList","@id":"https:\/\/rings4wings.com\/nl\/producten\/gepersonaliseerde-e-z-vogelringen-bestellen-gehard-aluminium-rvs\/hard-aluminium-roestvrij-staal-vogelringen\/#breadcrumb","itemListElement":[{"@type":"ListItem","position":1,"name":"Home","item":"https:\/\/rings4wings.com\/nl\/"},{"@type":"ListItem","position":2,"name":"Webshop","item":"https:\/\/rings4wings.com\/en\/products\/"},{"@type":"ListItem","position":3,"name":"HARD ALUMINIUM &amp; RVS vogelringen bestellen","item":"https:\/\/rings4wings.com\/nl\/aanbod\/gepersonaliseerde-e-z-vogelringen-bestellen-gehard-aluminium-rvs\/"},{"@type":"ListItem","position":4,"name":"HARD aluminium &#038; roestvrij staal vogelringen"}]},{"@type":"WebSite","@id":"https:\/\/rings4wings.com\/nl\/#website","url":"https:\/\/rings4wings.com\/nl\/","name":"Rings4Wings","description":"","potentialAction":[{"@type":"SearchAction","target":{"@type":"EntryPoint","urlTemplate":"https:\/\/rings4wings.com\/nl\/?s={search_term_string}"},"query-input":{"@type":"PropertyValueSpecification","valueRequired":true,"valueName":"search_term_string"}}],"inLanguage":"fr-FR"}]}},"jetpack_sharing_enabled":true,"_links":{"self":[{"href":"https:\/\/rings4wings.com\/fr\/wp-json\/wp\/v2\/product\/12608","targetHints":{"allow":["GET"]}}],"collection":[{"href":"https:\/\/rings4wings.com\/fr\/wp-json\/wp\/v2\/product"}],"about":[{"href":"https:\/\/rings4wings.com\/fr\/wp-json\/wp\/v2\/types\/product"}],"wp:featuredmedia":[{"embeddable":true,"href":"https:\/\/rings4wings.com\/fr\/wp-json\/wp\/v2\/media\/20206"}],"wp:attachment":[{"href":"https:\/\/rings4wings.com\/fr\/wp-json\/wp\/v2\/media?parent=12608"}],"wp:term":[{"taxonomy":"product_brand","embeddable":true,"href":"https:\/\/rings4wings.com\/fr\/wp-json\/wp\/v2\/product_brand?post=12608"},{"taxonomy":"product_cat","embeddable":true,"href":"https:\/\/rings4wings.com\/fr\/wp-json\/wp\/v2\/product_cat?post=12608"},{"taxonomy":"product_tag","embeddable":true,"href":"https:\/\/rings4wings.com\/fr\/wp-json\/wp\/v2\/product_tag?post=12608"}],"curies":[{"name":"wp","href":"https:\/\/api.w.org\/{rel}","templated":true}]}}