{"id":1080,"date":"2024-08-22T15:31:29","date_gmt":"2024-08-22T13:31:29","guid":{"rendered":"https:\/\/rings4wings.muskedeer-wip.be\/nl\/?post_type=product&#038;p=1080"},"modified":"2026-01-23T10:37:46","modified_gmt":"2026-01-23T09:37:46","slug":"e-z-ring-tool-for-chip-rings-and-other-pinch-rings-outil-pour-anneaux-decaillage-et-autres-anneaux-de-pincement","status":"publish","type":"product","link":"https:\/\/rings4wings.com\/fr\/produits\/e-z-anneaux\/e-z-ring-tool-for-chip-rings-and-other-pinch-rings-outil-pour-anneaux-decaillage-et-autres-anneaux-de-pincement\/","title":{"rendered":"Outil E-Z Ring pour les anneaux d'\u00e9caillage (et autres anneaux pinc\u00e9s)"},"content":{"rendered":"<h4>Instructions<\/h4>\n<p><img fetchpriority=\"high\" decoding=\"async\" class=\"alignnone wp-image-1081 size-full\" src=\"\/wp-content\/uploads\/2024\/08\/Schermafbeelding-2024-08-22-om-15.30.22.png\" alt=\"\" width=\"916\" height=\"436\" srcset=\"\" sizes=\"(max-width: 916px) 100vw, 916px\" data-srcset=\"\" \/><\/p>\n<ol>\n<li>Fixez l'outil sur un mur de votre pigeonnier et faites glisser la bague \u00e0 mi-hauteur de l'outil, avec l'ouverture face \u00e0 vous.<\/li>\n<li>Placer la jambe dans le guide en forme de V de l'outil de mani\u00e8re \u00e0 ce que les orteils soient au-dessus de l'anneau.<\/li>\n<li>Guider l'anneau et le pigeon simultan\u00e9ment dans un mouvement vers le bas jusqu'\u00e0 ce que l'anneau et la patte se d\u00e9tachent de l'outil.<\/li>\n<li>Pressez l'anneau pour le fermer<\/li>\n<\/ol>\n<p>&nbsp;<\/p>\n<h4>Vid\u00e9o p\u00e9dagogique<\/h4>\n<p><iframe title=\"Lecteur vid\u00e9o YouTube\" src=\"https:\/\/www.youtube.com\/embed\/Z9_aI3bGUo8?si=9kuip1qhtWKcXyBr\" width=\"560\" height=\"315\" frameborder=\"0\" allowfullscreen=\"allowfullscreen\"><\/iframe><\/p>","protected":false},"excerpt":{"rendered":"<p>Instructies Monteer het gereedschap op een wand in je duivenhok en schuif de ring tot halfweg het gereedschap, met de opening naar je toe gericht. Leg de poot in de v-vormige geleiding van het gereedschap zodat de tenen boven de ring komen te liggen Begeleid de ring en duif gelijktijdig in een neerwaartse beweging tot [&hellip;]<\/p>\n","protected":false},"featured_media":1085,"template":"","meta":{"_acf_changed":false,"inline_featured_image":false},"product_brand":[],"product_cat":[25,24],"product_tag":[],"class_list":{"0":"post-1080","1":"product","2":"type-product","3":"status-publish","4":"has-post-thumbnail","6":"product_cat-e-z-markers","7":"product_cat-e-z-ringen","9":"first","10":"instock","11":"taxable","12":"shipping-taxable","13":"purchasable","14":"product-type-simple"},"acf":[],"yoast_head":"<!-- This site is optimized with the Yoast SEO plugin v27.4 - https:\/\/yoast.com\/product\/yoast-seo-wordpress\/ -->\n<title>E-Z Ring gereedschap voor chipringen (en andere knijpringen) - Rings4Wings<\/title>\n<meta name=\"description\" content=\"Een elektronische ring rond de poot van je duif plaatsen is altijd een moeilijk karwei geweest om alleen te doen. Nu kan het eenvoudig!\" \/>\n<meta name=\"robots\" content=\"index, follow, max-snippet:-1, max-image-preview:large, max-video-preview:-1\" \/>\n<link rel=\"canonical\" href=\"https:\/\/rings4wings.com\/fr\/produits\/e-z-anneaux\/e-z-ring-tool-for-chip-rings-and-other-pinch-rings-outil-pour-anneaux-decaillage-et-autres-anneaux-de-pincement\/\" \/>\n<meta property=\"og:locale\" content=\"fr_FR\" \/>\n<meta property=\"og:type\" content=\"article\" \/>\n<meta property=\"og:title\" content=\"E-Z Ring gereedschap voor chipringen (en andere knijpringen) - Rings4Wings\" \/>\n<meta property=\"og:description\" content=\"Een elektronische ring rond de poot van je duif plaatsen is altijd een moeilijk karwei geweest om alleen te doen. Nu kan het eenvoudig!\" \/>\n<meta property=\"og:url\" content=\"https:\/\/rings4wings.com\/fr\/produits\/e-z-anneaux\/e-z-ring-tool-for-chip-rings-and-other-pinch-rings-outil-pour-anneaux-decaillage-et-autres-anneaux-de-pincement\/\" \/>\n<meta property=\"og:site_name\" content=\"Rings4Wings\" \/>\n<meta property=\"article:modified_time\" content=\"2026-01-23T09:37:46+00:00\" \/>\n<meta property=\"og:image\" content=\"https:\/\/rings4wings.com\/wp-content\/uploads\/2024\/08\/RingTool_566cdec7-8ca8-485f-aca5-251c680a313b_1024x1024.webp\" \/>\n\t<meta property=\"og:image:width\" content=\"1024\" \/>\n\t<meta property=\"og:image:height\" content=\"1024\" \/>\n\t<meta property=\"og:image:type\" content=\"image\/webp\" \/>\n<meta name=\"twitter:card\" content=\"summary_large_image\" \/>\n<script type=\"application\/ld+json\" class=\"yoast-schema-graph\">{\"@context\":\"https:\\\/\\\/schema.org\",\"@graph\":[{\"@type\":\"WebPage\",\"@id\":\"https:\\\/\\\/rings4wings.com\\\/producten\\\/e-z-ringen\\\/e-z-ring-gereedschap-voor-chipringen-en-andere-knijpringen\\\/\",\"url\":\"https:\\\/\\\/rings4wings.com\\\/producten\\\/e-z-ringen\\\/e-z-ring-gereedschap-voor-chipringen-en-andere-knijpringen\\\/\",\"name\":\"E-Z Ring gereedschap voor chipringen (en andere knijpringen) - Rings4Wings\",\"isPartOf\":{\"@id\":\"https:\\\/\\\/rings4wings.com\\\/nl\\\/#website\"},\"primaryImageOfPage\":{\"@id\":\"https:\\\/\\\/rings4wings.com\\\/producten\\\/e-z-ringen\\\/e-z-ring-gereedschap-voor-chipringen-en-andere-knijpringen\\\/#primaryimage\"},\"image\":{\"@id\":\"https:\\\/\\\/rings4wings.com\\\/producten\\\/e-z-ringen\\\/e-z-ring-gereedschap-voor-chipringen-en-andere-knijpringen\\\/#primaryimage\"},\"thumbnailUrl\":\"https:\\\/\\\/rings4wings.com\\\/wp-content\\\/uploads\\\/2024\\\/08\\\/RingTool_566cdec7-8ca8-485f-aca5-251c680a313b_1024x1024.webp\",\"datePublished\":\"2024-08-22T13:31:29+00:00\",\"dateModified\":\"2026-01-23T09:37:46+00:00\",\"description\":\"Een elektronische ring rond de poot van je duif plaatsen is altijd een moeilijk karwei geweest om alleen te doen. Nu kan het eenvoudig!\",\"breadcrumb\":{\"@id\":\"https:\\\/\\\/rings4wings.com\\\/producten\\\/e-z-ringen\\\/e-z-ring-gereedschap-voor-chipringen-en-andere-knijpringen\\\/#breadcrumb\"},\"inLanguage\":\"fr-FR\",\"potentialAction\":[{\"@type\":\"ReadAction\",\"target\":[\"https:\\\/\\\/rings4wings.com\\\/producten\\\/e-z-ringen\\\/e-z-ring-gereedschap-voor-chipringen-en-andere-knijpringen\\\/\"]}]},{\"@type\":\"ImageObject\",\"inLanguage\":\"fr-FR\",\"@id\":\"https:\\\/\\\/rings4wings.com\\\/producten\\\/e-z-ringen\\\/e-z-ring-gereedschap-voor-chipringen-en-andere-knijpringen\\\/#primaryimage\",\"url\":\"https:\\\/\\\/rings4wings.com\\\/wp-content\\\/uploads\\\/2024\\\/08\\\/RingTool_566cdec7-8ca8-485f-aca5-251c680a313b_1024x1024.webp\",\"contentUrl\":\"https:\\\/\\\/rings4wings.com\\\/wp-content\\\/uploads\\\/2024\\\/08\\\/RingTool_566cdec7-8ca8-485f-aca5-251c680a313b_1024x1024.webp\",\"width\":1024,\"height\":1024},{\"@type\":\"BreadcrumbList\",\"@id\":\"https:\\\/\\\/rings4wings.com\\\/producten\\\/e-z-ringen\\\/e-z-ring-gereedschap-voor-chipringen-en-andere-knijpringen\\\/#breadcrumb\",\"itemListElement\":[{\"@type\":\"ListItem\",\"position\":1,\"name\":\"Home\",\"item\":\"https:\\\/\\\/rings4wings.com\\\/nl\\\/\"},{\"@type\":\"ListItem\",\"position\":2,\"name\":\"Webshop\",\"item\":\"https:\\\/\\\/rings4wings.com\\\/en\\\/products\\\/\"},{\"@type\":\"ListItem\",\"position\":3,\"name\":\"E-Z Markers &amp; hulpgereedschap voor chipringen\",\"item\":\"https:\\\/\\\/rings4wings.com\\\/de\\\/angebot\\\/e-z-markierungen\\\/\"},{\"@type\":\"ListItem\",\"position\":4,\"name\":\"E-Z Ring gereedschap voor chipringen (en andere knijpringen)\"}]},{\"@type\":\"WebSite\",\"@id\":\"https:\\\/\\\/rings4wings.com\\\/nl\\\/#website\",\"url\":\"https:\\\/\\\/rings4wings.com\\\/nl\\\/\",\"name\":\"Rings4Wings\",\"description\":\"\",\"potentialAction\":[{\"@type\":\"SearchAction\",\"target\":{\"@type\":\"EntryPoint\",\"urlTemplate\":\"https:\\\/\\\/rings4wings.com\\\/nl\\\/?s={search_term_string}\"},\"query-input\":{\"@type\":\"PropertyValueSpecification\",\"valueRequired\":true,\"valueName\":\"search_term_string\"}}],\"inLanguage\":\"fr-FR\"}]}<\/script>\n<!-- \/ Yoast SEO plugin. -->","yoast_head_json":{"title":"Outil E-Z Ring pour les anneaux \u00e0 puce (et autres anneaux \u00e0 pincement) - Rings4Wings","description":"Mettre une bague \u00e9lectronique autour de la patte de votre pigeon a toujours \u00e9t\u00e9 une t\u00e2che difficile \u00e0 r\u00e9aliser seul. Aujourd'hui, cela peut se faire facilement !","robots":{"index":"index","follow":"follow","max-snippet":"max-snippet:-1","max-image-preview":"max-image-preview:large","max-video-preview":"max-video-preview:-1"},"canonical":"https:\/\/rings4wings.com\/fr\/produits\/e-z-anneaux\/e-z-ring-tool-for-chip-rings-and-other-pinch-rings-outil-pour-anneaux-decaillage-et-autres-anneaux-de-pincement\/","og_locale":"fr_FR","og_type":"article","og_title":"E-Z Ring gereedschap voor chipringen (en andere knijpringen) - Rings4Wings","og_description":"Een elektronische ring rond de poot van je duif plaatsen is altijd een moeilijk karwei geweest om alleen te doen. Nu kan het eenvoudig!","og_url":"https:\/\/rings4wings.com\/fr\/produits\/e-z-anneaux\/e-z-ring-tool-for-chip-rings-and-other-pinch-rings-outil-pour-anneaux-decaillage-et-autres-anneaux-de-pincement\/","og_site_name":"Rings4Wings","article_modified_time":"2026-01-23T09:37:46+00:00","og_image":[{"width":1024,"height":1024,"url":"https:\/\/rings4wings.com\/wp-content\/uploads\/2024\/08\/RingTool_566cdec7-8ca8-485f-aca5-251c680a313b_1024x1024.webp","type":"image\/webp"}],"twitter_card":"summary_large_image","schema":{"@context":"https:\/\/schema.org","@graph":[{"@type":"WebPage","@id":"https:\/\/rings4wings.com\/producten\/e-z-ringen\/e-z-ring-gereedschap-voor-chipringen-en-andere-knijpringen\/","url":"https:\/\/rings4wings.com\/producten\/e-z-ringen\/e-z-ring-gereedschap-voor-chipringen-en-andere-knijpringen\/","name":"Outil E-Z Ring pour les anneaux \u00e0 puce (et autres anneaux \u00e0 pincement) - Rings4Wings","isPartOf":{"@id":"https:\/\/rings4wings.com\/nl\/#website"},"primaryImageOfPage":{"@id":"https:\/\/rings4wings.com\/producten\/e-z-ringen\/e-z-ring-gereedschap-voor-chipringen-en-andere-knijpringen\/#primaryimage"},"image":{"@id":"https:\/\/rings4wings.com\/producten\/e-z-ringen\/e-z-ring-gereedschap-voor-chipringen-en-andere-knijpringen\/#primaryimage"},"thumbnailUrl":"https:\/\/rings4wings.com\/wp-content\/uploads\/2024\/08\/RingTool_566cdec7-8ca8-485f-aca5-251c680a313b_1024x1024.webp","datePublished":"2024-08-22T13:31:29+00:00","dateModified":"2026-01-23T09:37:46+00:00","description":"Mettre une bague \u00e9lectronique autour de la patte de votre pigeon a toujours \u00e9t\u00e9 une t\u00e2che difficile \u00e0 r\u00e9aliser seul. Aujourd'hui, cela peut se faire facilement !","breadcrumb":{"@id":"https:\/\/rings4wings.com\/producten\/e-z-ringen\/e-z-ring-gereedschap-voor-chipringen-en-andere-knijpringen\/#breadcrumb"},"inLanguage":"fr-FR","potentialAction":[{"@type":"ReadAction","target":["https:\/\/rings4wings.com\/producten\/e-z-ringen\/e-z-ring-gereedschap-voor-chipringen-en-andere-knijpringen\/"]}]},{"@type":"ImageObject","inLanguage":"fr-FR","@id":"https:\/\/rings4wings.com\/producten\/e-z-ringen\/e-z-ring-gereedschap-voor-chipringen-en-andere-knijpringen\/#primaryimage","url":"https:\/\/rings4wings.com\/wp-content\/uploads\/2024\/08\/RingTool_566cdec7-8ca8-485f-aca5-251c680a313b_1024x1024.webp","contentUrl":"https:\/\/rings4wings.com\/wp-content\/uploads\/2024\/08\/RingTool_566cdec7-8ca8-485f-aca5-251c680a313b_1024x1024.webp","width":1024,"height":1024},{"@type":"BreadcrumbList","@id":"https:\/\/rings4wings.com\/producten\/e-z-ringen\/e-z-ring-gereedschap-voor-chipringen-en-andere-knijpringen\/#breadcrumb","itemListElement":[{"@type":"ListItem","position":1,"name":"Home","item":"https:\/\/rings4wings.com\/nl\/"},{"@type":"ListItem","position":2,"name":"Webshop","item":"https:\/\/rings4wings.com\/en\/products\/"},{"@type":"ListItem","position":3,"name":"E-Z Markers &amp; hulpgereedschap voor chipringen","item":"https:\/\/rings4wings.com\/de\/angebot\/e-z-markierungen\/"},{"@type":"ListItem","position":4,"name":"E-Z Ring gereedschap voor chipringen (en andere knijpringen)"}]},{"@type":"WebSite","@id":"https:\/\/rings4wings.com\/nl\/#website","url":"https:\/\/rings4wings.com\/nl\/","name":"Rings4Wings","description":"","potentialAction":[{"@type":"SearchAction","target":{"@type":"EntryPoint","urlTemplate":"https:\/\/rings4wings.com\/nl\/?s={search_term_string}"},"query-input":{"@type":"PropertyValueSpecification","valueRequired":true,"valueName":"search_term_string"}}],"inLanguage":"fr-FR"}]}},"jetpack_sharing_enabled":true,"_links":{"self":[{"href":"https:\/\/rings4wings.com\/fr\/wp-json\/wp\/v2\/product\/1080","targetHints":{"allow":["GET"]}}],"collection":[{"href":"https:\/\/rings4wings.com\/fr\/wp-json\/wp\/v2\/product"}],"about":[{"href":"https:\/\/rings4wings.com\/fr\/wp-json\/wp\/v2\/types\/product"}],"wp:featuredmedia":[{"embeddable":true,"href":"https:\/\/rings4wings.com\/fr\/wp-json\/wp\/v2\/media\/1085"}],"wp:attachment":[{"href":"https:\/\/rings4wings.com\/fr\/wp-json\/wp\/v2\/media?parent=1080"}],"wp:term":[{"taxonomy":"product_brand","embeddable":true,"href":"https:\/\/rings4wings.com\/fr\/wp-json\/wp\/v2\/product_brand?post=1080"},{"taxonomy":"product_cat","embeddable":true,"href":"https:\/\/rings4wings.com\/fr\/wp-json\/wp\/v2\/product_cat?post=1080"},{"taxonomy":"product_tag","embeddable":true,"href":"https:\/\/rings4wings.com\/fr\/wp-json\/wp\/v2\/product_tag?post=1080"}],"curies":[{"name":"wp","href":"https:\/\/api.w.org\/{rel}","templated":true}]}}