{"id":506,"date":"2024-08-21T18:39:10","date_gmt":"2024-08-21T16:39:10","guid":{"rendered":"https:\/\/rings4wings.muskedeer-wip.be\/?post_type=product&#038;p=506"},"modified":"2026-01-23T10:45:44","modified_gmt":"2026-01-23T09:45:44","slug":"id-etikettenhalter","status":"publish","type":"product","link":"https:\/\/rings4wings.com\/de\/produkte\/vogelhauseinrichtungen-und-mehr\/id-etikettenhalter\/","title":{"rendered":"ID-Etikettenhalter"},"content":{"rendered":"<p>Etikettenhalter f\u00fcr TT-K\u00e4fige<\/p>\n<p><strong><span style=\"color: red;\">Keine hartn\u00e4ckigen Kleber\u00fcckst\u00e4nde mehr auf Ihren K\u00e4figen!<\/span><\/strong><\/p>\n<p>Kleben Sie Ihr Etikett von nun an ordentlich auf den Etikettenhalter.<\/p>\n<p>Etikett entfernen? Werfen Sie den Halter einfach in Wasser und das Etikett l\u00f6st sich von selbst!<\/p>\n<p>Die Halterung ist unter der Vorderseite befestigt. <strong>Zugelassen von Verb\u00e4nden f\u00fcr Ausstellungen<\/strong>.<\/p>\n<p>Abmessungen: 120\u00d750 mm<\/p>","protected":false},"excerpt":{"rendered":"<p>Etikettenhalter f\u00fcr TT-K\u00e4fige Keine hartn\u00e4ckigen Kleber\u00fcckst\u00e4nde mehr auf Ihren K\u00e4figen! Ab jetzt kleben Sie Ihr Etikett sauber auf den Etikettenhalter. Etikett entfernen? Werfen Sie den Halter einfach in Wasser und das Etikett l\u00f6st sich von selbst! Die Halterung wird unter der Vorderseite befestigt. Zugelassen von den Verb\u00e4nden f\u00fcr Ausstellungen. Abmessungen: 120\u00d750 mm<\/p>","protected":false},"featured_media":510,"template":"","meta":{"_acf_changed":false,"inline_featured_image":false},"product_brand":[],"product_cat":[22],"product_tag":[],"class_list":{"0":"post-506","1":"product","2":"type-product","3":"status-publish","4":"has-post-thumbnail","6":"product_cat-hokinrichting","8":"first","9":"instock","10":"taxable","11":"shipping-taxable","12":"purchasable","13":"product-type-simple"},"acf":[],"yoast_head":"<!-- This site is optimized with the Yoast SEO plugin v27.3 - https:\/\/yoast.com\/product\/yoast-seo-wordpress\/ -->\n<title>ID-etikethouder voor vogelkooien - Niet langer lijmen - Rings4Wings<\/title>\n<meta name=\"description\" content=\"Voorkom met deze etikethouder hardnekkige lijmresten op je kooien. Veel federaties en tentoonstellingen hebben deze houder reeds goedgekeurd!\" \/>\n<meta name=\"robots\" content=\"index, follow, max-snippet:-1, max-image-preview:large, max-video-preview:-1\" \/>\n<link rel=\"canonical\" href=\"https:\/\/rings4wings.com\/de\/produkte\/vogelhauseinrichtungen-und-mehr\/id-etikettenhalter\/\" \/>\n<meta property=\"og:locale\" content=\"de_DE\" \/>\n<meta property=\"og:type\" content=\"article\" \/>\n<meta property=\"og:title\" content=\"ID-etikethouder voor vogelkooien - Niet langer lijmen - Rings4Wings\" \/>\n<meta property=\"og:description\" content=\"Voorkom met deze etikethouder hardnekkige lijmresten op je kooien. Veel federaties en tentoonstellingen hebben deze houder reeds goedgekeurd!\" \/>\n<meta property=\"og:url\" content=\"https:\/\/rings4wings.com\/de\/produkte\/vogelhauseinrichtungen-und-mehr\/id-etikettenhalter\/\" \/>\n<meta property=\"og:site_name\" content=\"Rings4Wings\" \/>\n<meta property=\"article:modified_time\" content=\"2026-01-23T09:45:44+00:00\" \/>\n<meta property=\"og:image\" content=\"https:\/\/rings4wings.com\/wp-content\/uploads\/2024\/08\/www.rings4wings_2c7ed2a4-0fcc-4c82-b1fe-035ffa291fd4_1024x1024.webp\" \/>\n\t<meta property=\"og:image:width\" content=\"400\" \/>\n\t<meta property=\"og:image:height\" content=\"267\" \/>\n\t<meta property=\"og:image:type\" content=\"image\/webp\" \/>\n<meta name=\"twitter:card\" content=\"summary_large_image\" \/>\n<meta name=\"twitter:label1\" content=\"Gesch\u00e4tzte Lesezeit\" \/>\n\t<meta name=\"twitter:data1\" content=\"1\u00a0Minute\" \/>\n<script type=\"application\/ld+json\" class=\"yoast-schema-graph\">{\"@context\":\"https:\\\/\\\/schema.org\",\"@graph\":[{\"@type\":\"WebPage\",\"@id\":\"https:\\\/\\\/rings4wings.com\\\/producten\\\/hokinrichting\\\/id-etikethouder\\\/\",\"url\":\"https:\\\/\\\/rings4wings.com\\\/producten\\\/hokinrichting\\\/id-etikethouder\\\/\",\"name\":\"ID-etikethouder voor vogelkooien - Niet langer lijmen - Rings4Wings\",\"isPartOf\":{\"@id\":\"https:\\\/\\\/rings4wings.com\\\/nl\\\/#website\"},\"primaryImageOfPage\":{\"@id\":\"https:\\\/\\\/rings4wings.com\\\/producten\\\/hokinrichting\\\/id-etikethouder\\\/#primaryimage\"},\"image\":{\"@id\":\"https:\\\/\\\/rings4wings.com\\\/producten\\\/hokinrichting\\\/id-etikethouder\\\/#primaryimage\"},\"thumbnailUrl\":\"https:\\\/\\\/rings4wings.com\\\/wp-content\\\/uploads\\\/2024\\\/08\\\/www.rings4wings_2c7ed2a4-0fcc-4c82-b1fe-035ffa291fd4_1024x1024.webp\",\"datePublished\":\"2024-08-21T16:39:10+00:00\",\"dateModified\":\"2026-01-23T09:45:44+00:00\",\"description\":\"Voorkom met deze etikethouder hardnekkige lijmresten op je kooien. Veel federaties en tentoonstellingen hebben deze houder reeds goedgekeurd!\",\"breadcrumb\":{\"@id\":\"https:\\\/\\\/rings4wings.com\\\/producten\\\/hokinrichting\\\/id-etikethouder\\\/#breadcrumb\"},\"inLanguage\":\"de\",\"potentialAction\":[{\"@type\":\"ReadAction\",\"target\":[\"https:\\\/\\\/rings4wings.com\\\/producten\\\/hokinrichting\\\/id-etikethouder\\\/\"]}]},{\"@type\":\"ImageObject\",\"inLanguage\":\"de\",\"@id\":\"https:\\\/\\\/rings4wings.com\\\/producten\\\/hokinrichting\\\/id-etikethouder\\\/#primaryimage\",\"url\":\"https:\\\/\\\/rings4wings.com\\\/wp-content\\\/uploads\\\/2024\\\/08\\\/www.rings4wings_2c7ed2a4-0fcc-4c82-b1fe-035ffa291fd4_1024x1024.webp\",\"contentUrl\":\"https:\\\/\\\/rings4wings.com\\\/wp-content\\\/uploads\\\/2024\\\/08\\\/www.rings4wings_2c7ed2a4-0fcc-4c82-b1fe-035ffa291fd4_1024x1024.webp\",\"width\":400,\"height\":267},{\"@type\":\"BreadcrumbList\",\"@id\":\"https:\\\/\\\/rings4wings.com\\\/producten\\\/hokinrichting\\\/id-etikethouder\\\/#breadcrumb\",\"itemListElement\":[{\"@type\":\"ListItem\",\"position\":1,\"name\":\"Home\",\"item\":\"https:\\\/\\\/rings4wings.com\\\/nl\\\/\"},{\"@type\":\"ListItem\",\"position\":2,\"name\":\"Webshop\",\"item\":\"https:\\\/\\\/rings4wings.com\\\/en\\\/products\\\/\"},{\"@type\":\"ListItem\",\"position\":3,\"name\":\"Hokinrichting &amp; meer\",\"item\":\"https:\\\/\\\/rings4wings.com\\\/nl\\\/aanbod\\\/hokinrichting\\\/\"},{\"@type\":\"ListItem\",\"position\":4,\"name\":\"ID-etikethouder\"}]},{\"@type\":\"WebSite\",\"@id\":\"https:\\\/\\\/rings4wings.com\\\/nl\\\/#website\",\"url\":\"https:\\\/\\\/rings4wings.com\\\/nl\\\/\",\"name\":\"Rings4Wings\",\"description\":\"\",\"potentialAction\":[{\"@type\":\"SearchAction\",\"target\":{\"@type\":\"EntryPoint\",\"urlTemplate\":\"https:\\\/\\\/rings4wings.com\\\/nl\\\/?s={search_term_string}\"},\"query-input\":{\"@type\":\"PropertyValueSpecification\",\"valueRequired\":true,\"valueName\":\"search_term_string\"}}],\"inLanguage\":\"de\"}]}<\/script>\n<!-- \/ Yoast SEO plugin. -->","yoast_head_json":{"title":"ID-Tag-Halter f\u00fcr Vogelk\u00e4fige - Kein Kleben mehr - Rings4Wings","description":"Verhindern Sie hartn\u00e4ckige Kleber\u00fcckst\u00e4nde auf Ihren K\u00e4figen mit diesem Etikettenhalter. Viele Verb\u00e4nde und Ausstellungen haben diesen Halter bereits genehmigt!","robots":{"index":"index","follow":"follow","max-snippet":"max-snippet:-1","max-image-preview":"max-image-preview:large","max-video-preview":"max-video-preview:-1"},"canonical":"https:\/\/rings4wings.com\/de\/produkte\/vogelhauseinrichtungen-und-mehr\/id-etikettenhalter\/","og_locale":"de_DE","og_type":"article","og_title":"ID-etikethouder voor vogelkooien - Niet langer lijmen - Rings4Wings","og_description":"Voorkom met deze etikethouder hardnekkige lijmresten op je kooien. Veel federaties en tentoonstellingen hebben deze houder reeds goedgekeurd!","og_url":"https:\/\/rings4wings.com\/de\/produkte\/vogelhauseinrichtungen-und-mehr\/id-etikettenhalter\/","og_site_name":"Rings4Wings","article_modified_time":"2026-01-23T09:45:44+00:00","og_image":[{"width":400,"height":267,"url":"https:\/\/rings4wings.com\/wp-content\/uploads\/2024\/08\/www.rings4wings_2c7ed2a4-0fcc-4c82-b1fe-035ffa291fd4_1024x1024.webp","type":"image\/webp"}],"twitter_card":"summary_large_image","twitter_misc":{"Gesch\u00e4tzte Lesezeit":"1\u00a0Minute"},"schema":{"@context":"https:\/\/schema.org","@graph":[{"@type":"WebPage","@id":"https:\/\/rings4wings.com\/producten\/hokinrichting\/id-etikethouder\/","url":"https:\/\/rings4wings.com\/producten\/hokinrichting\/id-etikethouder\/","name":"ID-Tag-Halter f\u00fcr Vogelk\u00e4fige - Kein Kleben mehr - Rings4Wings","isPartOf":{"@id":"https:\/\/rings4wings.com\/nl\/#website"},"primaryImageOfPage":{"@id":"https:\/\/rings4wings.com\/producten\/hokinrichting\/id-etikethouder\/#primaryimage"},"image":{"@id":"https:\/\/rings4wings.com\/producten\/hokinrichting\/id-etikethouder\/#primaryimage"},"thumbnailUrl":"https:\/\/rings4wings.com\/wp-content\/uploads\/2024\/08\/www.rings4wings_2c7ed2a4-0fcc-4c82-b1fe-035ffa291fd4_1024x1024.webp","datePublished":"2024-08-21T16:39:10+00:00","dateModified":"2026-01-23T09:45:44+00:00","description":"Verhindern Sie hartn\u00e4ckige Kleber\u00fcckst\u00e4nde auf Ihren K\u00e4figen mit diesem Etikettenhalter. Viele Verb\u00e4nde und Ausstellungen haben diesen Halter bereits genehmigt!","breadcrumb":{"@id":"https:\/\/rings4wings.com\/producten\/hokinrichting\/id-etikethouder\/#breadcrumb"},"inLanguage":"de","potentialAction":[{"@type":"ReadAction","target":["https:\/\/rings4wings.com\/producten\/hokinrichting\/id-etikethouder\/"]}]},{"@type":"ImageObject","inLanguage":"de","@id":"https:\/\/rings4wings.com\/producten\/hokinrichting\/id-etikethouder\/#primaryimage","url":"https:\/\/rings4wings.com\/wp-content\/uploads\/2024\/08\/www.rings4wings_2c7ed2a4-0fcc-4c82-b1fe-035ffa291fd4_1024x1024.webp","contentUrl":"https:\/\/rings4wings.com\/wp-content\/uploads\/2024\/08\/www.rings4wings_2c7ed2a4-0fcc-4c82-b1fe-035ffa291fd4_1024x1024.webp","width":400,"height":267},{"@type":"BreadcrumbList","@id":"https:\/\/rings4wings.com\/producten\/hokinrichting\/id-etikethouder\/#breadcrumb","itemListElement":[{"@type":"ListItem","position":1,"name":"Home","item":"https:\/\/rings4wings.com\/nl\/"},{"@type":"ListItem","position":2,"name":"Webshop","item":"https:\/\/rings4wings.com\/en\/products\/"},{"@type":"ListItem","position":3,"name":"Hokinrichting &amp; meer","item":"https:\/\/rings4wings.com\/nl\/aanbod\/hokinrichting\/"},{"@type":"ListItem","position":4,"name":"ID-etikethouder"}]},{"@type":"WebSite","@id":"https:\/\/rings4wings.com\/nl\/#website","url":"https:\/\/rings4wings.com\/nl\/","name":"Ringe4Fl\u00fcgel","description":"","potentialAction":[{"@type":"SearchAction","target":{"@type":"EntryPoint","urlTemplate":"https:\/\/rings4wings.com\/nl\/?s={search_term_string}"},"query-input":{"@type":"PropertyValueSpecification","valueRequired":true,"valueName":"search_term_string"}}],"inLanguage":"de"}]}},"jetpack_sharing_enabled":true,"_links":{"self":[{"href":"https:\/\/rings4wings.com\/de\/wp-json\/wp\/v2\/product\/506","targetHints":{"allow":["GET"]}}],"collection":[{"href":"https:\/\/rings4wings.com\/de\/wp-json\/wp\/v2\/product"}],"about":[{"href":"https:\/\/rings4wings.com\/de\/wp-json\/wp\/v2\/types\/product"}],"wp:featuredmedia":[{"embeddable":true,"href":"https:\/\/rings4wings.com\/de\/wp-json\/wp\/v2\/media\/510"}],"wp:attachment":[{"href":"https:\/\/rings4wings.com\/de\/wp-json\/wp\/v2\/media?parent=506"}],"wp:term":[{"taxonomy":"product_brand","embeddable":true,"href":"https:\/\/rings4wings.com\/de\/wp-json\/wp\/v2\/product_brand?post=506"},{"taxonomy":"product_cat","embeddable":true,"href":"https:\/\/rings4wings.com\/de\/wp-json\/wp\/v2\/product_cat?post=506"},{"taxonomy":"product_tag","embeddable":true,"href":"https:\/\/rings4wings.com\/de\/wp-json\/wp\/v2\/product_tag?post=506"}],"curies":[{"name":"wp","href":"https:\/\/api.w.org\/{rel}","templated":true}]}}