{"id":487,"date":"2024-08-21T18:34:08","date_gmt":"2024-08-21T16:34:08","guid":{"rendered":"https:\/\/rings4wings.muskedeer-wip.be\/?post_type=product&#038;p=487"},"modified":"2026-01-23T10:57:10","modified_gmt":"2026-01-23T09:57:10","slug":"uberlaufschutzplatte-fur-rechteckigen-futternapf","status":"publish","type":"product","link":"https:\/\/rings4wings.com\/de\/produkte\/vogelhauseinrichtungen-und-mehr\/uberlaufschutzplatte-fur-rechteckigen-futternapf\/","title":{"rendered":"\u00dcberlaufschutzplatte f\u00fcr rechteckigen Futternapf"},"content":{"rendered":"<p>Kombinierbar mit unserem <a href=\"\/de\/produkte\/vogelhauseinrichtungen-und-mehr\/einspeisung-mit-austauschbarem-befestigungsdraht\/\">Rechteckanleger<\/a> um zu verhindern, dass der Vogel eine Menge Futter verschwendet.<\/p>","protected":false},"excerpt":{"rendered":"<p>Kombinierbar mit unserem rechteckigen Futterh\u00e4uschen, um zu verhindern, dass die V\u00f6gel viel Futter verschwenden.<\/p>","protected":false},"featured_media":489,"template":"","meta":{"_acf_changed":false,"inline_featured_image":false},"product_brand":[],"product_cat":[22],"product_tag":[],"class_list":{"0":"post-487","1":"product","2":"type-product","3":"status-publish","4":"has-post-thumbnail","6":"product_cat-hokinrichting","8":"first","9":"instock","10":"taxable","11":"shipping-taxable","12":"purchasable","13":"product-type-simple"},"acf":[],"yoast_head":"<!-- This site is optimized with the Yoast SEO plugin v27.3 - https:\/\/yoast.com\/product\/yoast-seo-wordpress\/ -->\n<title>Anti-morsplaatje voor rechthoekig voederbakje - Rings4Wings<\/title>\n<meta name=\"description\" content=\"Voorkom dat je vogels zaden en voer verspillen. Plaats dit kunststof anti-morsplaatje op je rechthoekige voederbakjes. Bestel online!\" \/>\n<meta name=\"robots\" content=\"index, follow, max-snippet:-1, max-image-preview:large, max-video-preview:-1\" \/>\n<link rel=\"canonical\" href=\"https:\/\/rings4wings.com\/de\/produkte\/vogelhauseinrichtungen-und-mehr\/uberlaufschutzplatte-fur-rechteckigen-futternapf\/\" \/>\n<meta property=\"og:locale\" content=\"de_DE\" \/>\n<meta property=\"og:type\" content=\"article\" \/>\n<meta property=\"og:title\" content=\"Anti-morsplaatje voor rechthoekig voederbakje - Rings4Wings\" \/>\n<meta property=\"og:description\" content=\"Voorkom dat je vogels zaden en voer verspillen. Plaats dit kunststof anti-morsplaatje op je rechthoekige voederbakjes. Bestel online!\" \/>\n<meta property=\"og:url\" content=\"https:\/\/rings4wings.com\/de\/produkte\/vogelhauseinrichtungen-und-mehr\/uberlaufschutzplatte-fur-rechteckigen-futternapf\/\" \/>\n<meta property=\"og:site_name\" content=\"Rings4Wings\" \/>\n<meta property=\"article:modified_time\" content=\"2026-01-23T09:57:10+00:00\" \/>\n<meta property=\"og:image\" content=\"https:\/\/rings4wings.com\/wp-content\/uploads\/2024\/08\/722PVB2_1024x1024.webp\" \/>\n\t<meta property=\"og:image:width\" content=\"1024\" \/>\n\t<meta property=\"og:image:height\" content=\"644\" \/>\n\t<meta property=\"og:image:type\" content=\"image\/webp\" \/>\n<meta name=\"twitter:card\" content=\"summary_large_image\" \/>\n<meta name=\"twitter:label1\" content=\"Gesch\u00e4tzte Lesezeit\" \/>\n\t<meta name=\"twitter:data1\" content=\"1\u00a0Minute\" \/>\n<script type=\"application\/ld+json\" class=\"yoast-schema-graph\">{\"@context\":\"https:\\\/\\\/schema.org\",\"@graph\":[{\"@type\":\"WebPage\",\"@id\":\"https:\\\/\\\/rings4wings.com\\\/producten\\\/hokinrichting\\\/anti-morsplaatje-voor-rechthoekig-voederbakje\\\/\",\"url\":\"https:\\\/\\\/rings4wings.com\\\/producten\\\/hokinrichting\\\/anti-morsplaatje-voor-rechthoekig-voederbakje\\\/\",\"name\":\"Anti-morsplaatje voor rechthoekig voederbakje - Rings4Wings\",\"isPartOf\":{\"@id\":\"https:\\\/\\\/rings4wings.com\\\/nl\\\/#website\"},\"primaryImageOfPage\":{\"@id\":\"https:\\\/\\\/rings4wings.com\\\/producten\\\/hokinrichting\\\/anti-morsplaatje-voor-rechthoekig-voederbakje\\\/#primaryimage\"},\"image\":{\"@id\":\"https:\\\/\\\/rings4wings.com\\\/producten\\\/hokinrichting\\\/anti-morsplaatje-voor-rechthoekig-voederbakje\\\/#primaryimage\"},\"thumbnailUrl\":\"https:\\\/\\\/rings4wings.com\\\/wp-content\\\/uploads\\\/2024\\\/08\\\/722PVB2_1024x1024.webp\",\"datePublished\":\"2024-08-21T16:34:08+00:00\",\"dateModified\":\"2026-01-23T09:57:10+00:00\",\"description\":\"Voorkom dat je vogels zaden en voer verspillen. Plaats dit kunststof anti-morsplaatje op je rechthoekige voederbakjes. Bestel online!\",\"breadcrumb\":{\"@id\":\"https:\\\/\\\/rings4wings.com\\\/producten\\\/hokinrichting\\\/anti-morsplaatje-voor-rechthoekig-voederbakje\\\/#breadcrumb\"},\"inLanguage\":\"de\",\"potentialAction\":[{\"@type\":\"ReadAction\",\"target\":[\"https:\\\/\\\/rings4wings.com\\\/producten\\\/hokinrichting\\\/anti-morsplaatje-voor-rechthoekig-voederbakje\\\/\"]}]},{\"@type\":\"ImageObject\",\"inLanguage\":\"de\",\"@id\":\"https:\\\/\\\/rings4wings.com\\\/producten\\\/hokinrichting\\\/anti-morsplaatje-voor-rechthoekig-voederbakje\\\/#primaryimage\",\"url\":\"https:\\\/\\\/rings4wings.com\\\/wp-content\\\/uploads\\\/2024\\\/08\\\/722PVB2_1024x1024.webp\",\"contentUrl\":\"https:\\\/\\\/rings4wings.com\\\/wp-content\\\/uploads\\\/2024\\\/08\\\/722PVB2_1024x1024.webp\",\"width\":1024,\"height\":644},{\"@type\":\"BreadcrumbList\",\"@id\":\"https:\\\/\\\/rings4wings.com\\\/producten\\\/hokinrichting\\\/anti-morsplaatje-voor-rechthoekig-voederbakje\\\/#breadcrumb\",\"itemListElement\":[{\"@type\":\"ListItem\",\"position\":1,\"name\":\"Home\",\"item\":\"https:\\\/\\\/rings4wings.com\\\/nl\\\/\"},{\"@type\":\"ListItem\",\"position\":2,\"name\":\"Webshop\",\"item\":\"https:\\\/\\\/rings4wings.com\\\/en\\\/products\\\/\"},{\"@type\":\"ListItem\",\"position\":3,\"name\":\"Hokinrichting &amp; meer\",\"item\":\"https:\\\/\\\/rings4wings.com\\\/nl\\\/aanbod\\\/hokinrichting\\\/\"},{\"@type\":\"ListItem\",\"position\":4,\"name\":\"Anti-morsplaatje voor rechthoekig voederbakje\"}]},{\"@type\":\"WebSite\",\"@id\":\"https:\\\/\\\/rings4wings.com\\\/nl\\\/#website\",\"url\":\"https:\\\/\\\/rings4wings.com\\\/nl\\\/\",\"name\":\"Rings4Wings\",\"description\":\"\",\"potentialAction\":[{\"@type\":\"SearchAction\",\"target\":{\"@type\":\"EntryPoint\",\"urlTemplate\":\"https:\\\/\\\/rings4wings.com\\\/nl\\\/?s={search_term_string}\"},\"query-input\":{\"@type\":\"PropertyValueSpecification\",\"valueRequired\":true,\"valueName\":\"search_term_string\"}}],\"inLanguage\":\"de\"}]}<\/script>\n<!-- \/ Yoast SEO plugin. -->","yoast_head_json":{"title":"\u00dcberlaufschutzplatte f\u00fcr rechteckige Zuf\u00fchrung - Rings4Wings","description":"Verhindern Sie, dass Ihre V\u00f6gel Samen und Futter verschwenden. Bringen Sie diese Kunststoffplatte zum Schutz vor Versch\u00fctten an Ihren rechteckigen Futterh\u00e4uschen an. Online bestellen!","robots":{"index":"index","follow":"follow","max-snippet":"max-snippet:-1","max-image-preview":"max-image-preview:large","max-video-preview":"max-video-preview:-1"},"canonical":"https:\/\/rings4wings.com\/de\/produkte\/vogelhauseinrichtungen-und-mehr\/uberlaufschutzplatte-fur-rechteckigen-futternapf\/","og_locale":"de_DE","og_type":"article","og_title":"Anti-morsplaatje voor rechthoekig voederbakje - Rings4Wings","og_description":"Voorkom dat je vogels zaden en voer verspillen. Plaats dit kunststof anti-morsplaatje op je rechthoekige voederbakjes. Bestel online!","og_url":"https:\/\/rings4wings.com\/de\/produkte\/vogelhauseinrichtungen-und-mehr\/uberlaufschutzplatte-fur-rechteckigen-futternapf\/","og_site_name":"Rings4Wings","article_modified_time":"2026-01-23T09:57:10+00:00","og_image":[{"width":1024,"height":644,"url":"https:\/\/rings4wings.com\/wp-content\/uploads\/2024\/08\/722PVB2_1024x1024.webp","type":"image\/webp"}],"twitter_card":"summary_large_image","twitter_misc":{"Gesch\u00e4tzte Lesezeit":"1\u00a0Minute"},"schema":{"@context":"https:\/\/schema.org","@graph":[{"@type":"WebPage","@id":"https:\/\/rings4wings.com\/producten\/hokinrichting\/anti-morsplaatje-voor-rechthoekig-voederbakje\/","url":"https:\/\/rings4wings.com\/producten\/hokinrichting\/anti-morsplaatje-voor-rechthoekig-voederbakje\/","name":"\u00dcberlaufschutzplatte f\u00fcr rechteckige Zuf\u00fchrung - Rings4Wings","isPartOf":{"@id":"https:\/\/rings4wings.com\/nl\/#website"},"primaryImageOfPage":{"@id":"https:\/\/rings4wings.com\/producten\/hokinrichting\/anti-morsplaatje-voor-rechthoekig-voederbakje\/#primaryimage"},"image":{"@id":"https:\/\/rings4wings.com\/producten\/hokinrichting\/anti-morsplaatje-voor-rechthoekig-voederbakje\/#primaryimage"},"thumbnailUrl":"https:\/\/rings4wings.com\/wp-content\/uploads\/2024\/08\/722PVB2_1024x1024.webp","datePublished":"2024-08-21T16:34:08+00:00","dateModified":"2026-01-23T09:57:10+00:00","description":"Verhindern Sie, dass Ihre V\u00f6gel Samen und Futter verschwenden. Bringen Sie diese Kunststoffplatte zum Schutz vor Versch\u00fctten an Ihren rechteckigen Futterh\u00e4uschen an. Online bestellen!","breadcrumb":{"@id":"https:\/\/rings4wings.com\/producten\/hokinrichting\/anti-morsplaatje-voor-rechthoekig-voederbakje\/#breadcrumb"},"inLanguage":"de","potentialAction":[{"@type":"ReadAction","target":["https:\/\/rings4wings.com\/producten\/hokinrichting\/anti-morsplaatje-voor-rechthoekig-voederbakje\/"]}]},{"@type":"ImageObject","inLanguage":"de","@id":"https:\/\/rings4wings.com\/producten\/hokinrichting\/anti-morsplaatje-voor-rechthoekig-voederbakje\/#primaryimage","url":"https:\/\/rings4wings.com\/wp-content\/uploads\/2024\/08\/722PVB2_1024x1024.webp","contentUrl":"https:\/\/rings4wings.com\/wp-content\/uploads\/2024\/08\/722PVB2_1024x1024.webp","width":1024,"height":644},{"@type":"BreadcrumbList","@id":"https:\/\/rings4wings.com\/producten\/hokinrichting\/anti-morsplaatje-voor-rechthoekig-voederbakje\/#breadcrumb","itemListElement":[{"@type":"ListItem","position":1,"name":"Home","item":"https:\/\/rings4wings.com\/nl\/"},{"@type":"ListItem","position":2,"name":"Webshop","item":"https:\/\/rings4wings.com\/en\/products\/"},{"@type":"ListItem","position":3,"name":"Hokinrichting &amp; meer","item":"https:\/\/rings4wings.com\/nl\/aanbod\/hokinrichting\/"},{"@type":"ListItem","position":4,"name":"Anti-morsplaatje voor rechthoekig voederbakje"}]},{"@type":"WebSite","@id":"https:\/\/rings4wings.com\/nl\/#website","url":"https:\/\/rings4wings.com\/nl\/","name":"Ringe4Fl\u00fcgel","description":"","potentialAction":[{"@type":"SearchAction","target":{"@type":"EntryPoint","urlTemplate":"https:\/\/rings4wings.com\/nl\/?s={search_term_string}"},"query-input":{"@type":"PropertyValueSpecification","valueRequired":true,"valueName":"search_term_string"}}],"inLanguage":"de"}]}},"jetpack_sharing_enabled":true,"_links":{"self":[{"href":"https:\/\/rings4wings.com\/de\/wp-json\/wp\/v2\/product\/487","targetHints":{"allow":["GET"]}}],"collection":[{"href":"https:\/\/rings4wings.com\/de\/wp-json\/wp\/v2\/product"}],"about":[{"href":"https:\/\/rings4wings.com\/de\/wp-json\/wp\/v2\/types\/product"}],"wp:featuredmedia":[{"embeddable":true,"href":"https:\/\/rings4wings.com\/de\/wp-json\/wp\/v2\/media\/489"}],"wp:attachment":[{"href":"https:\/\/rings4wings.com\/de\/wp-json\/wp\/v2\/media?parent=487"}],"wp:term":[{"taxonomy":"product_brand","embeddable":true,"href":"https:\/\/rings4wings.com\/de\/wp-json\/wp\/v2\/product_brand?post=487"},{"taxonomy":"product_cat","embeddable":true,"href":"https:\/\/rings4wings.com\/de\/wp-json\/wp\/v2\/product_cat?post=487"},{"taxonomy":"product_tag","embeddable":true,"href":"https:\/\/rings4wings.com\/de\/wp-json\/wp\/v2\/product_tag?post=487"}],"curies":[{"name":"wp","href":"https:\/\/api.w.org\/{rel}","templated":true}]}}