{"id":464,"date":"2024-08-21T18:16:53","date_gmt":"2024-08-21T16:16:53","guid":{"rendered":"https:\/\/rings4wings.muskedeer-wip.be\/?post_type=product&#038;p=464"},"modified":"2026-01-23T11:02:32","modified_gmt":"2026-01-23T10:02:32","slug":"einfach-an-einfach-aus-fronten","status":"publish","type":"product","link":"https:\/\/rings4wings.com\/de\/produkte\/vogelhauseinrichtungen-und-mehr\/einfach-an-einfach-aus-fronten\/","title":{"rendered":"\"Einfach an, einfach aus\"-Fronten"},"content":{"rendered":"<p>Dieses hochwertige, perfekt verarbeitete \"<strong>Leicht an, leicht aus<\/strong>Die \" Fronten sind zweifellos die praktischsten und einfachsten auf dem Markt.<\/p>\n<p>Sie drehen sich um 2 Aluminiumstangen, die in Gummiklammern einrasten, so dass sie zur Reinigung des Stalls leicht abgenommen werden k\u00f6nnen.<\/p>\n<p>Die Vorderseite besteht aus haltbarem, leicht zu reinigendem Kunststoff.<\/p>\n<p>Diese Fronten k\u00f6nnen so zugeschnitten werden, dass sie in allen St\u00e4llen verwendet werden k\u00f6nnen (36-39 cm hoch \/ 30-40 cm tief \/ 60-80 cm breit). Die \u00d6ffnung f\u00fcr die T\u00fcr kann links oder rechts zugeschnitten werden. Komplett mit Aluminiumstangen, Schnappverschl\u00fcssen, Schrauben und Montageanleitung.<\/p>\n<p><strong>Hervorragende Qualit\u00e4t f\u00fcr alle!<\/strong><\/p>\n<p>Perfekt kombinierbar mit unserem <a href=\"\/de\/produkte\/vogelhauseinrichtungen-und-mehr\/bodengitter-fur-die-katzentoilette\/\">Bodengitter<\/a>.<\/p>\n<p><a href=\"\/wp-content\/uploads\/2024\/08\/nestafluiting.pdf\">Download der Montageanleitung<\/a><\/p>","protected":false},"excerpt":{"rendered":"<p>Deze hoogwaardige, perfect afgewerkte &#8220;Easy on, Easy off&#8221; voorfronten zijn zonder twijfel de meest praktische en eenvoudigste op de markt. Ze draaien om 2 aluminium staven die vastklikken in rubberen klemmetjes waardoor ze gemakkelijk kunnen worden verwijderd om het hok te reinigen. Het voorfront is gemaakt van duurzaam kunststof dat eenvoudig te reinigen is. Deze [&hellip;]<\/p>\n","protected":false},"featured_media":465,"template":"","meta":{"_acf_changed":false,"inline_featured_image":false},"product_brand":[],"product_cat":[22],"product_tag":[],"class_list":{"0":"post-464","1":"product","2":"type-product","3":"status-publish","4":"has-post-thumbnail","6":"product_cat-hokinrichting","8":"first","9":"instock","10":"taxable","11":"shipping-taxable","12":"purchasable","13":"product-type-variable"},"acf":[],"yoast_head":"<!-- This site is optimized with the Yoast SEO plugin v27.3 - https:\/\/yoast.com\/product\/yoast-seo-wordpress\/ -->\n<title>Voorfront voor vogelkooi - Eenvoudig en heel praktisch - Rings4Wings<\/title>\n<meta name=\"description\" content=\"Ontdek onze &#039;Easy on, Easy off&#039; voorfronten voor vogelhokken en kooien. Het hok van je duiven of vogels reinigen doe je nu nog sneller. Bestel online!\" \/>\n<meta name=\"robots\" content=\"index, follow, max-snippet:-1, max-image-preview:large, max-video-preview:-1\" \/>\n<link rel=\"canonical\" href=\"https:\/\/rings4wings.com\/de\/produkte\/vogelhauseinrichtungen-und-mehr\/einfach-an-einfach-aus-fronten\/\" \/>\n<meta property=\"og:locale\" content=\"de_DE\" \/>\n<meta property=\"og:type\" content=\"article\" \/>\n<meta property=\"og:title\" content=\"Voorfront voor vogelkooi - Eenvoudig en heel praktisch - Rings4Wings\" \/>\n<meta property=\"og:description\" content=\"Ontdek onze &#039;Easy on, Easy off&#039; voorfronten voor vogelhokken en kooien. Het hok van je duiven of vogels reinigen doe je nu nog sneller. Bestel online!\" \/>\n<meta property=\"og:url\" content=\"https:\/\/rings4wings.com\/de\/produkte\/vogelhauseinrichtungen-und-mehr\/einfach-an-einfach-aus-fronten\/\" \/>\n<meta property=\"og:site_name\" content=\"Rings4Wings\" \/>\n<meta property=\"article:modified_time\" content=\"2026-01-23T10:02:32+00:00\" \/>\n<meta property=\"og:image\" content=\"https:\/\/rings4wings.com\/wp-content\/uploads\/2024\/08\/www.rings4wings-4_31e2db29-eefc-4ba0-8a24-4b48f7d16bf2_1024x1024.webp\" \/>\n\t<meta property=\"og:image:width\" content=\"618\" \/>\n\t<meta property=\"og:image:height\" content=\"294\" \/>\n\t<meta property=\"og:image:type\" content=\"image\/webp\" \/>\n<meta name=\"twitter:card\" content=\"summary_large_image\" \/>\n<meta name=\"twitter:label1\" content=\"Gesch\u00e4tzte Lesezeit\" \/>\n\t<meta name=\"twitter:data1\" content=\"1\u00a0Minute\" \/>\n<script type=\"application\/ld+json\" class=\"yoast-schema-graph\">{\"@context\":\"https:\\\/\\\/schema.org\",\"@graph\":[{\"@type\":\"WebPage\",\"@id\":\"https:\\\/\\\/rings4wings.com\\\/producten\\\/hokinrichting\\\/easy-on-easy-off-voorfronten\\\/\",\"url\":\"https:\\\/\\\/rings4wings.com\\\/producten\\\/hokinrichting\\\/easy-on-easy-off-voorfronten\\\/\",\"name\":\"Voorfront voor vogelkooi - Eenvoudig en heel praktisch - Rings4Wings\",\"isPartOf\":{\"@id\":\"https:\\\/\\\/rings4wings.com\\\/nl\\\/#website\"},\"primaryImageOfPage\":{\"@id\":\"https:\\\/\\\/rings4wings.com\\\/producten\\\/hokinrichting\\\/easy-on-easy-off-voorfronten\\\/#primaryimage\"},\"image\":{\"@id\":\"https:\\\/\\\/rings4wings.com\\\/producten\\\/hokinrichting\\\/easy-on-easy-off-voorfronten\\\/#primaryimage\"},\"thumbnailUrl\":\"https:\\\/\\\/rings4wings.com\\\/wp-content\\\/uploads\\\/2024\\\/08\\\/www.rings4wings-4_31e2db29-eefc-4ba0-8a24-4b48f7d16bf2_1024x1024.webp\",\"datePublished\":\"2024-08-21T16:16:53+00:00\",\"dateModified\":\"2026-01-23T10:02:32+00:00\",\"description\":\"Ontdek onze 'Easy on, Easy off' voorfronten voor vogelhokken en kooien. Het hok van je duiven of vogels reinigen doe je nu nog sneller. Bestel online!\",\"breadcrumb\":{\"@id\":\"https:\\\/\\\/rings4wings.com\\\/producten\\\/hokinrichting\\\/easy-on-easy-off-voorfronten\\\/#breadcrumb\"},\"inLanguage\":\"de\",\"potentialAction\":[{\"@type\":\"ReadAction\",\"target\":[\"https:\\\/\\\/rings4wings.com\\\/producten\\\/hokinrichting\\\/easy-on-easy-off-voorfronten\\\/\"]}]},{\"@type\":\"ImageObject\",\"inLanguage\":\"de\",\"@id\":\"https:\\\/\\\/rings4wings.com\\\/producten\\\/hokinrichting\\\/easy-on-easy-off-voorfronten\\\/#primaryimage\",\"url\":\"https:\\\/\\\/rings4wings.com\\\/wp-content\\\/uploads\\\/2024\\\/08\\\/www.rings4wings-4_31e2db29-eefc-4ba0-8a24-4b48f7d16bf2_1024x1024.webp\",\"contentUrl\":\"https:\\\/\\\/rings4wings.com\\\/wp-content\\\/uploads\\\/2024\\\/08\\\/www.rings4wings-4_31e2db29-eefc-4ba0-8a24-4b48f7d16bf2_1024x1024.webp\",\"width\":618,\"height\":294},{\"@type\":\"BreadcrumbList\",\"@id\":\"https:\\\/\\\/rings4wings.com\\\/producten\\\/hokinrichting\\\/easy-on-easy-off-voorfronten\\\/#breadcrumb\",\"itemListElement\":[{\"@type\":\"ListItem\",\"position\":1,\"name\":\"Home\",\"item\":\"https:\\\/\\\/rings4wings.com\\\/nl\\\/\"},{\"@type\":\"ListItem\",\"position\":2,\"name\":\"Webshop\",\"item\":\"https:\\\/\\\/rings4wings.com\\\/en\\\/products\\\/\"},{\"@type\":\"ListItem\",\"position\":3,\"name\":\"Hokinrichting &amp; meer\",\"item\":\"https:\\\/\\\/rings4wings.com\\\/nl\\\/aanbod\\\/hokinrichting\\\/\"},{\"@type\":\"ListItem\",\"position\":4,\"name\":\"\u201cEasy on, Easy off\u201d voorfronten\"}]},{\"@type\":\"WebSite\",\"@id\":\"https:\\\/\\\/rings4wings.com\\\/nl\\\/#website\",\"url\":\"https:\\\/\\\/rings4wings.com\\\/nl\\\/\",\"name\":\"Rings4Wings\",\"description\":\"\",\"potentialAction\":[{\"@type\":\"SearchAction\",\"target\":{\"@type\":\"EntryPoint\",\"urlTemplate\":\"https:\\\/\\\/rings4wings.com\\\/nl\\\/?s={search_term_string}\"},\"query-input\":{\"@type\":\"PropertyValueSpecification\",\"valueRequired\":true,\"valueName\":\"search_term_string\"}}],\"inLanguage\":\"de\"}]}<\/script>\n<!-- \/ Yoast SEO plugin. -->","yoast_head_json":{"title":"Front f\u00fcr Vogelk\u00e4fig - Einfach und sehr praktisch - Rings4Wings","description":"Entdecken Sie unsere 'Easy on, Easy off'-Fronten f\u00fcr Vogelh\u00e4user und K\u00e4fige. Jetzt k\u00f6nnen Sie den Stall Ihrer Tauben oder V\u00f6gel noch schneller reinigen. Bestellen Sie online!","robots":{"index":"index","follow":"follow","max-snippet":"max-snippet:-1","max-image-preview":"max-image-preview:large","max-video-preview":"max-video-preview:-1"},"canonical":"https:\/\/rings4wings.com\/de\/produkte\/vogelhauseinrichtungen-und-mehr\/einfach-an-einfach-aus-fronten\/","og_locale":"de_DE","og_type":"article","og_title":"Voorfront voor vogelkooi - Eenvoudig en heel praktisch - Rings4Wings","og_description":"Ontdek onze 'Easy on, Easy off' voorfronten voor vogelhokken en kooien. Het hok van je duiven of vogels reinigen doe je nu nog sneller. Bestel online!","og_url":"https:\/\/rings4wings.com\/de\/produkte\/vogelhauseinrichtungen-und-mehr\/einfach-an-einfach-aus-fronten\/","og_site_name":"Rings4Wings","article_modified_time":"2026-01-23T10:02:32+00:00","og_image":[{"width":618,"height":294,"url":"https:\/\/rings4wings.com\/wp-content\/uploads\/2024\/08\/www.rings4wings-4_31e2db29-eefc-4ba0-8a24-4b48f7d16bf2_1024x1024.webp","type":"image\/webp"}],"twitter_card":"summary_large_image","twitter_misc":{"Gesch\u00e4tzte Lesezeit":"1\u00a0Minute"},"schema":{"@context":"https:\/\/schema.org","@graph":[{"@type":"WebPage","@id":"https:\/\/rings4wings.com\/producten\/hokinrichting\/easy-on-easy-off-voorfronten\/","url":"https:\/\/rings4wings.com\/producten\/hokinrichting\/easy-on-easy-off-voorfronten\/","name":"Front f\u00fcr Vogelk\u00e4fig - Einfach und sehr praktisch - Rings4Wings","isPartOf":{"@id":"https:\/\/rings4wings.com\/nl\/#website"},"primaryImageOfPage":{"@id":"https:\/\/rings4wings.com\/producten\/hokinrichting\/easy-on-easy-off-voorfronten\/#primaryimage"},"image":{"@id":"https:\/\/rings4wings.com\/producten\/hokinrichting\/easy-on-easy-off-voorfronten\/#primaryimage"},"thumbnailUrl":"https:\/\/rings4wings.com\/wp-content\/uploads\/2024\/08\/www.rings4wings-4_31e2db29-eefc-4ba0-8a24-4b48f7d16bf2_1024x1024.webp","datePublished":"2024-08-21T16:16:53+00:00","dateModified":"2026-01-23T10:02:32+00:00","description":"Entdecken Sie unsere 'Easy on, Easy off'-Fronten f\u00fcr Vogelh\u00e4user und K\u00e4fige. Jetzt k\u00f6nnen Sie den Stall Ihrer Tauben oder V\u00f6gel noch schneller reinigen. Bestellen Sie online!","breadcrumb":{"@id":"https:\/\/rings4wings.com\/producten\/hokinrichting\/easy-on-easy-off-voorfronten\/#breadcrumb"},"inLanguage":"de","potentialAction":[{"@type":"ReadAction","target":["https:\/\/rings4wings.com\/producten\/hokinrichting\/easy-on-easy-off-voorfronten\/"]}]},{"@type":"ImageObject","inLanguage":"de","@id":"https:\/\/rings4wings.com\/producten\/hokinrichting\/easy-on-easy-off-voorfronten\/#primaryimage","url":"https:\/\/rings4wings.com\/wp-content\/uploads\/2024\/08\/www.rings4wings-4_31e2db29-eefc-4ba0-8a24-4b48f7d16bf2_1024x1024.webp","contentUrl":"https:\/\/rings4wings.com\/wp-content\/uploads\/2024\/08\/www.rings4wings-4_31e2db29-eefc-4ba0-8a24-4b48f7d16bf2_1024x1024.webp","width":618,"height":294},{"@type":"BreadcrumbList","@id":"https:\/\/rings4wings.com\/producten\/hokinrichting\/easy-on-easy-off-voorfronten\/#breadcrumb","itemListElement":[{"@type":"ListItem","position":1,"name":"Home","item":"https:\/\/rings4wings.com\/nl\/"},{"@type":"ListItem","position":2,"name":"Webshop","item":"https:\/\/rings4wings.com\/en\/products\/"},{"@type":"ListItem","position":3,"name":"Hokinrichting &amp; meer","item":"https:\/\/rings4wings.com\/nl\/aanbod\/hokinrichting\/"},{"@type":"ListItem","position":4,"name":"\u201cEasy on, Easy off\u201d voorfronten"}]},{"@type":"WebSite","@id":"https:\/\/rings4wings.com\/nl\/#website","url":"https:\/\/rings4wings.com\/nl\/","name":"Ringe4Fl\u00fcgel","description":"","potentialAction":[{"@type":"SearchAction","target":{"@type":"EntryPoint","urlTemplate":"https:\/\/rings4wings.com\/nl\/?s={search_term_string}"},"query-input":{"@type":"PropertyValueSpecification","valueRequired":true,"valueName":"search_term_string"}}],"inLanguage":"de"}]}},"jetpack_sharing_enabled":true,"_links":{"self":[{"href":"https:\/\/rings4wings.com\/de\/wp-json\/wp\/v2\/product\/464","targetHints":{"allow":["GET"]}}],"collection":[{"href":"https:\/\/rings4wings.com\/de\/wp-json\/wp\/v2\/product"}],"about":[{"href":"https:\/\/rings4wings.com\/de\/wp-json\/wp\/v2\/types\/product"}],"wp:featuredmedia":[{"embeddable":true,"href":"https:\/\/rings4wings.com\/de\/wp-json\/wp\/v2\/media\/465"}],"wp:attachment":[{"href":"https:\/\/rings4wings.com\/de\/wp-json\/wp\/v2\/media?parent=464"}],"wp:term":[{"taxonomy":"product_brand","embeddable":true,"href":"https:\/\/rings4wings.com\/de\/wp-json\/wp\/v2\/product_brand?post=464"},{"taxonomy":"product_cat","embeddable":true,"href":"https:\/\/rings4wings.com\/de\/wp-json\/wp\/v2\/product_cat?post=464"},{"taxonomy":"product_tag","embeddable":true,"href":"https:\/\/rings4wings.com\/de\/wp-json\/wp\/v2\/product_tag?post=464"}],"curies":[{"name":"wp","href":"https:\/\/api.w.org\/{rel}","templated":true}]}}