{"id":462,"date":"2024-08-21T18:08:13","date_gmt":"2024-08-21T16:08:13","guid":{"rendered":"https:\/\/rings4wings.muskedeer-wip.be\/?post_type=product&#038;p=462"},"modified":"2026-01-23T11:03:26","modified_gmt":"2026-01-23T10:03:26","slug":"bodengitter-fur-die-katzentoilette","status":"publish","type":"product","link":"https:\/\/rings4wings.com\/de\/produkte\/vogelhauseinrichtungen-und-mehr\/bodengitter-fur-die-katzentoilette\/","title":{"rendered":"Bodengitter f\u00fcr Nistkasten"},"content":{"rendered":"<p>Hochwertiges Bodengitter aus Kunststoff mit den Ma\u00dfen 38 x 38 cm, das auf die richtige Gr\u00f6\u00dfe zugeschnitten werden kann. Die Maschenweite betr\u00e4gt 3 x 1,5 cm. Sch\u00f6nes, schlankes Design.<\/p>\n<p>8 verstellbare Schnappf\u00fc\u00dfe geben Halt, wo er ben\u00f6tigt wird, und platzieren das Gitter in einer H\u00f6he von 20 mm vom Boden. So kann die Luft unter dem Nest frei zirkulieren und der Schmutz f\u00e4llt durch das Gitter. Leicht mit Wasser zu reinigen.<\/p>\n<p><strong>Eine schnelle und hygienische L\u00f6sung!<\/strong><\/p>\n<p>L\u00e4sst sich perfekt kombinieren mit <a href=\"\/de\/produkte\/vogelhauseinrichtungen-und-mehr\/einfach-an-einfach-aus-fronten\/\">Unsere \"Easy on, Easy off\"-Fronten<\/a>.<\/p>","protected":false},"excerpt":{"rendered":"<p>Hoog kwalitatieve, kunststof bodemrooster van 38 x 38 cm dat op maat kan worden geknipt. De maas afmetingen zijn 3 x 1,5 cm. Mooie strakke uitvoering. 8 verstelbare klikvoetjes geven steun waar het nodig is en plaatsen de rooster op een hoogte van 20 mm van de bodem. Hierdoor kan de lucht vrij onder het [&hellip;]<\/p>\n","protected":false},"featured_media":463,"template":"","meta":{"_acf_changed":false,"inline_featured_image":false},"product_brand":[],"product_cat":[22],"product_tag":[],"class_list":{"0":"post-462","1":"product","2":"type-product","3":"status-publish","4":"has-post-thumbnail","6":"product_cat-hokinrichting","8":"first","9":"instock","10":"taxable","11":"shipping-taxable","12":"purchasable","13":"product-type-simple"},"acf":[],"yoast_head":"<!-- This site is optimized with the Yoast SEO plugin v27.3 - https:\/\/yoast.com\/product\/yoast-seo-wordpress\/ -->\n<title>Bodemrooster voor nestbak - Rings4Wings<\/title>\n<meta name=\"description\" content=\"Kwalitatieve, kunststof bodemrooster voor vogelkooien. De rooster kan op maat worden geknipt, 8 verstelbare klikvoetjes geven extra steun. Bestel online!\" \/>\n<meta name=\"robots\" content=\"index, follow, max-snippet:-1, max-image-preview:large, max-video-preview:-1\" \/>\n<link rel=\"canonical\" href=\"https:\/\/rings4wings.com\/de\/produkte\/vogelhauseinrichtungen-und-mehr\/bodengitter-fur-die-katzentoilette\/\" \/>\n<meta property=\"og:locale\" content=\"de_DE\" \/>\n<meta property=\"og:type\" content=\"article\" \/>\n<meta property=\"og:title\" content=\"Bodemrooster voor nestbak - Rings4Wings\" \/>\n<meta property=\"og:description\" content=\"Kwalitatieve, kunststof bodemrooster voor vogelkooien. De rooster kan op maat worden geknipt, 8 verstelbare klikvoetjes geven extra steun. Bestel online!\" \/>\n<meta property=\"og:url\" content=\"https:\/\/rings4wings.com\/de\/produkte\/vogelhauseinrichtungen-und-mehr\/bodengitter-fur-die-katzentoilette\/\" \/>\n<meta property=\"og:site_name\" content=\"Rings4Wings\" \/>\n<meta property=\"article:modified_time\" content=\"2026-01-23T10:03:26+00:00\" \/>\n<meta property=\"og:image\" content=\"https:\/\/rings4wings.com\/wp-content\/uploads\/2024\/08\/www.rings4wings_3a219aba-ecd4-4b12-9902-96ee30ea338a_1024x1024.webp\" \/>\n\t<meta property=\"og:image:width\" content=\"324\" \/>\n\t<meta property=\"og:image:height\" content=\"400\" \/>\n\t<meta property=\"og:image:type\" content=\"image\/webp\" \/>\n<meta name=\"twitter:card\" content=\"summary_large_image\" \/>\n<meta name=\"twitter:label1\" content=\"Gesch\u00e4tzte Lesezeit\" \/>\n\t<meta name=\"twitter:data1\" content=\"1\u00a0Minute\" \/>\n<script type=\"application\/ld+json\" class=\"yoast-schema-graph\">{\"@context\":\"https:\\\/\\\/schema.org\",\"@graph\":[{\"@type\":\"WebPage\",\"@id\":\"https:\\\/\\\/rings4wings.com\\\/producten\\\/hokinrichting\\\/bodemrooster-voor-nestbak\\\/\",\"url\":\"https:\\\/\\\/rings4wings.com\\\/producten\\\/hokinrichting\\\/bodemrooster-voor-nestbak\\\/\",\"name\":\"Bodemrooster voor nestbak - Rings4Wings\",\"isPartOf\":{\"@id\":\"https:\\\/\\\/rings4wings.com\\\/nl\\\/#website\"},\"primaryImageOfPage\":{\"@id\":\"https:\\\/\\\/rings4wings.com\\\/producten\\\/hokinrichting\\\/bodemrooster-voor-nestbak\\\/#primaryimage\"},\"image\":{\"@id\":\"https:\\\/\\\/rings4wings.com\\\/producten\\\/hokinrichting\\\/bodemrooster-voor-nestbak\\\/#primaryimage\"},\"thumbnailUrl\":\"https:\\\/\\\/rings4wings.com\\\/wp-content\\\/uploads\\\/2024\\\/08\\\/www.rings4wings_3a219aba-ecd4-4b12-9902-96ee30ea338a_1024x1024.webp\",\"datePublished\":\"2024-08-21T16:08:13+00:00\",\"dateModified\":\"2026-01-23T10:03:26+00:00\",\"description\":\"Kwalitatieve, kunststof bodemrooster voor vogelkooien. De rooster kan op maat worden geknipt, 8 verstelbare klikvoetjes geven extra steun. Bestel online!\",\"breadcrumb\":{\"@id\":\"https:\\\/\\\/rings4wings.com\\\/producten\\\/hokinrichting\\\/bodemrooster-voor-nestbak\\\/#breadcrumb\"},\"inLanguage\":\"de\",\"potentialAction\":[{\"@type\":\"ReadAction\",\"target\":[\"https:\\\/\\\/rings4wings.com\\\/producten\\\/hokinrichting\\\/bodemrooster-voor-nestbak\\\/\"]}]},{\"@type\":\"ImageObject\",\"inLanguage\":\"de\",\"@id\":\"https:\\\/\\\/rings4wings.com\\\/producten\\\/hokinrichting\\\/bodemrooster-voor-nestbak\\\/#primaryimage\",\"url\":\"https:\\\/\\\/rings4wings.com\\\/wp-content\\\/uploads\\\/2024\\\/08\\\/www.rings4wings_3a219aba-ecd4-4b12-9902-96ee30ea338a_1024x1024.webp\",\"contentUrl\":\"https:\\\/\\\/rings4wings.com\\\/wp-content\\\/uploads\\\/2024\\\/08\\\/www.rings4wings_3a219aba-ecd4-4b12-9902-96ee30ea338a_1024x1024.webp\",\"width\":324,\"height\":400},{\"@type\":\"BreadcrumbList\",\"@id\":\"https:\\\/\\\/rings4wings.com\\\/producten\\\/hokinrichting\\\/bodemrooster-voor-nestbak\\\/#breadcrumb\",\"itemListElement\":[{\"@type\":\"ListItem\",\"position\":1,\"name\":\"Home\",\"item\":\"https:\\\/\\\/rings4wings.com\\\/nl\\\/\"},{\"@type\":\"ListItem\",\"position\":2,\"name\":\"Webshop\",\"item\":\"https:\\\/\\\/rings4wings.com\\\/en\\\/products\\\/\"},{\"@type\":\"ListItem\",\"position\":3,\"name\":\"Hokinrichting &amp; meer\",\"item\":\"https:\\\/\\\/rings4wings.com\\\/nl\\\/aanbod\\\/hokinrichting\\\/\"},{\"@type\":\"ListItem\",\"position\":4,\"name\":\"Bodemrooster voor nestbak\"}]},{\"@type\":\"WebSite\",\"@id\":\"https:\\\/\\\/rings4wings.com\\\/nl\\\/#website\",\"url\":\"https:\\\/\\\/rings4wings.com\\\/nl\\\/\",\"name\":\"Rings4Wings\",\"description\":\"\",\"potentialAction\":[{\"@type\":\"SearchAction\",\"target\":{\"@type\":\"EntryPoint\",\"urlTemplate\":\"https:\\\/\\\/rings4wings.com\\\/nl\\\/?s={search_term_string}\"},\"query-input\":{\"@type\":\"PropertyValueSpecification\",\"valueRequired\":true,\"valueName\":\"search_term_string\"}}],\"inLanguage\":\"de\"}]}<\/script>\n<!-- \/ Yoast SEO plugin. -->","yoast_head_json":{"title":"Bodengitter f\u00fcr die Katzentoilette - Rings4Wings","description":"Hochwertiges Bodengitter aus Kunststoff f\u00fcr Vogelk\u00e4fige. Das Gitter kann auf die gew\u00fcnschte Gr\u00f6\u00dfe zugeschnitten werden, 8 verstellbare Schnappf\u00fc\u00dfe sorgen f\u00fcr zus\u00e4tzlichen Halt. Online bestellen!","robots":{"index":"index","follow":"follow","max-snippet":"max-snippet:-1","max-image-preview":"max-image-preview:large","max-video-preview":"max-video-preview:-1"},"canonical":"https:\/\/rings4wings.com\/de\/produkte\/vogelhauseinrichtungen-und-mehr\/bodengitter-fur-die-katzentoilette\/","og_locale":"de_DE","og_type":"article","og_title":"Bodemrooster voor nestbak - Rings4Wings","og_description":"Kwalitatieve, kunststof bodemrooster voor vogelkooien. De rooster kan op maat worden geknipt, 8 verstelbare klikvoetjes geven extra steun. Bestel online!","og_url":"https:\/\/rings4wings.com\/de\/produkte\/vogelhauseinrichtungen-und-mehr\/bodengitter-fur-die-katzentoilette\/","og_site_name":"Rings4Wings","article_modified_time":"2026-01-23T10:03:26+00:00","og_image":[{"width":324,"height":400,"url":"https:\/\/rings4wings.com\/wp-content\/uploads\/2024\/08\/www.rings4wings_3a219aba-ecd4-4b12-9902-96ee30ea338a_1024x1024.webp","type":"image\/webp"}],"twitter_card":"summary_large_image","twitter_misc":{"Gesch\u00e4tzte Lesezeit":"1\u00a0Minute"},"schema":{"@context":"https:\/\/schema.org","@graph":[{"@type":"WebPage","@id":"https:\/\/rings4wings.com\/producten\/hokinrichting\/bodemrooster-voor-nestbak\/","url":"https:\/\/rings4wings.com\/producten\/hokinrichting\/bodemrooster-voor-nestbak\/","name":"Bodengitter f\u00fcr die Katzentoilette - Rings4Wings","isPartOf":{"@id":"https:\/\/rings4wings.com\/nl\/#website"},"primaryImageOfPage":{"@id":"https:\/\/rings4wings.com\/producten\/hokinrichting\/bodemrooster-voor-nestbak\/#primaryimage"},"image":{"@id":"https:\/\/rings4wings.com\/producten\/hokinrichting\/bodemrooster-voor-nestbak\/#primaryimage"},"thumbnailUrl":"https:\/\/rings4wings.com\/wp-content\/uploads\/2024\/08\/www.rings4wings_3a219aba-ecd4-4b12-9902-96ee30ea338a_1024x1024.webp","datePublished":"2024-08-21T16:08:13+00:00","dateModified":"2026-01-23T10:03:26+00:00","description":"Hochwertiges Bodengitter aus Kunststoff f\u00fcr Vogelk\u00e4fige. Das Gitter kann auf die gew\u00fcnschte Gr\u00f6\u00dfe zugeschnitten werden, 8 verstellbare Schnappf\u00fc\u00dfe sorgen f\u00fcr zus\u00e4tzlichen Halt. Online bestellen!","breadcrumb":{"@id":"https:\/\/rings4wings.com\/producten\/hokinrichting\/bodemrooster-voor-nestbak\/#breadcrumb"},"inLanguage":"de","potentialAction":[{"@type":"ReadAction","target":["https:\/\/rings4wings.com\/producten\/hokinrichting\/bodemrooster-voor-nestbak\/"]}]},{"@type":"ImageObject","inLanguage":"de","@id":"https:\/\/rings4wings.com\/producten\/hokinrichting\/bodemrooster-voor-nestbak\/#primaryimage","url":"https:\/\/rings4wings.com\/wp-content\/uploads\/2024\/08\/www.rings4wings_3a219aba-ecd4-4b12-9902-96ee30ea338a_1024x1024.webp","contentUrl":"https:\/\/rings4wings.com\/wp-content\/uploads\/2024\/08\/www.rings4wings_3a219aba-ecd4-4b12-9902-96ee30ea338a_1024x1024.webp","width":324,"height":400},{"@type":"BreadcrumbList","@id":"https:\/\/rings4wings.com\/producten\/hokinrichting\/bodemrooster-voor-nestbak\/#breadcrumb","itemListElement":[{"@type":"ListItem","position":1,"name":"Home","item":"https:\/\/rings4wings.com\/nl\/"},{"@type":"ListItem","position":2,"name":"Webshop","item":"https:\/\/rings4wings.com\/en\/products\/"},{"@type":"ListItem","position":3,"name":"Hokinrichting &amp; meer","item":"https:\/\/rings4wings.com\/nl\/aanbod\/hokinrichting\/"},{"@type":"ListItem","position":4,"name":"Bodemrooster voor nestbak"}]},{"@type":"WebSite","@id":"https:\/\/rings4wings.com\/nl\/#website","url":"https:\/\/rings4wings.com\/nl\/","name":"Ringe4Fl\u00fcgel","description":"","potentialAction":[{"@type":"SearchAction","target":{"@type":"EntryPoint","urlTemplate":"https:\/\/rings4wings.com\/nl\/?s={search_term_string}"},"query-input":{"@type":"PropertyValueSpecification","valueRequired":true,"valueName":"search_term_string"}}],"inLanguage":"de"}]}},"jetpack_sharing_enabled":true,"_links":{"self":[{"href":"https:\/\/rings4wings.com\/de\/wp-json\/wp\/v2\/product\/462","targetHints":{"allow":["GET"]}}],"collection":[{"href":"https:\/\/rings4wings.com\/de\/wp-json\/wp\/v2\/product"}],"about":[{"href":"https:\/\/rings4wings.com\/de\/wp-json\/wp\/v2\/types\/product"}],"wp:featuredmedia":[{"embeddable":true,"href":"https:\/\/rings4wings.com\/de\/wp-json\/wp\/v2\/media\/463"}],"wp:attachment":[{"href":"https:\/\/rings4wings.com\/de\/wp-json\/wp\/v2\/media?parent=462"}],"wp:term":[{"taxonomy":"product_brand","embeddable":true,"href":"https:\/\/rings4wings.com\/de\/wp-json\/wp\/v2\/product_brand?post=462"},{"taxonomy":"product_cat","embeddable":true,"href":"https:\/\/rings4wings.com\/de\/wp-json\/wp\/v2\/product_cat?post=462"},{"taxonomy":"product_tag","embeddable":true,"href":"https:\/\/rings4wings.com\/de\/wp-json\/wp\/v2\/product_tag?post=462"}],"curies":[{"name":"wp","href":"https:\/\/api.w.org\/{rel}","templated":true}]}}