{"id":460,"date":"2024-08-21T18:06:19","date_gmt":"2024-08-21T16:06:19","guid":{"rendered":"https:\/\/rings4wings.muskedeer-wip.be\/?post_type=product&#038;p=460"},"modified":"2026-01-23T11:04:40","modified_gmt":"2026-01-23T10:04:40","slug":"ecktrinkgefas-mit-hangeplattform","status":"publish","type":"product","link":"https:\/\/rings4wings.com\/de\/produkte\/vogelhauseinrichtungen-und-mehr\/ecktrinkgefas-mit-hangeplattform\/","title":{"rendered":"Ecktrinkgef\u00e4\u00df mit H\u00e4ngeplattform"},"content":{"rendered":"<p>Handliche Ecke Trinkgef\u00e4\u00df von 1,7 iter.<\/p>\n<p>Dank seines einzigartigen Designs kann dieser Trinkbeh\u00e4lter in einer Ecke des Stifts platziert werden.<\/p>\n<p>Mit der mitgelieferten Plattform kann die Trinkkanne in der H\u00f6he befestigt werden, um Staub und Schmutz fernzuhalten. Zum Reinigen und Nachf\u00fcllen l\u00e4sst sie sich leicht von der Plattform abnehmen.<\/p>\n<p><strong>Einzigartiges Produkt vom Originalhersteller !<\/strong><\/p>","protected":false},"excerpt":{"rendered":"<p>Handige hoekdrinkpot van 1,7 iter. Door het unieke ontwerp kan deze drinkpot geplaatst worden in een hoek van het hok. Door middel van het bijgeleverd platform kan de drinkpot op hoogte worden bevestigd om stof- en vuilvrij te houden. Hij is gemakkelijk los te maken van het platform om schoon te maken en bij te [&hellip;]<\/p>\n","protected":false},"featured_media":461,"template":"","meta":{"_acf_changed":false,"inline_featured_image":false},"product_brand":[],"product_cat":[22],"product_tag":[],"class_list":{"0":"post-460","1":"product","2":"type-product","3":"status-publish","4":"has-post-thumbnail","6":"product_cat-hokinrichting","8":"first","9":"instock","10":"taxable","11":"shipping-taxable","12":"purchasable","13":"product-type-simple"},"acf":[],"yoast_head":"<!-- This site is optimized with the Yoast SEO plugin v27.3 - https:\/\/yoast.com\/product\/yoast-seo-wordpress\/ -->\n<title>Hoekdrinkpot met ophangplatform - Rings4Wings<\/title>\n<meta name=\"description\" content=\"Deze handige drinkbak voor vogels past perfect in de hoek van je voli\u00e8re of ruimte. Kan ook op hoogte gehangen worden. Bestel online!\" \/>\n<meta name=\"robots\" content=\"index, follow, max-snippet:-1, max-image-preview:large, max-video-preview:-1\" \/>\n<link rel=\"canonical\" href=\"https:\/\/rings4wings.com\/de\/produkte\/vogelhauseinrichtungen-und-mehr\/ecktrinkgefas-mit-hangeplattform\/\" \/>\n<meta property=\"og:locale\" content=\"de_DE\" \/>\n<meta property=\"og:type\" content=\"article\" \/>\n<meta property=\"og:title\" content=\"Hoekdrinkpot met ophangplatform - Rings4Wings\" \/>\n<meta property=\"og:description\" content=\"Deze handige drinkbak voor vogels past perfect in de hoek van je voli\u00e8re of ruimte. Kan ook op hoogte gehangen worden. Bestel online!\" \/>\n<meta property=\"og:url\" content=\"https:\/\/rings4wings.com\/de\/produkte\/vogelhauseinrichtungen-und-mehr\/ecktrinkgefas-mit-hangeplattform\/\" \/>\n<meta property=\"og:site_name\" content=\"Rings4Wings\" \/>\n<meta property=\"article:modified_time\" content=\"2026-01-23T10:04:40+00:00\" \/>\n<meta property=\"og:image\" content=\"https:\/\/rings4wings.com\/wp-content\/uploads\/2024\/08\/www.rings4wings-1_1024x1024.webp\" \/>\n\t<meta property=\"og:image:width\" content=\"319\" \/>\n\t<meta property=\"og:image:height\" content=\"370\" \/>\n\t<meta property=\"og:image:type\" content=\"image\/webp\" \/>\n<meta name=\"twitter:card\" content=\"summary_large_image\" \/>\n<meta name=\"twitter:label1\" content=\"Gesch\u00e4tzte Lesezeit\" \/>\n\t<meta name=\"twitter:data1\" content=\"1\u00a0Minute\" \/>\n<script type=\"application\/ld+json\" class=\"yoast-schema-graph\">{\"@context\":\"https:\\\/\\\/schema.org\",\"@graph\":[{\"@type\":\"WebPage\",\"@id\":\"https:\\\/\\\/rings4wings.com\\\/producten\\\/hokinrichting\\\/hoekdrinkpot-met-ophangplatform\\\/\",\"url\":\"https:\\\/\\\/rings4wings.com\\\/producten\\\/hokinrichting\\\/hoekdrinkpot-met-ophangplatform\\\/\",\"name\":\"Hoekdrinkpot met ophangplatform - Rings4Wings\",\"isPartOf\":{\"@id\":\"https:\\\/\\\/rings4wings.com\\\/nl\\\/#website\"},\"primaryImageOfPage\":{\"@id\":\"https:\\\/\\\/rings4wings.com\\\/producten\\\/hokinrichting\\\/hoekdrinkpot-met-ophangplatform\\\/#primaryimage\"},\"image\":{\"@id\":\"https:\\\/\\\/rings4wings.com\\\/producten\\\/hokinrichting\\\/hoekdrinkpot-met-ophangplatform\\\/#primaryimage\"},\"thumbnailUrl\":\"https:\\\/\\\/rings4wings.com\\\/wp-content\\\/uploads\\\/2024\\\/08\\\/www.rings4wings-1_1024x1024.webp\",\"datePublished\":\"2024-08-21T16:06:19+00:00\",\"dateModified\":\"2026-01-23T10:04:40+00:00\",\"description\":\"Deze handige drinkbak voor vogels past perfect in de hoek van je voli\u00e8re of ruimte. Kan ook op hoogte gehangen worden. Bestel online!\",\"breadcrumb\":{\"@id\":\"https:\\\/\\\/rings4wings.com\\\/producten\\\/hokinrichting\\\/hoekdrinkpot-met-ophangplatform\\\/#breadcrumb\"},\"inLanguage\":\"de\",\"potentialAction\":[{\"@type\":\"ReadAction\",\"target\":[\"https:\\\/\\\/rings4wings.com\\\/producten\\\/hokinrichting\\\/hoekdrinkpot-met-ophangplatform\\\/\"]}]},{\"@type\":\"ImageObject\",\"inLanguage\":\"de\",\"@id\":\"https:\\\/\\\/rings4wings.com\\\/producten\\\/hokinrichting\\\/hoekdrinkpot-met-ophangplatform\\\/#primaryimage\",\"url\":\"https:\\\/\\\/rings4wings.com\\\/wp-content\\\/uploads\\\/2024\\\/08\\\/www.rings4wings-1_1024x1024.webp\",\"contentUrl\":\"https:\\\/\\\/rings4wings.com\\\/wp-content\\\/uploads\\\/2024\\\/08\\\/www.rings4wings-1_1024x1024.webp\",\"width\":319,\"height\":370},{\"@type\":\"BreadcrumbList\",\"@id\":\"https:\\\/\\\/rings4wings.com\\\/producten\\\/hokinrichting\\\/hoekdrinkpot-met-ophangplatform\\\/#breadcrumb\",\"itemListElement\":[{\"@type\":\"ListItem\",\"position\":1,\"name\":\"Home\",\"item\":\"https:\\\/\\\/rings4wings.com\\\/nl\\\/\"},{\"@type\":\"ListItem\",\"position\":2,\"name\":\"Webshop\",\"item\":\"https:\\\/\\\/rings4wings.com\\\/en\\\/products\\\/\"},{\"@type\":\"ListItem\",\"position\":3,\"name\":\"Hokinrichting &amp; meer\",\"item\":\"https:\\\/\\\/rings4wings.com\\\/nl\\\/aanbod\\\/hokinrichting\\\/\"},{\"@type\":\"ListItem\",\"position\":4,\"name\":\"Hoekdrinkpot met ophangplatform\"}]},{\"@type\":\"WebSite\",\"@id\":\"https:\\\/\\\/rings4wings.com\\\/nl\\\/#website\",\"url\":\"https:\\\/\\\/rings4wings.com\\\/nl\\\/\",\"name\":\"Rings4Wings\",\"description\":\"\",\"potentialAction\":[{\"@type\":\"SearchAction\",\"target\":{\"@type\":\"EntryPoint\",\"urlTemplate\":\"https:\\\/\\\/rings4wings.com\\\/nl\\\/?s={search_term_string}\"},\"query-input\":{\"@type\":\"PropertyValueSpecification\",\"valueRequired\":true,\"valueName\":\"search_term_string\"}}],\"inLanguage\":\"de\"}]}<\/script>\n<!-- \/ Yoast SEO plugin. -->","yoast_head_json":{"title":"Eck-Trinkgef\u00e4\u00df mit h\u00e4ngendem Podest - Rings4Wings","description":"Diese praktische Vogeltr\u00e4nke passt perfekt in die Ecke Ihrer Voliere oder Ihres Zimmers. Kann auch in die H\u00f6he geh\u00e4ngt werden. Online bestellen!","robots":{"index":"index","follow":"follow","max-snippet":"max-snippet:-1","max-image-preview":"max-image-preview:large","max-video-preview":"max-video-preview:-1"},"canonical":"https:\/\/rings4wings.com\/de\/produkte\/vogelhauseinrichtungen-und-mehr\/ecktrinkgefas-mit-hangeplattform\/","og_locale":"de_DE","og_type":"article","og_title":"Hoekdrinkpot met ophangplatform - Rings4Wings","og_description":"Deze handige drinkbak voor vogels past perfect in de hoek van je voli\u00e8re of ruimte. Kan ook op hoogte gehangen worden. Bestel online!","og_url":"https:\/\/rings4wings.com\/de\/produkte\/vogelhauseinrichtungen-und-mehr\/ecktrinkgefas-mit-hangeplattform\/","og_site_name":"Rings4Wings","article_modified_time":"2026-01-23T10:04:40+00:00","og_image":[{"width":319,"height":370,"url":"https:\/\/rings4wings.com\/wp-content\/uploads\/2024\/08\/www.rings4wings-1_1024x1024.webp","type":"image\/webp"}],"twitter_card":"summary_large_image","twitter_misc":{"Gesch\u00e4tzte Lesezeit":"1\u00a0Minute"},"schema":{"@context":"https:\/\/schema.org","@graph":[{"@type":"WebPage","@id":"https:\/\/rings4wings.com\/producten\/hokinrichting\/hoekdrinkpot-met-ophangplatform\/","url":"https:\/\/rings4wings.com\/producten\/hokinrichting\/hoekdrinkpot-met-ophangplatform\/","name":"Eck-Trinkgef\u00e4\u00df mit h\u00e4ngendem Podest - Rings4Wings","isPartOf":{"@id":"https:\/\/rings4wings.com\/nl\/#website"},"primaryImageOfPage":{"@id":"https:\/\/rings4wings.com\/producten\/hokinrichting\/hoekdrinkpot-met-ophangplatform\/#primaryimage"},"image":{"@id":"https:\/\/rings4wings.com\/producten\/hokinrichting\/hoekdrinkpot-met-ophangplatform\/#primaryimage"},"thumbnailUrl":"https:\/\/rings4wings.com\/wp-content\/uploads\/2024\/08\/www.rings4wings-1_1024x1024.webp","datePublished":"2024-08-21T16:06:19+00:00","dateModified":"2026-01-23T10:04:40+00:00","description":"Diese praktische Vogeltr\u00e4nke passt perfekt in die Ecke Ihrer Voliere oder Ihres Zimmers. Kann auch in die H\u00f6he geh\u00e4ngt werden. Online bestellen!","breadcrumb":{"@id":"https:\/\/rings4wings.com\/producten\/hokinrichting\/hoekdrinkpot-met-ophangplatform\/#breadcrumb"},"inLanguage":"de","potentialAction":[{"@type":"ReadAction","target":["https:\/\/rings4wings.com\/producten\/hokinrichting\/hoekdrinkpot-met-ophangplatform\/"]}]},{"@type":"ImageObject","inLanguage":"de","@id":"https:\/\/rings4wings.com\/producten\/hokinrichting\/hoekdrinkpot-met-ophangplatform\/#primaryimage","url":"https:\/\/rings4wings.com\/wp-content\/uploads\/2024\/08\/www.rings4wings-1_1024x1024.webp","contentUrl":"https:\/\/rings4wings.com\/wp-content\/uploads\/2024\/08\/www.rings4wings-1_1024x1024.webp","width":319,"height":370},{"@type":"BreadcrumbList","@id":"https:\/\/rings4wings.com\/producten\/hokinrichting\/hoekdrinkpot-met-ophangplatform\/#breadcrumb","itemListElement":[{"@type":"ListItem","position":1,"name":"Home","item":"https:\/\/rings4wings.com\/nl\/"},{"@type":"ListItem","position":2,"name":"Webshop","item":"https:\/\/rings4wings.com\/en\/products\/"},{"@type":"ListItem","position":3,"name":"Hokinrichting &amp; meer","item":"https:\/\/rings4wings.com\/nl\/aanbod\/hokinrichting\/"},{"@type":"ListItem","position":4,"name":"Hoekdrinkpot met ophangplatform"}]},{"@type":"WebSite","@id":"https:\/\/rings4wings.com\/nl\/#website","url":"https:\/\/rings4wings.com\/nl\/","name":"Ringe4Fl\u00fcgel","description":"","potentialAction":[{"@type":"SearchAction","target":{"@type":"EntryPoint","urlTemplate":"https:\/\/rings4wings.com\/nl\/?s={search_term_string}"},"query-input":{"@type":"PropertyValueSpecification","valueRequired":true,"valueName":"search_term_string"}}],"inLanguage":"de"}]}},"jetpack_sharing_enabled":true,"_links":{"self":[{"href":"https:\/\/rings4wings.com\/de\/wp-json\/wp\/v2\/product\/460","targetHints":{"allow":["GET"]}}],"collection":[{"href":"https:\/\/rings4wings.com\/de\/wp-json\/wp\/v2\/product"}],"about":[{"href":"https:\/\/rings4wings.com\/de\/wp-json\/wp\/v2\/types\/product"}],"wp:featuredmedia":[{"embeddable":true,"href":"https:\/\/rings4wings.com\/de\/wp-json\/wp\/v2\/media\/461"}],"wp:attachment":[{"href":"https:\/\/rings4wings.com\/de\/wp-json\/wp\/v2\/media?parent=460"}],"wp:term":[{"taxonomy":"product_brand","embeddable":true,"href":"https:\/\/rings4wings.com\/de\/wp-json\/wp\/v2\/product_brand?post=460"},{"taxonomy":"product_cat","embeddable":true,"href":"https:\/\/rings4wings.com\/de\/wp-json\/wp\/v2\/product_cat?post=460"},{"taxonomy":"product_tag","embeddable":true,"href":"https:\/\/rings4wings.com\/de\/wp-json\/wp\/v2\/product_tag?post=460"}],"curies":[{"name":"wp","href":"https:\/\/api.w.org\/{rel}","templated":true}]}}