{"id":2459,"date":"2024-06-03T11:09:06","date_gmt":"2024-06-03T09:09:06","guid":{"rendered":"https:\/\/rings4wings.muskedeer-wip.be\/nl\/?post_type=product&#038;p=2459"},"modified":"2026-01-23T11:13:05","modified_gmt":"2026-01-23T10:13:05","slug":"e-z-schlossringe","status":"publish","type":"product","link":"https:\/\/rings4wings.com\/de\/produkte\/e-z-ringe\/e-z-schlossringe\/","title":{"rendered":"E-Z Lock Ringe \u00d85 bis \u00d828 mm (f\u00fcr Gefl\u00fcgel)"},"content":{"rendered":"<p>Dieser hochwertige Ring ist so konzipiert, dass er beispiellose Sicherheit und Funktionalit\u00e4t bietet. Dank seines einzigartigen Verschluss- und Scharniersystems kann der Ring schnell und einfach geschlossen werden, indem beide H\u00e4lften zusammengedr\u00fcckt werden. Sobald der Ring geschlossen ist, kann er nicht mehr vom Vogel selbst ge\u00f6ffnet werden. Der einzige Weg ist eine spezielle und einfache Aktion durch den Menschen.<br \/>\nDie perfekte L\u00f6sung f\u00fcr alle Probleme, die durch verlorene Ringe entstehen.<\/p>\n<p>Lieferbar in \u00d8 5 - 6 - 7 - 8 - 9 - 10 - 12 - 14 - 16 - 18 - 20 - 22 - 24 - 26 - 28 mm<\/p>\n<p><strong>Lehrreiches Video<\/strong><\/p>\n<p><iframe title=\"YouTube-Video-Player\" src=\"https:\/\/www.youtube.com\/embed\/kP-p3XSD3PY?si=sVsUX4VQkbsbE1ML\" width=\"560\" height=\"315\" frameborder=\"0\" allowfullscreen=\"allowfullscreen\"><\/iframe><\/p>","protected":false},"excerpt":{"rendered":"<p>Deze hoogwaardige ring is ontworpen om een ongekende veiligheid en functionaliteit te bieden. Dankzij het unieke slot- en scharniersysteem kan de ring snel en gemakkelijk worden gesloten door beide helften samen te drukken. E\u00e9nmaal de ring gesloten is kan hij niet meer door de vogel zelf worden geopend. De enige manier is een specifieke en [&hellip;]<\/p>\n","protected":false},"featured_media":2460,"template":"","meta":{"_acf_changed":false,"inline_featured_image":false},"product_brand":[],"product_cat":[24],"product_tag":[],"class_list":{"0":"post-2459","1":"product","2":"type-product","3":"status-publish","4":"has-post-thumbnail","6":"product_cat-e-z-ringen","8":"first","9":"instock","10":"taxable","11":"shipping-taxable","12":"purchasable","13":"product-type-simple"},"acf":[],"yoast_head":"<!-- This site is optimized with the Yoast SEO plugin v27.3 - https:\/\/yoast.com\/product\/yoast-seo-wordpress\/ -->\n<title>E-Z Lockringen \u00d85 tot \u00d828 mm (voor hoenders) - Rings4Wings<\/title>\n<meta name=\"description\" content=\"Eenmaal deze lockringen zijn gesloten, krijgt de duif deze niet zelf open. Het uniek slot- en scharniersysteem is de oplossing tegen verloren ringen!\" \/>\n<meta name=\"robots\" content=\"index, follow, max-snippet:-1, max-image-preview:large, max-video-preview:-1\" \/>\n<link rel=\"canonical\" href=\"https:\/\/rings4wings.com\/de\/produkte\/e-z-ringe\/e-z-schlossringe\/\" \/>\n<meta property=\"og:locale\" content=\"de_DE\" \/>\n<meta property=\"og:type\" content=\"article\" \/>\n<meta property=\"og:title\" content=\"E-Z Lockringen \u00d85 tot \u00d828 mm (voor hoenders) - Rings4Wings\" \/>\n<meta property=\"og:description\" content=\"Eenmaal deze lockringen zijn gesloten, krijgt de duif deze niet zelf open. Het uniek slot- en scharniersysteem is de oplossing tegen verloren ringen!\" \/>\n<meta property=\"og:url\" content=\"https:\/\/rings4wings.com\/de\/produkte\/e-z-ringe\/e-z-schlossringe\/\" \/>\n<meta property=\"og:site_name\" content=\"Rings4Wings\" \/>\n<meta property=\"article:modified_time\" content=\"2026-01-23T10:13:05+00:00\" \/>\n<meta property=\"og:image\" content=\"https:\/\/rings4wings.com\/wp-content\/uploads\/2024\/09\/lockringen_large.webp\" \/>\n\t<meta property=\"og:image:width\" content=\"345\" \/>\n\t<meta property=\"og:image:height\" content=\"460\" \/>\n\t<meta property=\"og:image:type\" content=\"image\/webp\" \/>\n<meta name=\"twitter:card\" content=\"summary_large_image\" \/>\n<script type=\"application\/ld+json\" class=\"yoast-schema-graph\">{\"@context\":\"https:\\\/\\\/schema.org\",\"@graph\":[{\"@type\":\"WebPage\",\"@id\":\"https:\\\/\\\/rings4wings.com\\\/producten\\\/e-z-ringen\\\/e-z-lockringen\\\/\",\"url\":\"https:\\\/\\\/rings4wings.com\\\/producten\\\/e-z-ringen\\\/e-z-lockringen\\\/\",\"name\":\"E-Z Lockringen \u00d85 tot \u00d828 mm (voor hoenders) - Rings4Wings\",\"isPartOf\":{\"@id\":\"https:\\\/\\\/rings4wings.com\\\/nl\\\/#website\"},\"primaryImageOfPage\":{\"@id\":\"https:\\\/\\\/rings4wings.com\\\/producten\\\/e-z-ringen\\\/e-z-lockringen\\\/#primaryimage\"},\"image\":{\"@id\":\"https:\\\/\\\/rings4wings.com\\\/producten\\\/e-z-ringen\\\/e-z-lockringen\\\/#primaryimage\"},\"thumbnailUrl\":\"https:\\\/\\\/rings4wings.com\\\/wp-content\\\/uploads\\\/2024\\\/09\\\/lockringen_large.webp\",\"datePublished\":\"2024-06-03T09:09:06+00:00\",\"dateModified\":\"2026-01-23T10:13:05+00:00\",\"description\":\"Eenmaal deze lockringen zijn gesloten, krijgt de duif deze niet zelf open. Het uniek slot- en scharniersysteem is de oplossing tegen verloren ringen!\",\"breadcrumb\":{\"@id\":\"https:\\\/\\\/rings4wings.com\\\/producten\\\/e-z-ringen\\\/e-z-lockringen\\\/#breadcrumb\"},\"inLanguage\":\"de\",\"potentialAction\":[{\"@type\":\"ReadAction\",\"target\":[\"https:\\\/\\\/rings4wings.com\\\/producten\\\/e-z-ringen\\\/e-z-lockringen\\\/\"]}]},{\"@type\":\"ImageObject\",\"inLanguage\":\"de\",\"@id\":\"https:\\\/\\\/rings4wings.com\\\/producten\\\/e-z-ringen\\\/e-z-lockringen\\\/#primaryimage\",\"url\":\"https:\\\/\\\/rings4wings.com\\\/wp-content\\\/uploads\\\/2024\\\/09\\\/lockringen_large.webp\",\"contentUrl\":\"https:\\\/\\\/rings4wings.com\\\/wp-content\\\/uploads\\\/2024\\\/09\\\/lockringen_large.webp\",\"width\":345,\"height\":460},{\"@type\":\"BreadcrumbList\",\"@id\":\"https:\\\/\\\/rings4wings.com\\\/producten\\\/e-z-ringen\\\/e-z-lockringen\\\/#breadcrumb\",\"itemListElement\":[{\"@type\":\"ListItem\",\"position\":1,\"name\":\"Home\",\"item\":\"https:\\\/\\\/rings4wings.com\\\/nl\\\/\"},{\"@type\":\"ListItem\",\"position\":2,\"name\":\"Webshop\",\"item\":\"https:\\\/\\\/rings4wings.com\\\/en\\\/products\\\/\"},{\"@type\":\"ListItem\",\"position\":3,\"name\":\"KUNSTSTOF vogelringen bestellen &amp; meer\",\"item\":\"https:\\\/\\\/rings4wings.com\\\/en\\\/offer\\\/e-z-rings\\\/\"},{\"@type\":\"ListItem\",\"position\":4,\"name\":\"E-Z Lockringen \u00d85 tot \u00d828 mm (voor hoenders)\"}]},{\"@type\":\"WebSite\",\"@id\":\"https:\\\/\\\/rings4wings.com\\\/nl\\\/#website\",\"url\":\"https:\\\/\\\/rings4wings.com\\\/nl\\\/\",\"name\":\"Rings4Wings\",\"description\":\"\",\"potentialAction\":[{\"@type\":\"SearchAction\",\"target\":{\"@type\":\"EntryPoint\",\"urlTemplate\":\"https:\\\/\\\/rings4wings.com\\\/nl\\\/?s={search_term_string}\"},\"query-input\":{\"@type\":\"PropertyValueSpecification\",\"valueRequired\":true,\"valueName\":\"search_term_string\"}}],\"inLanguage\":\"de\"}]}<\/script>\n<!-- \/ Yoast SEO plugin. -->","yoast_head_json":{"title":"E-Z Lock Ringe \u00d85 bis \u00d828 mm (f\u00fcr Gefl\u00fcgel) - Rings4Wings","description":"Wenn diese Ringe einmal geschlossen sind, kann die Taube sie nicht mehr selbst \u00f6ffnen. Das einzigartige Schloss- und Scharniersystem ist die L\u00f6sung gegen verlorene Ringe!","robots":{"index":"index","follow":"follow","max-snippet":"max-snippet:-1","max-image-preview":"max-image-preview:large","max-video-preview":"max-video-preview:-1"},"canonical":"https:\/\/rings4wings.com\/de\/produkte\/e-z-ringe\/e-z-schlossringe\/","og_locale":"de_DE","og_type":"article","og_title":"E-Z Lockringen \u00d85 tot \u00d828 mm (voor hoenders) - Rings4Wings","og_description":"Eenmaal deze lockringen zijn gesloten, krijgt de duif deze niet zelf open. Het uniek slot- en scharniersysteem is de oplossing tegen verloren ringen!","og_url":"https:\/\/rings4wings.com\/de\/produkte\/e-z-ringe\/e-z-schlossringe\/","og_site_name":"Rings4Wings","article_modified_time":"2026-01-23T10:13:05+00:00","og_image":[{"width":345,"height":460,"url":"https:\/\/rings4wings.com\/wp-content\/uploads\/2024\/09\/lockringen_large.webp","type":"image\/webp"}],"twitter_card":"summary_large_image","schema":{"@context":"https:\/\/schema.org","@graph":[{"@type":"WebPage","@id":"https:\/\/rings4wings.com\/producten\/e-z-ringen\/e-z-lockringen\/","url":"https:\/\/rings4wings.com\/producten\/e-z-ringen\/e-z-lockringen\/","name":"E-Z Lock Ringe \u00d85 bis \u00d828 mm (f\u00fcr Gefl\u00fcgel) - Rings4Wings","isPartOf":{"@id":"https:\/\/rings4wings.com\/nl\/#website"},"primaryImageOfPage":{"@id":"https:\/\/rings4wings.com\/producten\/e-z-ringen\/e-z-lockringen\/#primaryimage"},"image":{"@id":"https:\/\/rings4wings.com\/producten\/e-z-ringen\/e-z-lockringen\/#primaryimage"},"thumbnailUrl":"https:\/\/rings4wings.com\/wp-content\/uploads\/2024\/09\/lockringen_large.webp","datePublished":"2024-06-03T09:09:06+00:00","dateModified":"2026-01-23T10:13:05+00:00","description":"Wenn diese Ringe einmal geschlossen sind, kann die Taube sie nicht mehr selbst \u00f6ffnen. Das einzigartige Schloss- und Scharniersystem ist die L\u00f6sung gegen verlorene Ringe!","breadcrumb":{"@id":"https:\/\/rings4wings.com\/producten\/e-z-ringen\/e-z-lockringen\/#breadcrumb"},"inLanguage":"de","potentialAction":[{"@type":"ReadAction","target":["https:\/\/rings4wings.com\/producten\/e-z-ringen\/e-z-lockringen\/"]}]},{"@type":"ImageObject","inLanguage":"de","@id":"https:\/\/rings4wings.com\/producten\/e-z-ringen\/e-z-lockringen\/#primaryimage","url":"https:\/\/rings4wings.com\/wp-content\/uploads\/2024\/09\/lockringen_large.webp","contentUrl":"https:\/\/rings4wings.com\/wp-content\/uploads\/2024\/09\/lockringen_large.webp","width":345,"height":460},{"@type":"BreadcrumbList","@id":"https:\/\/rings4wings.com\/producten\/e-z-ringen\/e-z-lockringen\/#breadcrumb","itemListElement":[{"@type":"ListItem","position":1,"name":"Home","item":"https:\/\/rings4wings.com\/nl\/"},{"@type":"ListItem","position":2,"name":"Webshop","item":"https:\/\/rings4wings.com\/en\/products\/"},{"@type":"ListItem","position":3,"name":"KUNSTSTOF vogelringen bestellen &amp; meer","item":"https:\/\/rings4wings.com\/en\/offer\/e-z-rings\/"},{"@type":"ListItem","position":4,"name":"E-Z Lockringen \u00d85 tot \u00d828 mm (voor hoenders)"}]},{"@type":"WebSite","@id":"https:\/\/rings4wings.com\/nl\/#website","url":"https:\/\/rings4wings.com\/nl\/","name":"Ringe4Fl\u00fcgel","description":"","potentialAction":[{"@type":"SearchAction","target":{"@type":"EntryPoint","urlTemplate":"https:\/\/rings4wings.com\/nl\/?s={search_term_string}"},"query-input":{"@type":"PropertyValueSpecification","valueRequired":true,"valueName":"search_term_string"}}],"inLanguage":"de"}]}},"jetpack_sharing_enabled":true,"_links":{"self":[{"href":"https:\/\/rings4wings.com\/de\/wp-json\/wp\/v2\/product\/2459","targetHints":{"allow":["GET"]}}],"collection":[{"href":"https:\/\/rings4wings.com\/de\/wp-json\/wp\/v2\/product"}],"about":[{"href":"https:\/\/rings4wings.com\/de\/wp-json\/wp\/v2\/types\/product"}],"wp:featuredmedia":[{"embeddable":true,"href":"https:\/\/rings4wings.com\/de\/wp-json\/wp\/v2\/media\/2460"}],"wp:attachment":[{"href":"https:\/\/rings4wings.com\/de\/wp-json\/wp\/v2\/media?parent=2459"}],"wp:term":[{"taxonomy":"product_brand","embeddable":true,"href":"https:\/\/rings4wings.com\/de\/wp-json\/wp\/v2\/product_brand?post=2459"},{"taxonomy":"product_cat","embeddable":true,"href":"https:\/\/rings4wings.com\/de\/wp-json\/wp\/v2\/product_cat?post=2459"},{"taxonomy":"product_tag","embeddable":true,"href":"https:\/\/rings4wings.com\/de\/wp-json\/wp\/v2\/product_tag?post=2459"}],"curies":[{"name":"wp","href":"https:\/\/api.w.org\/{rel}","templated":true}]}}