{"id":2216,"date":"2024-06-05T16:14:12","date_gmt":"2024-06-05T14:14:12","guid":{"rendered":"https:\/\/rings4wings.muskedeer-wip.be\/nl\/?post_type=product&#038;p=2216"},"modified":"2026-01-23T11:09:47","modified_gmt":"2026-01-23T10:09:47","slug":"e-z-elastische-ringe","status":"publish","type":"product","link":"https:\/\/rings4wings.com\/de\/produkte\/e-z-ringe\/e-z-elastische-ringe\/","title":{"rendered":"E-Z Elastische Ringe \u00d82 bis \u00d816 mm (f\u00fcr alle Vogelarten)"},"content":{"rendered":"<p>Dank der Verwendung von elastischem Material f\u00fchlen sich die Ringe sehr bequem an.<\/p>\n<p><strong>Die Vorteile<\/strong><\/p>\n<ul>\n<li>Neugeborene V\u00f6gel k\u00f6nnen schon nach wenigen Tagen beringt werden<\/li>\n<li>Die Elastizit\u00e4t sorgt daf\u00fcr, dass sich der Ring dem Wachstum des Kindes anpasst (<strong>begrenzt<\/strong>) kann sich an das Bein anpassen. Dadurch wird das mehrfache Wiedereinschlafen (<strong>nicht ausgeschlossen<\/strong>) und das Einwachsen besser kontrollieren.<\/li>\n<li>Die geringe Ringh\u00f6he bietet die M\u00f6glichkeit, verschiedene Farben \u00fcbereinander zu kombinieren und damit die Markierungsm\u00f6glichkeiten erheblich zu erweitern.<\/li>\n<li>8 Ringdurchmesser und 3 verf\u00fcgbare Gr\u00f6\u00dfen der E-Z Ring Gun erm\u00f6glichen die Beringung jeder Vogelart.<\/li>\n<li>Sortiment an leuchtenden Ringfarben.<\/li>\n<\/ul>\n<p>Dieses neue Konzept bietet dem professionellen Z\u00fcchter nur Vorteile!<\/p>\n<p>Lieferbar in \u00d8 2 - 3 - 3,5 - 4,5 - 6 - 7 - 8 - 9 -10 -12 - 14 - 16 mm<\/p>\n<p><strong>Lehrreiches Video<\/strong><\/p>\n<p><iframe title=\"YouTube-Video-Player\" src=\"https:\/\/www.youtube.com\/embed\/Ip_ggXBchHM?si=6XDJPecWSckDV3lo\" width=\"560\" height=\"315\" frameborder=\"0\" allowfullscreen=\"allowfullscreen\"><\/iframe><\/p>\n<p>&nbsp;<\/p>\n<h3>Tipps zur Verwendung von E-Z Elastic Rings<\/h3>\n<p><strong>Mit welcher Gr\u00f6\u00dfe sollte man bei K\u00fcken beginnen?<\/strong><br \/>\nBei der Wahl der E-Z Elastic Ringe ist es am besten, mit dem Durchmesser von 4,5 mm f\u00fcr junge K\u00fcken zu beginnen.<\/p>\n<p><strong>W\u00e4chst der E-Z Elastic Ring mit Ihnen mit oder m\u00fcssen Sie den Ring erneuern?<\/strong><br \/>\nDie E-Z Elastic Ringe haben ein begrenztes Wachstum, d.h. es besteht immer noch die Gefahr des Einwachsens. Sie sollten sie daher auch w\u00e4hrend des Wachstums genau beobachten und rechtzeitig auf einen gr\u00f6\u00dferen Durchmesser umsteigen, wenn der Ring w\u00e4hrend der Wachstumsperiode beginnt, sich um das Bein zu spannen.<\/p>\n<p><strong>Was ist zu tun, wenn der E-Z Elastic Ring bricht, wenn man ihn \u00fcber den dickeren Teil der Ringpistole schiebt?<\/strong><br \/>\nUnter bestimmten Umst\u00e4nden ist es ratsam, die Ringe eine Weile in lauwarmes Wasser zu legen, bevor sie \u00fcber die Ringpistole geschoben werden. Dies ist insbesondere f\u00fcr den kleinsten Durchmesser von 2 mm ratsam, da die Dehnbarkeit aufgrund der geringen Gr\u00f6\u00dfe eingeschr\u00e4nkt ist.<\/p>","protected":false},"excerpt":{"rendered":"<p>Dankzij het gebruik van elastisch materiaal voelen de ringen erg comfortabel aan. De voordelen De pasgeboren vogels kunnen reeds na enkele dagen worden geringd De elasticiteit zorgt ervoor dat de ring zich tijdens de groei (beperkt) zal kunnen aanpassen aan de poot. Hierdoor wordt het meermaals opnieuw ringen verminderd (niet uitgesloten) en het ingroeien beter [&hellip;]<\/p>\n","protected":false},"featured_media":2217,"template":"","meta":{"_acf_changed":false,"inline_featured_image":false},"product_brand":[],"product_cat":[24],"product_tag":[],"class_list":{"0":"post-2216","1":"product","2":"type-product","3":"status-publish","4":"has-post-thumbnail","6":"product_cat-e-z-ringen","8":"first","9":"instock","10":"taxable","11":"shipping-taxable","12":"purchasable","13":"product-type-simple"},"acf":[],"yoast_head":"<!-- This site is optimized with the Yoast SEO plugin v27.3 - https:\/\/yoast.com\/product\/yoast-seo-wordpress\/ -->\n<title>E-Z Elastic ringen \u00d82 tot \u00d816 mm (voor alle vogelsoorten) - Rings4Wings<\/title>\n<meta name=\"description\" content=\"Deze elastische vogelringen maken het ringen alleen maar eenvoudiger. De ring zet zich uit tijdens de groei en voelt erg comfortabel. Bestel online!\" \/>\n<meta name=\"robots\" content=\"index, follow, max-snippet:-1, max-image-preview:large, max-video-preview:-1\" \/>\n<link rel=\"canonical\" href=\"https:\/\/rings4wings.com\/de\/produkte\/e-z-ringe\/e-z-elastische-ringe\/\" \/>\n<meta property=\"og:locale\" content=\"de_DE\" \/>\n<meta property=\"og:type\" content=\"article\" \/>\n<meta property=\"og:title\" content=\"E-Z Elastic ringen \u00d82 tot \u00d816 mm (voor alle vogelsoorten) - Rings4Wings\" \/>\n<meta property=\"og:description\" content=\"Deze elastische vogelringen maken het ringen alleen maar eenvoudiger. De ring zet zich uit tijdens de groei en voelt erg comfortabel. Bestel online!\" \/>\n<meta property=\"og:url\" content=\"https:\/\/rings4wings.com\/de\/produkte\/e-z-ringe\/e-z-elastische-ringe\/\" \/>\n<meta property=\"og:site_name\" content=\"Rings4Wings\" \/>\n<meta property=\"article:modified_time\" content=\"2026-01-23T10:09:47+00:00\" \/>\n<meta property=\"og:image\" content=\"https:\/\/rings4wings.com\/wp-content\/uploads\/2024\/09\/IMG_4759_49477b1a-91d1-4b48-a17b-3f24e65315c3_large.webp\" \/>\n\t<meta property=\"og:image:width\" content=\"480\" \/>\n\t<meta property=\"og:image:height\" content=\"480\" \/>\n\t<meta property=\"og:image:type\" content=\"image\/webp\" \/>\n<meta name=\"twitter:card\" content=\"summary_large_image\" \/>\n<meta name=\"twitter:label1\" content=\"Gesch\u00e4tzte Lesezeit\" \/>\n\t<meta name=\"twitter:data1\" content=\"1\u00a0Minute\" \/>\n<script type=\"application\/ld+json\" class=\"yoast-schema-graph\">{\"@context\":\"https:\\\/\\\/schema.org\",\"@graph\":[{\"@type\":\"WebPage\",\"@id\":\"https:\\\/\\\/rings4wings.com\\\/producten\\\/e-z-ringen\\\/e-z-elastic-ringen\\\/\",\"url\":\"https:\\\/\\\/rings4wings.com\\\/producten\\\/e-z-ringen\\\/e-z-elastic-ringen\\\/\",\"name\":\"E-Z Elastic ringen \u00d82 tot \u00d816 mm (voor alle vogelsoorten) - Rings4Wings\",\"isPartOf\":{\"@id\":\"https:\\\/\\\/rings4wings.com\\\/nl\\\/#website\"},\"primaryImageOfPage\":{\"@id\":\"https:\\\/\\\/rings4wings.com\\\/producten\\\/e-z-ringen\\\/e-z-elastic-ringen\\\/#primaryimage\"},\"image\":{\"@id\":\"https:\\\/\\\/rings4wings.com\\\/producten\\\/e-z-ringen\\\/e-z-elastic-ringen\\\/#primaryimage\"},\"thumbnailUrl\":\"https:\\\/\\\/rings4wings.com\\\/wp-content\\\/uploads\\\/2024\\\/09\\\/IMG_4759_49477b1a-91d1-4b48-a17b-3f24e65315c3_large.webp\",\"datePublished\":\"2024-06-05T14:14:12+00:00\",\"dateModified\":\"2026-01-23T10:09:47+00:00\",\"description\":\"Deze elastische vogelringen maken het ringen alleen maar eenvoudiger. De ring zet zich uit tijdens de groei en voelt erg comfortabel. Bestel online!\",\"breadcrumb\":{\"@id\":\"https:\\\/\\\/rings4wings.com\\\/producten\\\/e-z-ringen\\\/e-z-elastic-ringen\\\/#breadcrumb\"},\"inLanguage\":\"de\",\"potentialAction\":[{\"@type\":\"ReadAction\",\"target\":[\"https:\\\/\\\/rings4wings.com\\\/producten\\\/e-z-ringen\\\/e-z-elastic-ringen\\\/\"]}]},{\"@type\":\"ImageObject\",\"inLanguage\":\"de\",\"@id\":\"https:\\\/\\\/rings4wings.com\\\/producten\\\/e-z-ringen\\\/e-z-elastic-ringen\\\/#primaryimage\",\"url\":\"https:\\\/\\\/rings4wings.com\\\/wp-content\\\/uploads\\\/2024\\\/09\\\/IMG_4759_49477b1a-91d1-4b48-a17b-3f24e65315c3_large.webp\",\"contentUrl\":\"https:\\\/\\\/rings4wings.com\\\/wp-content\\\/uploads\\\/2024\\\/09\\\/IMG_4759_49477b1a-91d1-4b48-a17b-3f24e65315c3_large.webp\",\"width\":480,\"height\":480},{\"@type\":\"BreadcrumbList\",\"@id\":\"https:\\\/\\\/rings4wings.com\\\/producten\\\/e-z-ringen\\\/e-z-elastic-ringen\\\/#breadcrumb\",\"itemListElement\":[{\"@type\":\"ListItem\",\"position\":1,\"name\":\"Home\",\"item\":\"https:\\\/\\\/rings4wings.com\\\/nl\\\/\"},{\"@type\":\"ListItem\",\"position\":2,\"name\":\"Webshop\",\"item\":\"https:\\\/\\\/rings4wings.com\\\/en\\\/products\\\/\"},{\"@type\":\"ListItem\",\"position\":3,\"name\":\"KUNSTSTOF vogelringen bestellen &amp; meer\",\"item\":\"https:\\\/\\\/rings4wings.com\\\/en\\\/offer\\\/e-z-rings\\\/\"},{\"@type\":\"ListItem\",\"position\":4,\"name\":\"E-Z Elastic ringen \u00d82 tot \u00d816 mm (voor alle vogelsoorten)\"}]},{\"@type\":\"WebSite\",\"@id\":\"https:\\\/\\\/rings4wings.com\\\/nl\\\/#website\",\"url\":\"https:\\\/\\\/rings4wings.com\\\/nl\\\/\",\"name\":\"Rings4Wings\",\"description\":\"\",\"potentialAction\":[{\"@type\":\"SearchAction\",\"target\":{\"@type\":\"EntryPoint\",\"urlTemplate\":\"https:\\\/\\\/rings4wings.com\\\/nl\\\/?s={search_term_string}\"},\"query-input\":{\"@type\":\"PropertyValueSpecification\",\"valueRequired\":true,\"valueName\":\"search_term_string\"}}],\"inLanguage\":\"de\"}]}<\/script>\n<!-- \/ Yoast SEO plugin. -->","yoast_head_json":{"title":"E-Z Elastische Ringe \u00d82 bis \u00d816 mm (f\u00fcr alle Vogelarten) - Rings4Wings","description":"Diese elastischen Vogelringe machen das Beringen einfach einfacher. Der Ring dehnt sich mit dem Wachstum aus und ist sehr bequem. Online bestellen!","robots":{"index":"index","follow":"follow","max-snippet":"max-snippet:-1","max-image-preview":"max-image-preview:large","max-video-preview":"max-video-preview:-1"},"canonical":"https:\/\/rings4wings.com\/de\/produkte\/e-z-ringe\/e-z-elastische-ringe\/","og_locale":"de_DE","og_type":"article","og_title":"E-Z Elastic ringen \u00d82 tot \u00d816 mm (voor alle vogelsoorten) - Rings4Wings","og_description":"Deze elastische vogelringen maken het ringen alleen maar eenvoudiger. De ring zet zich uit tijdens de groei en voelt erg comfortabel. Bestel online!","og_url":"https:\/\/rings4wings.com\/de\/produkte\/e-z-ringe\/e-z-elastische-ringe\/","og_site_name":"Rings4Wings","article_modified_time":"2026-01-23T10:09:47+00:00","og_image":[{"width":480,"height":480,"url":"https:\/\/rings4wings.com\/wp-content\/uploads\/2024\/09\/IMG_4759_49477b1a-91d1-4b48-a17b-3f24e65315c3_large.webp","type":"image\/webp"}],"twitter_card":"summary_large_image","twitter_misc":{"Gesch\u00e4tzte Lesezeit":"1\u00a0Minute"},"schema":{"@context":"https:\/\/schema.org","@graph":[{"@type":"WebPage","@id":"https:\/\/rings4wings.com\/producten\/e-z-ringen\/e-z-elastic-ringen\/","url":"https:\/\/rings4wings.com\/producten\/e-z-ringen\/e-z-elastic-ringen\/","name":"E-Z Elastische Ringe \u00d82 bis \u00d816 mm (f\u00fcr alle Vogelarten) - Rings4Wings","isPartOf":{"@id":"https:\/\/rings4wings.com\/nl\/#website"},"primaryImageOfPage":{"@id":"https:\/\/rings4wings.com\/producten\/e-z-ringen\/e-z-elastic-ringen\/#primaryimage"},"image":{"@id":"https:\/\/rings4wings.com\/producten\/e-z-ringen\/e-z-elastic-ringen\/#primaryimage"},"thumbnailUrl":"https:\/\/rings4wings.com\/wp-content\/uploads\/2024\/09\/IMG_4759_49477b1a-91d1-4b48-a17b-3f24e65315c3_large.webp","datePublished":"2024-06-05T14:14:12+00:00","dateModified":"2026-01-23T10:09:47+00:00","description":"Diese elastischen Vogelringe machen das Beringen einfach einfacher. Der Ring dehnt sich mit dem Wachstum aus und ist sehr bequem. Online bestellen!","breadcrumb":{"@id":"https:\/\/rings4wings.com\/producten\/e-z-ringen\/e-z-elastic-ringen\/#breadcrumb"},"inLanguage":"de","potentialAction":[{"@type":"ReadAction","target":["https:\/\/rings4wings.com\/producten\/e-z-ringen\/e-z-elastic-ringen\/"]}]},{"@type":"ImageObject","inLanguage":"de","@id":"https:\/\/rings4wings.com\/producten\/e-z-ringen\/e-z-elastic-ringen\/#primaryimage","url":"https:\/\/rings4wings.com\/wp-content\/uploads\/2024\/09\/IMG_4759_49477b1a-91d1-4b48-a17b-3f24e65315c3_large.webp","contentUrl":"https:\/\/rings4wings.com\/wp-content\/uploads\/2024\/09\/IMG_4759_49477b1a-91d1-4b48-a17b-3f24e65315c3_large.webp","width":480,"height":480},{"@type":"BreadcrumbList","@id":"https:\/\/rings4wings.com\/producten\/e-z-ringen\/e-z-elastic-ringen\/#breadcrumb","itemListElement":[{"@type":"ListItem","position":1,"name":"Home","item":"https:\/\/rings4wings.com\/nl\/"},{"@type":"ListItem","position":2,"name":"Webshop","item":"https:\/\/rings4wings.com\/en\/products\/"},{"@type":"ListItem","position":3,"name":"KUNSTSTOF vogelringen bestellen &amp; meer","item":"https:\/\/rings4wings.com\/en\/offer\/e-z-rings\/"},{"@type":"ListItem","position":4,"name":"E-Z Elastic ringen \u00d82 tot \u00d816 mm (voor alle vogelsoorten)"}]},{"@type":"WebSite","@id":"https:\/\/rings4wings.com\/nl\/#website","url":"https:\/\/rings4wings.com\/nl\/","name":"Ringe4Fl\u00fcgel","description":"","potentialAction":[{"@type":"SearchAction","target":{"@type":"EntryPoint","urlTemplate":"https:\/\/rings4wings.com\/nl\/?s={search_term_string}"},"query-input":{"@type":"PropertyValueSpecification","valueRequired":true,"valueName":"search_term_string"}}],"inLanguage":"de"}]}},"jetpack_sharing_enabled":true,"_links":{"self":[{"href":"https:\/\/rings4wings.com\/de\/wp-json\/wp\/v2\/product\/2216","targetHints":{"allow":["GET"]}}],"collection":[{"href":"https:\/\/rings4wings.com\/de\/wp-json\/wp\/v2\/product"}],"about":[{"href":"https:\/\/rings4wings.com\/de\/wp-json\/wp\/v2\/types\/product"}],"wp:featuredmedia":[{"embeddable":true,"href":"https:\/\/rings4wings.com\/de\/wp-json\/wp\/v2\/media\/2217"}],"wp:attachment":[{"href":"https:\/\/rings4wings.com\/de\/wp-json\/wp\/v2\/media?parent=2216"}],"wp:term":[{"taxonomy":"product_brand","embeddable":true,"href":"https:\/\/rings4wings.com\/de\/wp-json\/wp\/v2\/product_brand?post=2216"},{"taxonomy":"product_cat","embeddable":true,"href":"https:\/\/rings4wings.com\/de\/wp-json\/wp\/v2\/product_cat?post=2216"},{"taxonomy":"product_tag","embeddable":true,"href":"https:\/\/rings4wings.com\/de\/wp-json\/wp\/v2\/product_tag?post=2216"}],"curies":[{"name":"wp","href":"https:\/\/api.w.org\/{rel}","templated":true}]}}