{"id":2014,"date":"2024-06-04T15:08:40","date_gmt":"2024-06-04T13:08:40","guid":{"rendered":"https:\/\/rings4wings.muskedeer-wip.be\/nl\/?post_type=product&#038;p=2014"},"modified":"2026-01-23T11:12:25","modified_gmt":"2026-01-23T10:12:25","slug":"e-z-geteilte-ringe","status":"publish","type":"product","link":"https:\/\/rings4wings.com\/de\/produkte\/e-z-ringe\/e-z-geteilte-ringe\/","title":{"rendered":"E-Z Split Ringe \u00d82,5 bis \u00d88 mm (Exoten - Kanarienv\u00f6gel - Finken - Tauben)"},"content":{"rendered":"<p>Dieses All-in-One-Konzept wird allen Anforderungen gerecht.<br \/>\nEine h\u00fcbsche Karte mit geteilten Ringen und einem L\u00f6ffel, um die Ringe um das Bein zu legen. Die Ringe k\u00f6nnen herausgedreht oder lose abgeschnitten werden. Erh\u00e4ltlich in 3 Durchmessern, einer gro\u00dfen Auswahl an fantastischen Farben, blanko oder nummeriert. Der Kartenkopf kann gelasert, beschriftet oder mit einem Strichcode versehen werden.<\/p>\n<p>Erh\u00e4ltlich in \u00d8 2,5 - 3 - 4 - 5 - 6 - 7 - 8 mm<\/p>\n<p><strong>Lehrreiches Video<\/strong><\/p>\n<p><iframe title=\"YouTube-Video-Player\" src=\"https:\/\/www.youtube.com\/embed\/zvj2stvezGM?si=WDkSriPbCZ60x5QT\" width=\"560\" height=\"315\" frameborder=\"0\" allowfullscreen=\"allowfullscreen\"><\/iframe><\/p>","protected":false},"excerpt":{"rendered":"<p>Dit alles-in-\u00e9\u00e9n concept voldoet aan alle behoeften. Een mooie kaart met splitringen en een lepeltje om de ringen rond de poot te plaatsen. De ringen kunnen worden uitgedraaid of losgeknipt. Verkrijgbaar in 3 diameters, een groot aantal fantastische kleuren, blanco of genummerd. De hoofding van het kaartje kan worden voorzien van een gelazerde inscriptie of [&hellip;]<\/p>\n","protected":false},"featured_media":2015,"template":"","meta":{"_acf_changed":false,"inline_featured_image":false},"product_brand":[],"product_cat":[24],"product_tag":[],"class_list":{"0":"post-2014","1":"product","2":"type-product","3":"status-publish","4":"has-post-thumbnail","6":"product_cat-e-z-ringen","8":"first","9":"instock","10":"taxable","11":"shipping-taxable","12":"purchasable","13":"product-type-simple"},"acf":[],"yoast_head":"<!-- This site is optimized with the Yoast SEO plugin v27.4 - https:\/\/yoast.com\/product\/yoast-seo-wordpress\/ -->\n<title>E-Z Splitringen \u00d82.5 tot \u00d88 mm (exoten - kanaries - vinken - duiven) - Rings4Wings<\/title>\n<meta name=\"description\" content=\"Ontdek onze plastic splitringen voor vogels en hoenders. Het handig lepeltje maakt ringen nog eenvoudiger. Beschikbaar in 3 diameters. Bestel online!\" \/>\n<meta name=\"robots\" content=\"index, follow, max-snippet:-1, max-image-preview:large, max-video-preview:-1\" \/>\n<link rel=\"canonical\" href=\"https:\/\/rings4wings.com\/de\/produkte\/e-z-ringe\/e-z-geteilte-ringe\/\" \/>\n<meta property=\"og:locale\" content=\"de_DE\" \/>\n<meta property=\"og:type\" content=\"article\" \/>\n<meta property=\"og:title\" content=\"E-Z Splitringen \u00d82.5 tot \u00d88 mm (exoten - kanaries - vinken - duiven) - Rings4Wings\" \/>\n<meta property=\"og:description\" content=\"Ontdek onze plastic splitringen voor vogels en hoenders. Het handig lepeltje maakt ringen nog eenvoudiger. Beschikbaar in 3 diameters. Bestel online!\" \/>\n<meta property=\"og:url\" content=\"https:\/\/rings4wings.com\/de\/produkte\/e-z-ringe\/e-z-geteilte-ringe\/\" \/>\n<meta property=\"og:site_name\" content=\"Rings4Wings\" \/>\n<meta property=\"article:modified_time\" content=\"2026-01-23T10:12:25+00:00\" \/>\n<meta property=\"og:image\" content=\"https:\/\/rings4wings.com\/wp-content\/uploads\/2024\/09\/e-z-splitringen_grande_f84d6e0c-abe3-470c-9d06-eebde6b4ba1d_large.webp\" \/>\n\t<meta property=\"og:image:width\" content=\"309\" \/>\n\t<meta property=\"og:image:height\" content=\"412\" \/>\n\t<meta property=\"og:image:type\" content=\"image\/webp\" \/>\n<meta name=\"twitter:card\" content=\"summary_large_image\" \/>\n<script type=\"application\/ld+json\" class=\"yoast-schema-graph\">{\"@context\":\"https:\\\/\\\/schema.org\",\"@graph\":[{\"@type\":\"WebPage\",\"@id\":\"https:\\\/\\\/rings4wings.com\\\/producten\\\/e-z-ringen\\\/e-z-splitringen\\\/\",\"url\":\"https:\\\/\\\/rings4wings.com\\\/producten\\\/e-z-ringen\\\/e-z-splitringen\\\/\",\"name\":\"E-Z Splitringen \u00d82.5 tot \u00d88 mm (exoten - kanaries - vinken - duiven) - Rings4Wings\",\"isPartOf\":{\"@id\":\"https:\\\/\\\/rings4wings.com\\\/nl\\\/#website\"},\"primaryImageOfPage\":{\"@id\":\"https:\\\/\\\/rings4wings.com\\\/producten\\\/e-z-ringen\\\/e-z-splitringen\\\/#primaryimage\"},\"image\":{\"@id\":\"https:\\\/\\\/rings4wings.com\\\/producten\\\/e-z-ringen\\\/e-z-splitringen\\\/#primaryimage\"},\"thumbnailUrl\":\"https:\\\/\\\/rings4wings.com\\\/wp-content\\\/uploads\\\/2024\\\/09\\\/e-z-splitringen_grande_f84d6e0c-abe3-470c-9d06-eebde6b4ba1d_large.webp\",\"datePublished\":\"2024-06-04T13:08:40+00:00\",\"dateModified\":\"2026-01-23T10:12:25+00:00\",\"description\":\"Ontdek onze plastic splitringen voor vogels en hoenders. Het handig lepeltje maakt ringen nog eenvoudiger. Beschikbaar in 3 diameters. Bestel online!\",\"breadcrumb\":{\"@id\":\"https:\\\/\\\/rings4wings.com\\\/producten\\\/e-z-ringen\\\/e-z-splitringen\\\/#breadcrumb\"},\"inLanguage\":\"de\",\"potentialAction\":[{\"@type\":\"ReadAction\",\"target\":[\"https:\\\/\\\/rings4wings.com\\\/producten\\\/e-z-ringen\\\/e-z-splitringen\\\/\"]}]},{\"@type\":\"ImageObject\",\"inLanguage\":\"de\",\"@id\":\"https:\\\/\\\/rings4wings.com\\\/producten\\\/e-z-ringen\\\/e-z-splitringen\\\/#primaryimage\",\"url\":\"https:\\\/\\\/rings4wings.com\\\/wp-content\\\/uploads\\\/2024\\\/09\\\/e-z-splitringen_grande_f84d6e0c-abe3-470c-9d06-eebde6b4ba1d_large.webp\",\"contentUrl\":\"https:\\\/\\\/rings4wings.com\\\/wp-content\\\/uploads\\\/2024\\\/09\\\/e-z-splitringen_grande_f84d6e0c-abe3-470c-9d06-eebde6b4ba1d_large.webp\",\"width\":309,\"height\":412},{\"@type\":\"BreadcrumbList\",\"@id\":\"https:\\\/\\\/rings4wings.com\\\/producten\\\/e-z-ringen\\\/e-z-splitringen\\\/#breadcrumb\",\"itemListElement\":[{\"@type\":\"ListItem\",\"position\":1,\"name\":\"Home\",\"item\":\"https:\\\/\\\/rings4wings.com\\\/nl\\\/\"},{\"@type\":\"ListItem\",\"position\":2,\"name\":\"Webshop\",\"item\":\"https:\\\/\\\/rings4wings.com\\\/en\\\/products\\\/\"},{\"@type\":\"ListItem\",\"position\":3,\"name\":\"KUNSTSTOF vogelringen bestellen &amp; meer\",\"item\":\"https:\\\/\\\/rings4wings.com\\\/en\\\/offer\\\/e-z-rings\\\/\"},{\"@type\":\"ListItem\",\"position\":4,\"name\":\"E-Z Splitringen \u00d82.5 tot \u00d88 mm (exoten &#8211; kanaries &#8211; vinken &#8211; duiven)\"}]},{\"@type\":\"WebSite\",\"@id\":\"https:\\\/\\\/rings4wings.com\\\/nl\\\/#website\",\"url\":\"https:\\\/\\\/rings4wings.com\\\/nl\\\/\",\"name\":\"Rings4Wings\",\"description\":\"\",\"potentialAction\":[{\"@type\":\"SearchAction\",\"target\":{\"@type\":\"EntryPoint\",\"urlTemplate\":\"https:\\\/\\\/rings4wings.com\\\/nl\\\/?s={search_term_string}\"},\"query-input\":{\"@type\":\"PropertyValueSpecification\",\"valueRequired\":true,\"valueName\":\"search_term_string\"}}],\"inLanguage\":\"de\"}]}<\/script>\n<!-- \/ Yoast SEO plugin. -->","yoast_head_json":{"title":"E-Z Split Ringe \u00d82.5 bis \u00d88 mm (Exoten - Kanarienv\u00f6gel - Finken - Tauben) - Rings4Wings","description":"Entdecken Sie unsere Kunststoff-Spaltringe f\u00fcr V\u00f6gel und Gefl\u00fcgel. Der praktische L\u00f6ffel macht das Beringen noch einfacher. Erh\u00e4ltlich in 3 Durchmessern. Bestellen Sie online!","robots":{"index":"index","follow":"follow","max-snippet":"max-snippet:-1","max-image-preview":"max-image-preview:large","max-video-preview":"max-video-preview:-1"},"canonical":"https:\/\/rings4wings.com\/de\/produkte\/e-z-ringe\/e-z-geteilte-ringe\/","og_locale":"de_DE","og_type":"article","og_title":"E-Z Splitringen \u00d82.5 tot \u00d88 mm (exoten - kanaries - vinken - duiven) - Rings4Wings","og_description":"Ontdek onze plastic splitringen voor vogels en hoenders. Het handig lepeltje maakt ringen nog eenvoudiger. Beschikbaar in 3 diameters. Bestel online!","og_url":"https:\/\/rings4wings.com\/de\/produkte\/e-z-ringe\/e-z-geteilte-ringe\/","og_site_name":"Rings4Wings","article_modified_time":"2026-01-23T10:12:25+00:00","og_image":[{"width":309,"height":412,"url":"https:\/\/rings4wings.com\/wp-content\/uploads\/2024\/09\/e-z-splitringen_grande_f84d6e0c-abe3-470c-9d06-eebde6b4ba1d_large.webp","type":"image\/webp"}],"twitter_card":"summary_large_image","schema":{"@context":"https:\/\/schema.org","@graph":[{"@type":"WebPage","@id":"https:\/\/rings4wings.com\/producten\/e-z-ringen\/e-z-splitringen\/","url":"https:\/\/rings4wings.com\/producten\/e-z-ringen\/e-z-splitringen\/","name":"E-Z Split Ringe \u00d82.5 bis \u00d88 mm (Exoten - Kanarienv\u00f6gel - Finken - Tauben) - Rings4Wings","isPartOf":{"@id":"https:\/\/rings4wings.com\/nl\/#website"},"primaryImageOfPage":{"@id":"https:\/\/rings4wings.com\/producten\/e-z-ringen\/e-z-splitringen\/#primaryimage"},"image":{"@id":"https:\/\/rings4wings.com\/producten\/e-z-ringen\/e-z-splitringen\/#primaryimage"},"thumbnailUrl":"https:\/\/rings4wings.com\/wp-content\/uploads\/2024\/09\/e-z-splitringen_grande_f84d6e0c-abe3-470c-9d06-eebde6b4ba1d_large.webp","datePublished":"2024-06-04T13:08:40+00:00","dateModified":"2026-01-23T10:12:25+00:00","description":"Entdecken Sie unsere Kunststoff-Spaltringe f\u00fcr V\u00f6gel und Gefl\u00fcgel. Der praktische L\u00f6ffel macht das Beringen noch einfacher. Erh\u00e4ltlich in 3 Durchmessern. Bestellen Sie online!","breadcrumb":{"@id":"https:\/\/rings4wings.com\/producten\/e-z-ringen\/e-z-splitringen\/#breadcrumb"},"inLanguage":"de","potentialAction":[{"@type":"ReadAction","target":["https:\/\/rings4wings.com\/producten\/e-z-ringen\/e-z-splitringen\/"]}]},{"@type":"ImageObject","inLanguage":"de","@id":"https:\/\/rings4wings.com\/producten\/e-z-ringen\/e-z-splitringen\/#primaryimage","url":"https:\/\/rings4wings.com\/wp-content\/uploads\/2024\/09\/e-z-splitringen_grande_f84d6e0c-abe3-470c-9d06-eebde6b4ba1d_large.webp","contentUrl":"https:\/\/rings4wings.com\/wp-content\/uploads\/2024\/09\/e-z-splitringen_grande_f84d6e0c-abe3-470c-9d06-eebde6b4ba1d_large.webp","width":309,"height":412},{"@type":"BreadcrumbList","@id":"https:\/\/rings4wings.com\/producten\/e-z-ringen\/e-z-splitringen\/#breadcrumb","itemListElement":[{"@type":"ListItem","position":1,"name":"Home","item":"https:\/\/rings4wings.com\/nl\/"},{"@type":"ListItem","position":2,"name":"Webshop","item":"https:\/\/rings4wings.com\/en\/products\/"},{"@type":"ListItem","position":3,"name":"KUNSTSTOF vogelringen bestellen &amp; meer","item":"https:\/\/rings4wings.com\/en\/offer\/e-z-rings\/"},{"@type":"ListItem","position":4,"name":"E-Z Splitringen \u00d82.5 tot \u00d88 mm (exoten &#8211; kanaries &#8211; vinken &#8211; duiven)"}]},{"@type":"WebSite","@id":"https:\/\/rings4wings.com\/nl\/#website","url":"https:\/\/rings4wings.com\/nl\/","name":"Ringe4Fl\u00fcgel","description":"","potentialAction":[{"@type":"SearchAction","target":{"@type":"EntryPoint","urlTemplate":"https:\/\/rings4wings.com\/nl\/?s={search_term_string}"},"query-input":{"@type":"PropertyValueSpecification","valueRequired":true,"valueName":"search_term_string"}}],"inLanguage":"de"}]}},"jetpack_sharing_enabled":true,"_links":{"self":[{"href":"https:\/\/rings4wings.com\/de\/wp-json\/wp\/v2\/product\/2014","targetHints":{"allow":["GET"]}}],"collection":[{"href":"https:\/\/rings4wings.com\/de\/wp-json\/wp\/v2\/product"}],"about":[{"href":"https:\/\/rings4wings.com\/de\/wp-json\/wp\/v2\/types\/product"}],"wp:featuredmedia":[{"embeddable":true,"href":"https:\/\/rings4wings.com\/de\/wp-json\/wp\/v2\/media\/2015"}],"wp:attachment":[{"href":"https:\/\/rings4wings.com\/de\/wp-json\/wp\/v2\/media?parent=2014"}],"wp:term":[{"taxonomy":"product_brand","embeddable":true,"href":"https:\/\/rings4wings.com\/de\/wp-json\/wp\/v2\/product_brand?post=2014"},{"taxonomy":"product_cat","embeddable":true,"href":"https:\/\/rings4wings.com\/de\/wp-json\/wp\/v2\/product_cat?post=2014"},{"taxonomy":"product_tag","embeddable":true,"href":"https:\/\/rings4wings.com\/de\/wp-json\/wp\/v2\/product_tag?post=2014"}],"curies":[{"name":"wp","href":"https:\/\/api.w.org\/{rel}","templated":true}]}}