{"id":12608,"date":"2024-12-05T09:52:31","date_gmt":"2024-12-05T08:52:31","guid":{"rendered":"https:\/\/rings4wings.com\/?post_type=product&#038;p=12608"},"modified":"2025-10-22T17:08:56","modified_gmt":"2025-10-22T15:08:56","slug":"vogelringe-aus-hartaluminium-und-edelstahl","status":"publish","type":"product","link":"https:\/\/rings4wings.com\/de\/produkte\/bestellen-sie-personalisierte-e-z-vogel-ringe-gehartetes-aluminium-edelstahl\/vogelringe-aus-hartaluminium-und-edelstahl\/","title":{"rendered":"HARTE ALUMINIUM- &amp; EDELSTAHL-Vogelringe"},"content":{"rendered":"<p><img fetchpriority=\"high\" decoding=\"async\" class=\"alignnone size-medium wp-image-1962\" src=\"\/wp-content\/uploads\/2024\/09\/400dpiLogo_large-300x181.webp\" alt=\"\" width=\"300\" height=\"181\" srcset=\"\" sizes=\"(max-width: 300px) 100vw, 300px\" data-srcset=\"\" \/><\/p>\n<p>Unsere E-Z O'Rings werden von offiziellen Ringverb\u00e4nden verwendet.<\/p>\n<p>&nbsp;<\/p>\n<p><img decoding=\"async\" class=\"alignnone size-medium wp-image-1966\" src=\"\/wp-content\/uploads\/2024\/09\/o-ringen-logo_2544b0a9-55a6-4175-abb0-faf543917324-300x111.webp\" alt=\"\" width=\"300\" height=\"111\" srcset=\"\" sizes=\"(max-width: 300px) 100vw, 300px\" data-srcset=\"\" \/><\/p>\n<p>&nbsp;<\/p>\n<h3>Rings4Wings erweitert sein Angebot durch die \u00dcbernahme von Van de Laar \u2013 Verboogen Vogelringe<\/h3>\n<p class=\"translation-block\">Wir freuen uns, bekannt zu geben, dass <strong>Smisdom<\/strong>, das Unternehmen hinter der Marke <strong>Rings4Wings<\/strong>, die Aktivit\u00e4ten von <strong>Van de Laar \u2013 Verboogen Vogelringe<\/strong> \u00fcbernommen hat.<\/p>\n<p class=\"translation-block\"><strong>Van de Laar \u2013 Verboogen<\/strong> ist seit <strong>\u00fcber 50 Jahren<\/strong> ein etablierter Name in der Welt der Vogelringe, bekannt f\u00fcr hochwertige <strong>Aluminium- und Edelstahlausf\u00fchrungen<\/strong>. Ihr Fachwissen und Ruf passen perfekt zu dem, wof\u00fcr <strong>Rings4Wings<\/strong> steht: Qualit\u00e4t, Zuverl\u00e4ssigkeit und Kundenorientierung.<\/p>\n<p class=\"translation-block\">Rings4Wings ist seit Jahren <strong>Marktf\u00fchrer bei Kunststoff-Vogelringen<\/strong>. Mit dieser \u00dcbernahme k\u00f6nnen wir Ihnen nun <strong>alle Materialien aus einer Hand<\/strong> anbieten: <strong>Kunststoff, Aluminium und Edelstahl<\/strong>. Damit machen wir einen wichtigen Schritt als <strong>Komplettanbieter f\u00fcr Vogelringe und Zubeh\u00f6r.<\/strong><\/p>\n<p><strong>Was bedeutet das f\u00fcr Sie?<\/strong><br \/>\n\u2714 Ein einziger Ansprechpartner f\u00fcr das gesamte Sortiment an Vogelringen und Zubeh\u00f6r<br \/>\n\u2714 Alles wird im Haus gemacht: schnell, flexibel und mit h\u00f6chster Pr\u00e4zision<br \/>\n\u2714 Die gewohnte Qualit\u00e4t und der gewohnte Service<br \/>\n\u2714 Der Webshop von Van de Laar - Verboogen wird ab dem 3. Oktober 2025 vollst\u00e4ndig in unsere Website www.rings4wings.com integriert sein.<\/p>\n<p>Vielen Dank f\u00fcr Ihr Vertrauen. Wir freuen uns darauf, Sie weiterhin mit noch mehr M\u00f6glichkeiten zu unterst\u00fctzen.<\/p>\n<p><strong>Ihr Rings4Wings \/ Smisdom Team <\/strong><\/p>","protected":false},"excerpt":{"rendered":"<p>Onze E-Z O&#8217;Ringen worden gebruikt door offici\u00eble ring federaties. &nbsp; &nbsp; Rings4Wings breidt aanbod uit door overname Van de Laar \u2013 Verboogen Vogelringen Met trots maken wij bekend dat Smisdom, het bedrijf achter het merk Rings4Wings, de activiteiten heeft overgenomen van Van de Laar \u2013 Verboogen Vogelringen. Van de Laar \u2013 Verboogen is al meer [&hellip;]<\/p>\n","protected":false},"featured_media":20206,"template":"","meta":{"_acf_changed":false,"inline_featured_image":false},"product_brand":[],"product_cat":[100],"product_tag":[],"class_list":{"0":"post-12608","1":"product","2":"type-product","3":"status-publish","4":"has-post-thumbnail","6":"product_cat-gepersonaliseerde-e-z-vogelringen-bestellen-gehard-aluminium-rvs","8":"first","9":"instock","10":"taxable","11":"shipping-taxable","12":"purchasable","13":"product-type-simple"},"acf":[],"yoast_head":"<!-- This site is optimized with the Yoast SEO plugin v27.4 - https:\/\/yoast.com\/product\/yoast-seo-wordpress\/ -->\n<title>HARD aluminium &amp; roestvrij staal vogelringen - Rings4Wings<\/title>\n<meta name=\"description\" content=\"Ontdek onze gesloten, plastic ringen voor identificatie van vogels. Dankzij onze lasertechniek kunnen we inscripties voorzien. Bestel online!\" \/>\n<meta name=\"robots\" content=\"index, follow, max-snippet:-1, max-image-preview:large, max-video-preview:-1\" \/>\n<link rel=\"canonical\" href=\"https:\/\/rings4wings.com\/de\/produkte\/bestellen-sie-personalisierte-e-z-vogel-ringe-gehartetes-aluminium-edelstahl\/vogelringe-aus-hartaluminium-und-edelstahl\/\" \/>\n<meta property=\"og:locale\" content=\"de_DE\" \/>\n<meta property=\"og:type\" content=\"article\" \/>\n<meta property=\"og:title\" content=\"HARD aluminium &amp; roestvrij staal vogelringen - Rings4Wings\" \/>\n<meta property=\"og:description\" content=\"Ontdek onze gesloten, plastic ringen voor identificatie van vogels. Dankzij onze lasertechniek kunnen we inscripties voorzien. Bestel online!\" \/>\n<meta property=\"og:url\" content=\"https:\/\/rings4wings.com\/de\/produkte\/bestellen-sie-personalisierte-e-z-vogel-ringe-gehartetes-aluminium-edelstahl\/vogelringe-aus-hartaluminium-und-edelstahl\/\" \/>\n<meta property=\"og:site_name\" content=\"Rings4Wings\" \/>\n<meta property=\"article:modified_time\" content=\"2025-10-22T15:08:56+00:00\" \/>\n<meta property=\"og:image\" content=\"https:\/\/rings4wings.com\/wp-content\/uploads\/2024\/12\/A4164A41-95B5-43C7-8F4E-5A3562EEE265.jpg\" \/>\n\t<meta property=\"og:image:width\" content=\"2208\" \/>\n\t<meta property=\"og:image:height\" content=\"2208\" \/>\n\t<meta property=\"og:image:type\" content=\"image\/jpeg\" \/>\n<meta name=\"twitter:card\" content=\"summary_large_image\" \/>\n<meta name=\"twitter:label1\" content=\"Gesch\u00e4tzte Lesezeit\" \/>\n\t<meta name=\"twitter:data1\" content=\"1\u00a0Minute\" \/>\n<script type=\"application\/ld+json\" class=\"yoast-schema-graph\">{\"@context\":\"https:\\\/\\\/schema.org\",\"@graph\":[{\"@type\":\"WebPage\",\"@id\":\"https:\\\/\\\/rings4wings.com\\\/nl\\\/producten\\\/gepersonaliseerde-e-z-vogelringen-bestellen-gehard-aluminium-rvs\\\/hard-aluminium-roestvrij-staal-vogelringen\\\/\",\"url\":\"https:\\\/\\\/rings4wings.com\\\/nl\\\/producten\\\/gepersonaliseerde-e-z-vogelringen-bestellen-gehard-aluminium-rvs\\\/hard-aluminium-roestvrij-staal-vogelringen\\\/\",\"name\":\"HARD aluminium & roestvrij staal vogelringen - Rings4Wings\",\"isPartOf\":{\"@id\":\"https:\\\/\\\/rings4wings.com\\\/nl\\\/#website\"},\"primaryImageOfPage\":{\"@id\":\"https:\\\/\\\/rings4wings.com\\\/nl\\\/producten\\\/gepersonaliseerde-e-z-vogelringen-bestellen-gehard-aluminium-rvs\\\/hard-aluminium-roestvrij-staal-vogelringen\\\/#primaryimage\"},\"image\":{\"@id\":\"https:\\\/\\\/rings4wings.com\\\/nl\\\/producten\\\/gepersonaliseerde-e-z-vogelringen-bestellen-gehard-aluminium-rvs\\\/hard-aluminium-roestvrij-staal-vogelringen\\\/#primaryimage\"},\"thumbnailUrl\":\"https:\\\/\\\/rings4wings.com\\\/wp-content\\\/uploads\\\/2024\\\/12\\\/A4164A41-95B5-43C7-8F4E-5A3562EEE265.jpg\",\"datePublished\":\"2024-12-05T08:52:31+00:00\",\"dateModified\":\"2025-10-22T15:08:56+00:00\",\"description\":\"Ontdek onze gesloten, plastic ringen voor identificatie van vogels. Dankzij onze lasertechniek kunnen we inscripties voorzien. Bestel online!\",\"breadcrumb\":{\"@id\":\"https:\\\/\\\/rings4wings.com\\\/nl\\\/producten\\\/gepersonaliseerde-e-z-vogelringen-bestellen-gehard-aluminium-rvs\\\/hard-aluminium-roestvrij-staal-vogelringen\\\/#breadcrumb\"},\"inLanguage\":\"de\",\"potentialAction\":[{\"@type\":\"ReadAction\",\"target\":[\"https:\\\/\\\/rings4wings.com\\\/nl\\\/producten\\\/gepersonaliseerde-e-z-vogelringen-bestellen-gehard-aluminium-rvs\\\/hard-aluminium-roestvrij-staal-vogelringen\\\/\"]}]},{\"@type\":\"ImageObject\",\"inLanguage\":\"de\",\"@id\":\"https:\\\/\\\/rings4wings.com\\\/nl\\\/producten\\\/gepersonaliseerde-e-z-vogelringen-bestellen-gehard-aluminium-rvs\\\/hard-aluminium-roestvrij-staal-vogelringen\\\/#primaryimage\",\"url\":\"https:\\\/\\\/rings4wings.com\\\/wp-content\\\/uploads\\\/2024\\\/12\\\/A4164A41-95B5-43C7-8F4E-5A3562EEE265.jpg\",\"contentUrl\":\"https:\\\/\\\/rings4wings.com\\\/wp-content\\\/uploads\\\/2024\\\/12\\\/A4164A41-95B5-43C7-8F4E-5A3562EEE265.jpg\",\"width\":2208,\"height\":2208},{\"@type\":\"BreadcrumbList\",\"@id\":\"https:\\\/\\\/rings4wings.com\\\/nl\\\/producten\\\/gepersonaliseerde-e-z-vogelringen-bestellen-gehard-aluminium-rvs\\\/hard-aluminium-roestvrij-staal-vogelringen\\\/#breadcrumb\",\"itemListElement\":[{\"@type\":\"ListItem\",\"position\":1,\"name\":\"Home\",\"item\":\"https:\\\/\\\/rings4wings.com\\\/nl\\\/\"},{\"@type\":\"ListItem\",\"position\":2,\"name\":\"Webshop\",\"item\":\"https:\\\/\\\/rings4wings.com\\\/en\\\/products\\\/\"},{\"@type\":\"ListItem\",\"position\":3,\"name\":\"HARD ALUMINIUM &amp; RVS vogelringen bestellen\",\"item\":\"https:\\\/\\\/rings4wings.com\\\/nl\\\/aanbod\\\/gepersonaliseerde-e-z-vogelringen-bestellen-gehard-aluminium-rvs\\\/\"},{\"@type\":\"ListItem\",\"position\":4,\"name\":\"HARD aluminium &#038; roestvrij staal vogelringen\"}]},{\"@type\":\"WebSite\",\"@id\":\"https:\\\/\\\/rings4wings.com\\\/nl\\\/#website\",\"url\":\"https:\\\/\\\/rings4wings.com\\\/nl\\\/\",\"name\":\"Rings4Wings\",\"description\":\"\",\"potentialAction\":[{\"@type\":\"SearchAction\",\"target\":{\"@type\":\"EntryPoint\",\"urlTemplate\":\"https:\\\/\\\/rings4wings.com\\\/nl\\\/?s={search_term_string}\"},\"query-input\":{\"@type\":\"PropertyValueSpecification\",\"valueRequired\":true,\"valueName\":\"search_term_string\"}}],\"inLanguage\":\"de\"}]}<\/script>\n<!-- \/ Yoast SEO plugin. -->","yoast_head_json":{"title":"Harte Vogelringe aus Aluminium und Edelstahl - Rings4Wings","description":"Entdecken Sie unsere geschlossenen Kunststoffringe zur Vogelbestimmung. Dank unserer Lasertechnik k\u00f6nnen wir Beschriftungen anbringen. Bestellen Sie online!","robots":{"index":"index","follow":"follow","max-snippet":"max-snippet:-1","max-image-preview":"max-image-preview:large","max-video-preview":"max-video-preview:-1"},"canonical":"https:\/\/rings4wings.com\/de\/produkte\/bestellen-sie-personalisierte-e-z-vogel-ringe-gehartetes-aluminium-edelstahl\/vogelringe-aus-hartaluminium-und-edelstahl\/","og_locale":"de_DE","og_type":"article","og_title":"HARD aluminium & roestvrij staal vogelringen - Rings4Wings","og_description":"Ontdek onze gesloten, plastic ringen voor identificatie van vogels. Dankzij onze lasertechniek kunnen we inscripties voorzien. Bestel online!","og_url":"https:\/\/rings4wings.com\/de\/produkte\/bestellen-sie-personalisierte-e-z-vogel-ringe-gehartetes-aluminium-edelstahl\/vogelringe-aus-hartaluminium-und-edelstahl\/","og_site_name":"Rings4Wings","article_modified_time":"2025-10-22T15:08:56+00:00","og_image":[{"width":2208,"height":2208,"url":"https:\/\/rings4wings.com\/wp-content\/uploads\/2024\/12\/A4164A41-95B5-43C7-8F4E-5A3562EEE265.jpg","type":"image\/jpeg"}],"twitter_card":"summary_large_image","twitter_misc":{"Gesch\u00e4tzte Lesezeit":"1\u00a0Minute"},"schema":{"@context":"https:\/\/schema.org","@graph":[{"@type":"WebPage","@id":"https:\/\/rings4wings.com\/nl\/producten\/gepersonaliseerde-e-z-vogelringen-bestellen-gehard-aluminium-rvs\/hard-aluminium-roestvrij-staal-vogelringen\/","url":"https:\/\/rings4wings.com\/nl\/producten\/gepersonaliseerde-e-z-vogelringen-bestellen-gehard-aluminium-rvs\/hard-aluminium-roestvrij-staal-vogelringen\/","name":"Harte Vogelringe aus Aluminium und Edelstahl - Rings4Wings","isPartOf":{"@id":"https:\/\/rings4wings.com\/nl\/#website"},"primaryImageOfPage":{"@id":"https:\/\/rings4wings.com\/nl\/producten\/gepersonaliseerde-e-z-vogelringen-bestellen-gehard-aluminium-rvs\/hard-aluminium-roestvrij-staal-vogelringen\/#primaryimage"},"image":{"@id":"https:\/\/rings4wings.com\/nl\/producten\/gepersonaliseerde-e-z-vogelringen-bestellen-gehard-aluminium-rvs\/hard-aluminium-roestvrij-staal-vogelringen\/#primaryimage"},"thumbnailUrl":"https:\/\/rings4wings.com\/wp-content\/uploads\/2024\/12\/A4164A41-95B5-43C7-8F4E-5A3562EEE265.jpg","datePublished":"2024-12-05T08:52:31+00:00","dateModified":"2025-10-22T15:08:56+00:00","description":"Entdecken Sie unsere geschlossenen Kunststoffringe zur Vogelbestimmung. Dank unserer Lasertechnik k\u00f6nnen wir Beschriftungen anbringen. Bestellen Sie online!","breadcrumb":{"@id":"https:\/\/rings4wings.com\/nl\/producten\/gepersonaliseerde-e-z-vogelringen-bestellen-gehard-aluminium-rvs\/hard-aluminium-roestvrij-staal-vogelringen\/#breadcrumb"},"inLanguage":"de","potentialAction":[{"@type":"ReadAction","target":["https:\/\/rings4wings.com\/nl\/producten\/gepersonaliseerde-e-z-vogelringen-bestellen-gehard-aluminium-rvs\/hard-aluminium-roestvrij-staal-vogelringen\/"]}]},{"@type":"ImageObject","inLanguage":"de","@id":"https:\/\/rings4wings.com\/nl\/producten\/gepersonaliseerde-e-z-vogelringen-bestellen-gehard-aluminium-rvs\/hard-aluminium-roestvrij-staal-vogelringen\/#primaryimage","url":"https:\/\/rings4wings.com\/wp-content\/uploads\/2024\/12\/A4164A41-95B5-43C7-8F4E-5A3562EEE265.jpg","contentUrl":"https:\/\/rings4wings.com\/wp-content\/uploads\/2024\/12\/A4164A41-95B5-43C7-8F4E-5A3562EEE265.jpg","width":2208,"height":2208},{"@type":"BreadcrumbList","@id":"https:\/\/rings4wings.com\/nl\/producten\/gepersonaliseerde-e-z-vogelringen-bestellen-gehard-aluminium-rvs\/hard-aluminium-roestvrij-staal-vogelringen\/#breadcrumb","itemListElement":[{"@type":"ListItem","position":1,"name":"Home","item":"https:\/\/rings4wings.com\/nl\/"},{"@type":"ListItem","position":2,"name":"Webshop","item":"https:\/\/rings4wings.com\/en\/products\/"},{"@type":"ListItem","position":3,"name":"HARD ALUMINIUM &amp; RVS vogelringen bestellen","item":"https:\/\/rings4wings.com\/nl\/aanbod\/gepersonaliseerde-e-z-vogelringen-bestellen-gehard-aluminium-rvs\/"},{"@type":"ListItem","position":4,"name":"HARD aluminium &#038; roestvrij staal vogelringen"}]},{"@type":"WebSite","@id":"https:\/\/rings4wings.com\/nl\/#website","url":"https:\/\/rings4wings.com\/nl\/","name":"Ringe4Fl\u00fcgel","description":"","potentialAction":[{"@type":"SearchAction","target":{"@type":"EntryPoint","urlTemplate":"https:\/\/rings4wings.com\/nl\/?s={search_term_string}"},"query-input":{"@type":"PropertyValueSpecification","valueRequired":true,"valueName":"search_term_string"}}],"inLanguage":"de"}]}},"jetpack_sharing_enabled":true,"_links":{"self":[{"href":"https:\/\/rings4wings.com\/de\/wp-json\/wp\/v2\/product\/12608","targetHints":{"allow":["GET"]}}],"collection":[{"href":"https:\/\/rings4wings.com\/de\/wp-json\/wp\/v2\/product"}],"about":[{"href":"https:\/\/rings4wings.com\/de\/wp-json\/wp\/v2\/types\/product"}],"wp:featuredmedia":[{"embeddable":true,"href":"https:\/\/rings4wings.com\/de\/wp-json\/wp\/v2\/media\/20206"}],"wp:attachment":[{"href":"https:\/\/rings4wings.com\/de\/wp-json\/wp\/v2\/media?parent=12608"}],"wp:term":[{"taxonomy":"product_brand","embeddable":true,"href":"https:\/\/rings4wings.com\/de\/wp-json\/wp\/v2\/product_brand?post=12608"},{"taxonomy":"product_cat","embeddable":true,"href":"https:\/\/rings4wings.com\/de\/wp-json\/wp\/v2\/product_cat?post=12608"},{"taxonomy":"product_tag","embeddable":true,"href":"https:\/\/rings4wings.com\/de\/wp-json\/wp\/v2\/product_tag?post=12608"}],"curies":[{"name":"wp","href":"https:\/\/api.w.org\/{rel}","templated":true}]}}