{"id":1113,"date":"2024-05-01T15:34:28","date_gmt":"2024-05-01T13:34:28","guid":{"rendered":"https:\/\/rings4wings.muskedeer-wip.be\/nl\/?post_type=product&#038;p=1113"},"modified":"2026-01-23T11:16:27","modified_gmt":"2026-01-23T10:16:27","slug":"e-z-markers-elektronische-ringe","status":"publish","type":"product","link":"https:\/\/rings4wings.com\/de\/produkte\/e-z-markierungen\/e-z-markers-elektronische-ringe\/","title":{"rendered":"E-Z Marker f\u00fcr elektronische Ringe (Tauben)"},"content":{"rendered":"<p>Spezifikationen unserer E-Z Marker f\u00fcr elektronische Ringe:<\/p>\n<ul>\n<li>Gr\u00f6\u00dfe: 7 x 22 mm<\/li>\n<li><strong><span style=\"color: red;\">wasser- und temperaturbest\u00e4ndig !<\/span><\/strong><\/li>\n<li>Kompatibel mit allen Marken von elektronischen Ringen.<\/li>\n<li>bei Anwendung der nachstehenden Anweisungen sehr gute Haftung, auch auf Ringen mit gepr\u00e4gten Textmarkierungen.<\/li>\n<\/ul>\n<p>&nbsp;<\/p>\n<p><img fetchpriority=\"high\" decoding=\"async\" class=\"alignnone wp-image-1128 size-full\" src=\"\/wp-content\/uploads\/2024\/08\/Anleitung.webp\" alt=\"\" width=\"588\" height=\"310\" srcset=\"\" sizes=\"(max-width: 588px) 100vw, 588px\" data-srcset=\"\" \/><\/p>","protected":false},"excerpt":{"rendered":"<p>Specificaties van onze E-Z Markers voor elektronische ringen: afmeting: 7 x 22 mm water- en temperatuurbestendig ! compatibel met alle merken van elektronische ringen. mits het toepassen van de instructies hieronder zeer hoge kleefkracht, zelfs op ringen met tekstmarkering in reli\u00ebf. &nbsp;<\/p>","protected":false},"featured_media":1124,"template":"","meta":{"_acf_changed":false,"inline_featured_image":false},"product_brand":[],"product_cat":[25],"product_tag":[],"class_list":{"0":"post-1113","1":"product","2":"type-product","3":"status-publish","4":"has-post-thumbnail","6":"product_cat-e-z-markers","8":"first","9":"instock","10":"taxable","11":"shipping-taxable","12":"purchasable","13":"product-type-simple"},"acf":[],"yoast_head":"<!-- This site is optimized with the Yoast SEO plugin v27.3 - https:\/\/yoast.com\/product\/yoast-seo-wordpress\/ -->\n<title>E-Z Markers voor elektronische ringen (duiven) - Rings4Wings<\/title>\n<meta name=\"description\" content=\"Personaliseer met deze labels of markering jouw elektronische ringen voor vogels of duiven. Water- en temperatuurbestendig, online te bestellen!\" \/>\n<meta name=\"robots\" content=\"index, follow, max-snippet:-1, max-image-preview:large, max-video-preview:-1\" \/>\n<link rel=\"canonical\" href=\"https:\/\/rings4wings.com\/de\/produkte\/e-z-markierungen\/e-z-markers-elektronische-ringe\/\" \/>\n<meta property=\"og:locale\" content=\"de_DE\" \/>\n<meta property=\"og:type\" content=\"article\" \/>\n<meta property=\"og:title\" content=\"E-Z Markers voor elektronische ringen (duiven) - Rings4Wings\" \/>\n<meta property=\"og:description\" content=\"Personaliseer met deze labels of markering jouw elektronische ringen voor vogels of duiven. Water- en temperatuurbestendig, online te bestellen!\" \/>\n<meta property=\"og:url\" content=\"https:\/\/rings4wings.com\/de\/produkte\/e-z-markierungen\/e-z-markers-elektronische-ringe\/\" \/>\n<meta property=\"og:site_name\" content=\"Rings4Wings\" \/>\n<meta property=\"article:modified_time\" content=\"2026-01-23T10:16:27+00:00\" \/>\n<meta property=\"og:image\" content=\"https:\/\/rings4wings.com\/wp-content\/uploads\/2024\/08\/EZ-Marker_hoofdfoto_large.webp\" \/>\n\t<meta property=\"og:image:width\" content=\"480\" \/>\n\t<meta property=\"og:image:height\" content=\"473\" \/>\n\t<meta property=\"og:image:type\" content=\"image\/webp\" \/>\n<meta name=\"twitter:card\" content=\"summary_large_image\" \/>\n<script type=\"application\/ld+json\" class=\"yoast-schema-graph\">{\"@context\":\"https:\\\/\\\/schema.org\",\"@graph\":[{\"@type\":\"WebPage\",\"@id\":\"https:\\\/\\\/rings4wings.com\\\/producten\\\/e-z-markers\\\/e-z-markers-elektronische-ringen\\\/\",\"url\":\"https:\\\/\\\/rings4wings.com\\\/producten\\\/e-z-markers\\\/e-z-markers-elektronische-ringen\\\/\",\"name\":\"E-Z Markers voor elektronische ringen (duiven) - Rings4Wings\",\"isPartOf\":{\"@id\":\"https:\\\/\\\/rings4wings.com\\\/nl\\\/#website\"},\"primaryImageOfPage\":{\"@id\":\"https:\\\/\\\/rings4wings.com\\\/producten\\\/e-z-markers\\\/e-z-markers-elektronische-ringen\\\/#primaryimage\"},\"image\":{\"@id\":\"https:\\\/\\\/rings4wings.com\\\/producten\\\/e-z-markers\\\/e-z-markers-elektronische-ringen\\\/#primaryimage\"},\"thumbnailUrl\":\"https:\\\/\\\/rings4wings.com\\\/wp-content\\\/uploads\\\/2024\\\/08\\\/EZ-Marker_hoofdfoto_large.webp\",\"datePublished\":\"2024-05-01T13:34:28+00:00\",\"dateModified\":\"2026-01-23T10:16:27+00:00\",\"description\":\"Personaliseer met deze labels of markering jouw elektronische ringen voor vogels of duiven. Water- en temperatuurbestendig, online te bestellen!\",\"breadcrumb\":{\"@id\":\"https:\\\/\\\/rings4wings.com\\\/producten\\\/e-z-markers\\\/e-z-markers-elektronische-ringen\\\/#breadcrumb\"},\"inLanguage\":\"de\",\"potentialAction\":[{\"@type\":\"ReadAction\",\"target\":[\"https:\\\/\\\/rings4wings.com\\\/producten\\\/e-z-markers\\\/e-z-markers-elektronische-ringen\\\/\"]}]},{\"@type\":\"ImageObject\",\"inLanguage\":\"de\",\"@id\":\"https:\\\/\\\/rings4wings.com\\\/producten\\\/e-z-markers\\\/e-z-markers-elektronische-ringen\\\/#primaryimage\",\"url\":\"https:\\\/\\\/rings4wings.com\\\/wp-content\\\/uploads\\\/2024\\\/08\\\/EZ-Marker_hoofdfoto_large.webp\",\"contentUrl\":\"https:\\\/\\\/rings4wings.com\\\/wp-content\\\/uploads\\\/2024\\\/08\\\/EZ-Marker_hoofdfoto_large.webp\",\"width\":480,\"height\":473},{\"@type\":\"BreadcrumbList\",\"@id\":\"https:\\\/\\\/rings4wings.com\\\/producten\\\/e-z-markers\\\/e-z-markers-elektronische-ringen\\\/#breadcrumb\",\"itemListElement\":[{\"@type\":\"ListItem\",\"position\":1,\"name\":\"Home\",\"item\":\"https:\\\/\\\/rings4wings.com\\\/nl\\\/\"},{\"@type\":\"ListItem\",\"position\":2,\"name\":\"Webshop\",\"item\":\"https:\\\/\\\/rings4wings.com\\\/en\\\/products\\\/\"},{\"@type\":\"ListItem\",\"position\":3,\"name\":\"E-Z Markers &amp; hulpgereedschap voor chipringen\",\"item\":\"https:\\\/\\\/rings4wings.com\\\/de\\\/angebot\\\/e-z-markierungen\\\/\"},{\"@type\":\"ListItem\",\"position\":4,\"name\":\"E-Z Markers voor elektronische ringen (duiven)\"}]},{\"@type\":\"WebSite\",\"@id\":\"https:\\\/\\\/rings4wings.com\\\/nl\\\/#website\",\"url\":\"https:\\\/\\\/rings4wings.com\\\/nl\\\/\",\"name\":\"Rings4Wings\",\"description\":\"\",\"potentialAction\":[{\"@type\":\"SearchAction\",\"target\":{\"@type\":\"EntryPoint\",\"urlTemplate\":\"https:\\\/\\\/rings4wings.com\\\/nl\\\/?s={search_term_string}\"},\"query-input\":{\"@type\":\"PropertyValueSpecification\",\"valueRequired\":true,\"valueName\":\"search_term_string\"}}],\"inLanguage\":\"de\"}]}<\/script>\n<!-- \/ Yoast SEO plugin. -->","yoast_head_json":{"title":"E-Z Marker f\u00fcr elektronische Ringe (Tauben) - Rings4Wings","description":"Personalisieren Sie Ihre elektronischen Ringe f\u00fcr V\u00f6gel oder Tauben mit diesen Etiketten oder Markern. Wasser- und temperaturbest\u00e4ndig, online bestellen!","robots":{"index":"index","follow":"follow","max-snippet":"max-snippet:-1","max-image-preview":"max-image-preview:large","max-video-preview":"max-video-preview:-1"},"canonical":"https:\/\/rings4wings.com\/de\/produkte\/e-z-markierungen\/e-z-markers-elektronische-ringe\/","og_locale":"de_DE","og_type":"article","og_title":"E-Z Markers voor elektronische ringen (duiven) - Rings4Wings","og_description":"Personaliseer met deze labels of markering jouw elektronische ringen voor vogels of duiven. Water- en temperatuurbestendig, online te bestellen!","og_url":"https:\/\/rings4wings.com\/de\/produkte\/e-z-markierungen\/e-z-markers-elektronische-ringe\/","og_site_name":"Rings4Wings","article_modified_time":"2026-01-23T10:16:27+00:00","og_image":[{"width":480,"height":473,"url":"https:\/\/rings4wings.com\/wp-content\/uploads\/2024\/08\/EZ-Marker_hoofdfoto_large.webp","type":"image\/webp"}],"twitter_card":"summary_large_image","schema":{"@context":"https:\/\/schema.org","@graph":[{"@type":"WebPage","@id":"https:\/\/rings4wings.com\/producten\/e-z-markers\/e-z-markers-elektronische-ringen\/","url":"https:\/\/rings4wings.com\/producten\/e-z-markers\/e-z-markers-elektronische-ringen\/","name":"E-Z Marker f\u00fcr elektronische Ringe (Tauben) - Rings4Wings","isPartOf":{"@id":"https:\/\/rings4wings.com\/nl\/#website"},"primaryImageOfPage":{"@id":"https:\/\/rings4wings.com\/producten\/e-z-markers\/e-z-markers-elektronische-ringen\/#primaryimage"},"image":{"@id":"https:\/\/rings4wings.com\/producten\/e-z-markers\/e-z-markers-elektronische-ringen\/#primaryimage"},"thumbnailUrl":"https:\/\/rings4wings.com\/wp-content\/uploads\/2024\/08\/EZ-Marker_hoofdfoto_large.webp","datePublished":"2024-05-01T13:34:28+00:00","dateModified":"2026-01-23T10:16:27+00:00","description":"Personalisieren Sie Ihre elektronischen Ringe f\u00fcr V\u00f6gel oder Tauben mit diesen Etiketten oder Markern. Wasser- und temperaturbest\u00e4ndig, online bestellen!","breadcrumb":{"@id":"https:\/\/rings4wings.com\/producten\/e-z-markers\/e-z-markers-elektronische-ringen\/#breadcrumb"},"inLanguage":"de","potentialAction":[{"@type":"ReadAction","target":["https:\/\/rings4wings.com\/producten\/e-z-markers\/e-z-markers-elektronische-ringen\/"]}]},{"@type":"ImageObject","inLanguage":"de","@id":"https:\/\/rings4wings.com\/producten\/e-z-markers\/e-z-markers-elektronische-ringen\/#primaryimage","url":"https:\/\/rings4wings.com\/wp-content\/uploads\/2024\/08\/EZ-Marker_hoofdfoto_large.webp","contentUrl":"https:\/\/rings4wings.com\/wp-content\/uploads\/2024\/08\/EZ-Marker_hoofdfoto_large.webp","width":480,"height":473},{"@type":"BreadcrumbList","@id":"https:\/\/rings4wings.com\/producten\/e-z-markers\/e-z-markers-elektronische-ringen\/#breadcrumb","itemListElement":[{"@type":"ListItem","position":1,"name":"Home","item":"https:\/\/rings4wings.com\/nl\/"},{"@type":"ListItem","position":2,"name":"Webshop","item":"https:\/\/rings4wings.com\/en\/products\/"},{"@type":"ListItem","position":3,"name":"E-Z Markers &amp; hulpgereedschap voor chipringen","item":"https:\/\/rings4wings.com\/de\/angebot\/e-z-markierungen\/"},{"@type":"ListItem","position":4,"name":"E-Z Markers voor elektronische ringen (duiven)"}]},{"@type":"WebSite","@id":"https:\/\/rings4wings.com\/nl\/#website","url":"https:\/\/rings4wings.com\/nl\/","name":"Ringe4Fl\u00fcgel","description":"","potentialAction":[{"@type":"SearchAction","target":{"@type":"EntryPoint","urlTemplate":"https:\/\/rings4wings.com\/nl\/?s={search_term_string}"},"query-input":{"@type":"PropertyValueSpecification","valueRequired":true,"valueName":"search_term_string"}}],"inLanguage":"de"}]}},"jetpack_sharing_enabled":true,"_links":{"self":[{"href":"https:\/\/rings4wings.com\/de\/wp-json\/wp\/v2\/product\/1113","targetHints":{"allow":["GET"]}}],"collection":[{"href":"https:\/\/rings4wings.com\/de\/wp-json\/wp\/v2\/product"}],"about":[{"href":"https:\/\/rings4wings.com\/de\/wp-json\/wp\/v2\/types\/product"}],"wp:featuredmedia":[{"embeddable":true,"href":"https:\/\/rings4wings.com\/de\/wp-json\/wp\/v2\/media\/1124"}],"wp:attachment":[{"href":"https:\/\/rings4wings.com\/de\/wp-json\/wp\/v2\/media?parent=1113"}],"wp:term":[{"taxonomy":"product_brand","embeddable":true,"href":"https:\/\/rings4wings.com\/de\/wp-json\/wp\/v2\/product_brand?post=1113"},{"taxonomy":"product_cat","embeddable":true,"href":"https:\/\/rings4wings.com\/de\/wp-json\/wp\/v2\/product_cat?post=1113"},{"taxonomy":"product_tag","embeddable":true,"href":"https:\/\/rings4wings.com\/de\/wp-json\/wp\/v2\/product_tag?post=1113"}],"curies":[{"name":"wp","href":"https:\/\/api.w.org\/{rel}","templated":true}]}}